{"id":6036,"date":"2022-03-07T10:38:24","date_gmt":"2022-03-07T10:38:24","guid":{"rendered":"https:\/\/undrcovrlab.com\/?page_id=6036"},"modified":"2022-12-16T13:42:27","modified_gmt":"2022-12-16T13:42:27","slug":"grow-for-good-spendenaktion-ukraine","status":"publish","type":"page","link":"https:\/\/undrcovrlab.com\/de\/grow-for-good-spendenaktion-ukraine\/","title":{"rendered":"Grow for Good Spendenaktion Ukraine"},"content":{"rendered":"<div class=\"row\"  id=\"row-323640433\">\n\n\t<div id=\"col-1516158736\" class=\"col small-12 large-12\"  >\n\t\t\t\t<div class=\"col-inner\"  >\n\t\t\t\n\t\t\t\n\t\t<\/div>\n\t\t\t\t\t<\/div>\n\n\t\n<\/div>\n\t<div id=\"text-1273892627\" class=\"text\">\n\t\t\n<blockquote><p>AKTION BEENDET- Eine Spende von 1046,62\u20ac wurde an \u00c4rzte ohne Grenze am 16.12.022 \u00fcberwiesen.<\/p><\/blockquote>\n\t\t\n<style>\n#text-1273892627 {\n  text-align: center;\n}\n<\/style>\n\t<\/div>\n\t\n<div class=\"container section-title-container\" ><h3 class=\"section-title section-title-center\"><b aria-hidden=\"true\"><\/b><span class=\"section-title-main\" >Spendenaktion gemeinsamer Erl\u00f6se f\u00fcr Ukraine Hilfe<\/span><b aria-hidden=\"true\"><\/b><\/h3><\/div>\n<p><img loading=\"lazy\" decoding=\"async\" class=\"aligncenter wp-image-6073 size-full\" src=\"https:\/\/undrcovrlab.com\/wp-content\/uploads\/undrcovrlab-Spendenaktion-ukraine.png\" alt=\"Spendenaktion\" width=\"1280\" height=\"680\" srcset=\"https:\/\/undrcovrlab.com\/wp-content\/uploads\/undrcovrlab-Spendenaktion-ukraine.png 1280w, https:\/\/undrcovrlab.com\/wp-content\/uploads\/undrcovrlab-Spendenaktion-ukraine-753x400.png 753w, https:\/\/undrcovrlab.com\/wp-content\/uploads\/undrcovrlab-Spendenaktion-ukraine-768x408.png 768w, https:\/\/undrcovrlab.com\/wp-content\/uploads\/undrcovrlab-Spendenaktion-ukraine-510x271.png 510w\" sizes=\"auto, (max-width: 1280px) 100vw, 1280px\" \/><\/p>\n<h2>Liebe UndrCovrLab Freunde!<\/h2>\n<p>Der Krieg und vor allem das dadurch erzeugte Leid ersch\u00fcttert uns. Privat haben wir schon gespendet, jetzt wollen wir auch als Onlineshop einen gezielten Beitrag leisten. Partner von UndrCovrLab haben sich bereit erkl\u00e4rt ihre Affiliate Einnahmen zu spenden.<\/p>\n<p>Wir sagen prima und doppeln den Betrag auf und spenden an \u00c4rzte ohne Grenzen.<\/p>\n<p><img loading=\"lazy\" decoding=\"async\" class=\"aligncenter size-full wp-image-6113\" src=\"https:\/\/undrcovrlab.com\/wp-content\/uploads\/arzteohnegrenzen_logo.jpg\" alt=\"\u00c4rzte ohne Grenzen\" width=\"416\" height=\"140\" \/><\/p>\n<p>Humanit\u00e4re Hilfe &#8211; medizinisches Personal, Medikamente und chirurgisches Material wird dorthin gebracht, wo es aktuell am dringendsten gebraucht wird.<\/p>\n<p>Hierf\u00fcr m\u00f6chten wir die Aktion so attraktiv wie m\u00f6glich gestalten und geben einen Rabatt in einmaliger H\u00f6he von 30%.<\/p>\n<h2>Die Aktion bezieht sich unser Produkt UndrCovrLab S V3 f\u00fcr welches wir einen Rabattcode von 30% bereitstellen.<\/h2>\n<p>Folgender Rabattcode ist auf 50 St\u00fcck des <a href=\"https:\/\/undrcovrlab.com\/de\/produkt\/undrcovrlab-s-v3-growzelt-im-schrankformat\/\">UndrCovrLab S V3<\/a> begrenzt:<\/p>\n<p><span style=\"font-size: 110%;\">&#8222;<strong>UKR-Rabatt30<\/strong>&#8220; entspricht 53,70\u20ac Rabatt.<\/span><\/p>\n<p><strong>Spendenbooster!<\/strong> Wer den Vollpreis zahlen und damit mehr spenden will, kann einfach ohne Code-Eingabe bestellen. Deine indirekte Spende wird ankommen.<\/p>\n<h3>\u00dcber aufgelaufenen und geleistete Spenden informieren wir hier:<\/h3>\n<p>AKTION BEENDET &#8211; VIELEN DANK AN ALLE KUNDEN UND PARTNER<\/p>\n<p><span style=\"color: #627d47;\"><span style=\"font-size: 120%;\"><strong>WIR HABEN AM 16.12.2022:\u00a0 1046,62 \u20ac AN \u00c4RZTE OHNE GRENZEN GESPENDET<\/strong><\/span><\/span><\/p>\n<p><img loading=\"lazy\" decoding=\"async\" class=\"size-medium wp-image-7873 aligncenter\" src=\"https:\/\/undrcovrlab.com\/wp-content\/uploads\/Spende-Aerzte-ohne-grenze-800x366.png\" alt=\"Wir haben gespendet.\" width=\"800\" height=\"366\" srcset=\"https:\/\/undrcovrlab.com\/wp-content\/uploads\/Spende-Aerzte-ohne-grenze-800x366.png 800w, https:\/\/undrcovrlab.com\/wp-content\/uploads\/Spende-Aerzte-ohne-grenze-1400x640.png 1400w, https:\/\/undrcovrlab.com\/wp-content\/uploads\/Spende-Aerzte-ohne-grenze-768x351.png 768w, https:\/\/undrcovrlab.com\/wp-content\/uploads\/Spende-Aerzte-ohne-grenze-1536x702.png 1536w, https:\/\/undrcovrlab.com\/wp-content\/uploads\/Spende-Aerzte-ohne-grenze-510x233.png 510w, https:\/\/undrcovrlab.com\/wp-content\/uploads\/Spende-Aerzte-ohne-grenze.png 1694w\" sizes=\"auto, (max-width: 800px) 100vw, 800px\" \/><\/p>\n<h3><strong>Wie funktioniert es:<\/strong><\/h3>\n<ol>\n<li style=\"list-style-type: none;\">\n<ol>\n<li>Kopiere den Gutscheincode <span style=\"font-size: 110%;\"><strong>UKR-Rabatt30<\/strong><\/span><\/li>\n<li>Lege das Produkt <a href=\"https:\/\/undrcovrlab.com\/de\/produkt\/undrcovrlab-s-v3-growzelt-im-schrankformat\/\">UndrCovrLab S<\/a> in den Warenkorb<\/li>\n<li>Gehe zum Einkaufswagen und aktiviere den Code im Gutscheinfeld<\/li>\n<li>Gehe zur Kasse\/Checkout und schlie\u00dfe die Bestellung ab.<\/li>\n<\/ol>\n<\/li>\n<\/ol>\n<p>Eine Spendenquittung f\u00fcr K\u00e4ufer kann nicht ausgestellt werden.<\/p>\n<p><strong>Vielen Dank,<br \/>\n<\/strong><strong>Flo von UndrCovrLab.com und Affiliate-Partner!<\/strong><\/p>\n\t\n  \n    <div id=\"product-grid-2039286616\" class=\" equalize-box slider slider-auto-height row-collapse slider-nav-reveal\" data-flickity-options='{&quot;imagesLoaded&quot;: true, &quot;dragThreshold&quot; : 5, &quot;cellAlign&quot;: &quot;left&quot;,&quot;wrapAround&quot;: true,&quot;prevNextButtons&quot;: true,&quot;percentPosition&quot;: true,&quot;pageDots&quot;: false, &quot;rightToLeft&quot;: false, &quot;autoPlay&quot; : false}'>\n\n  \n\t     <div class=\"col\" >\n\t\t\t\t\t\t<div class=\"col-inner\">\n\t\t\t\t\t\t\n<div class=\"badge-container absolute left top z-1\">\n<div class=\"callout badge badge-circle\"><div class=\"badge-inner secondary on-sale\"><span class=\"onsale\">Angebot!<\/span><\/div><\/div>\n<\/div>\n\t\t\t\t\t\t<div class=\"product-small box has-hover box-vertical box-text-bottom\">\n\t\t\t\t\t\t\t<div class=\"box-image\" >\n\t\t\t\t\t\t\t\t<div class=\"\" >\n\t\t\t\t\t\t\t\t\t<a href=\"https:\/\/undrcovrlab.com\/de\/produkt\/undrcovrlab-s-stealth-growzelt\/\" aria-label=\"UndrCovrLab S | Growzelt im Schrankformat | Stealth Growbox 74x45x165cm*\">\n\t\t\t\t\t\t\t\t\t\t<img loading=\"lazy\" decoding=\"async\" width=\"510\" height=\"510\" src=\"https:\/\/undrcovrlab.com\/wp-content\/uploads\/stealth-grow-tent-rakkestad-wardrobe-undrcovrlab-s-510x510.jpg\" class=\"attachment-woocommerce_thumbnail size-woocommerce_thumbnail\" alt=\"Stealth Grow Tent - Rakkestad UndrCovrLab S\" srcset=\"https:\/\/undrcovrlab.com\/wp-content\/uploads\/stealth-grow-tent-rakkestad-wardrobe-undrcovrlab-s-510x510.jpg 510w, https:\/\/undrcovrlab.com\/wp-content\/uploads\/stealth-grow-tent-rakkestad-wardrobe-undrcovrlab-s-400x400.jpg 400w, https:\/\/undrcovrlab.com\/wp-content\/uploads\/stealth-grow-tent-rakkestad-wardrobe-undrcovrlab-s-800x800.jpg 800w, https:\/\/undrcovrlab.com\/wp-content\/uploads\/stealth-grow-tent-rakkestad-wardrobe-undrcovrlab-s-300x300.jpg 300w, https:\/\/undrcovrlab.com\/wp-content\/uploads\/stealth-grow-tent-rakkestad-wardrobe-undrcovrlab-s-768x768.jpg 768w, https:\/\/undrcovrlab.com\/wp-content\/uploads\/stealth-grow-tent-rakkestad-wardrobe-undrcovrlab-s-1536x1536.jpg 1536w, https:\/\/undrcovrlab.com\/wp-content\/uploads\/stealth-grow-tent-rakkestad-wardrobe-undrcovrlab-s-100x100.jpg 100w, https:\/\/undrcovrlab.com\/wp-content\/uploads\/stealth-grow-tent-rakkestad-wardrobe-undrcovrlab-s.jpg 924w\" sizes=\"auto, (max-width: 510px) 100vw, 510px\" \/>\t\t\t\t\t\t\t\t\t<\/a>\n\t\t\t\t\t\t\t\t\t\t\t\t\t\t\t\t\t\t \t\t\t\t\t\t\t\t<\/div>\n\t\t\t\t\t\t\t\t<div class=\"image-tools top right show-on-hover\">\n\t\t\t\t\t\t\t\t\t\t\t\t\t\t\t\t\t<\/div>\n\t\t\t\t\t\t\t\t\t\t\t\t\t\t\t\t\t<div class=\"image-tools grid-tools text-center hide-for-small bottom hover-slide-in show-on-hover\">\n\t\t\t\t\t\t\t\t\t\t\t\t\t\t\t\t\t\t\t<\/div>\n\t\t\t\t\t\t\t\t\t\t\t\t\t\t\t\t\t\t\t\t\t\t\t<\/div>\n\n\t\t\t\t\t\t\t<div class=\"box-text text-center\" >\n\t\t\t\t\t\t\t\t<div class=\"title-wrapper\"><p class=\"name product-title woocommerce-loop-product__title\"><a href=\"https:\/\/undrcovrlab.com\/de\/produkt\/undrcovrlab-s-stealth-growzelt\/\" class=\"woocommerce-LoopProduct-link woocommerce-loop-product__link\">UndrCovrLab S | Growzelt im Schrankformat | Stealth Growbox 74x45x165cm*<\/a><\/p><\/div><div class=\"price-wrapper\"><div class=\"star-rating star-rating--inline\" role=\"img\" aria-label=\"Bewertet mit 4.88 von 5\"><span style=\"width:97.6%\">Bewertet mit <strong class=\"rating\">4.88<\/strong> von 5<\/span><\/div><p class=\"wc-gzd-additional-info wc-gzd-additional-info-loop wc-gzd-rating-authenticity-status is-unverified\">\n\t<a href=\"https:\/\/undrcovrlab.com\/review-authenticity\/\" target=\"_blank\">Unverified overall ratings<\/a><\/p>\n\n\t<span class=\"price\"><del aria-hidden=\"true\"><span class=\"woocommerce-Price-amount amount\"><bdi>179,00&nbsp;<span class=\"woocommerce-Price-currencySymbol\">&euro;<\/span><\/bdi><\/span><\/del> <span class=\"screen-reader-text\">Urspr\u00fcnglicher Preis war: 179,00&nbsp;&euro;<\/span><ins aria-hidden=\"true\"><span class=\"woocommerce-Price-amount amount\"><bdi>149,00&nbsp;<span class=\"woocommerce-Price-currencySymbol\">&euro;<\/span><\/bdi><\/span><\/ins><span class=\"screen-reader-text\">Aktueller Preis ist: 149,00&nbsp;&euro;.<\/span><\/span>\n\n\n<\/div><a href=\"https:\/\/undrcovrlab.com\/de\/produkt\/undrcovrlab-s-stealth-growzelt\/\" class=\"button product_type_simple\">Details<\/a>\t<span id=\"woocommerce_loop_add_to_cart_link_describedby_1269\" class=\"screen-reader-text\">\n\t\t\t<\/span>\n\t\t\t\t\t\t\t<\/div>\n\t\t\t\t\t\t<\/div>\n\t\t\t\t\t\t<\/div>\n\t\t\t\t\t<\/div><\/div>\n","protected":false},"excerpt":{"rendered":"<p>Liebe UndrCovrLab Freunde! Der Krieg und vor allem das dadurch erzeugte Leid ersch\u00fcttert uns. Privat haben wir schon gespendet, jetzt wollen wir auch als Onlineshop einen gezielten Beitrag leisten. Partner von UndrCovrLab haben sich bereit erkl\u00e4rt ihre Affiliate Einnahmen zu spenden. Wir sagen prima und doppeln den Betrag auf und spenden an \u00c4rzte ohne Grenzen. [&#8230;]\n","protected":false},"author":10,"featured_media":0,"parent":0,"menu_order":0,"comment_status":"closed","ping_status":"closed","template":"page-right-sidebar.php","meta":{"footnotes":""},"class_list":["post-6036","page","type-page","status-publish","hentry"],"_links":{"self":[{"href":"https:\/\/undrcovrlab.com\/de\/wp-json\/wp\/v2\/pages\/6036","targetHints":{"allow":["GET"]}}],"collection":[{"href":"https:\/\/undrcovrlab.com\/de\/wp-json\/wp\/v2\/pages"}],"about":[{"href":"https:\/\/undrcovrlab.com\/de\/wp-json\/wp\/v2\/types\/page"}],"author":[{"embeddable":true,"href":"https:\/\/undrcovrlab.com\/de\/wp-json\/wp\/v2\/users\/10"}],"replies":[{"embeddable":true,"href":"https:\/\/undrcovrlab.com\/de\/wp-json\/wp\/v2\/comments?post=6036"}],"version-history":[{"count":0,"href":"https:\/\/undrcovrlab.com\/de\/wp-json\/wp\/v2\/pages\/6036\/revisions"}],"wp:attachment":[{"href":"https:\/\/undrcovrlab.com\/de\/wp-json\/wp\/v2\/media?parent=6036"}],"curies":[{"name":"wp","href":"https:\/\/api.w.org\/{rel}","templated":true}]}}