{"id":6224,"date":"2022-05-13T12:06:02","date_gmt":"2022-05-13T12:06:02","guid":{"rendered":"https:\/\/undrcovrlab.com\/rueckgaberichtlinie\/"},"modified":"2023-03-14T10:11:38","modified_gmt":"2023-03-14T10:11:38","slug":"rueckgaberichtlinie","status":"publish","type":"page","link":"https:\/\/undrcovrlab.com\/de\/rueckgaberichtlinie\/","title":{"rendered":"R\u00fcckgaberichtlinie"},"content":{"rendered":"\r\n\r\n\r\n\r\n\r\n<p>Unsere Erstattungs- und R\u00fcckgabebestimmungen gelten 100 Tage lang! Wenn 100 Tage seit Ihrem Kauf vergangen sind, k\u00f6nnen wir Ihnen keine volle R\u00fcckerstattung oder Umtausch anbieten.<\/p>\r\n\r\n\r\n\r\n<p>Um f\u00fcr eine R\u00fcckgabe in Frage zu kommen, muss Ihr Artikel unbenutzt sein und sich in demselben Zustand befinden, in dem Sie ihn erhalten haben. Au\u00dferdem muss er in der Originalverpackung sein.<\/p>\r\n\r\n\r\n\r\n\r\n\r\n<p>Um Ihre R\u00fccksendung abzuschlie\u00dfen, ben\u00f6tigen wir eine Quittung oder einen Kaufbeleg. Bitte bewahren Sie Ihre Best\u00e4tigungs-E-Mail oder Rechnung auf.<\/p>\r\n\r\n\r\n\r\n<p>Bitte senden Sie Ihre Bestellung nicht an unseren Fulfillment-Partner zur\u00fcck. Nehmen Sie Kontakt mit uns auf, um eine R\u00fccksendeadresse zu erhalten.<\/p>\r\n\r\n\r\n\r\n<p>Es gibt bestimmte Situationen, in denen nur Teilerstattungen gew\u00e4hrt werden:<\/p>\r\n\r\n\r\n\r\n<ul class=\"wp-block-list\">\r\n<li>Jeder Artikel, der sich nicht im Originalzustand befindet, besch\u00e4digt ist oder Teile fehlen, die nicht auf unseren Fehler zur\u00fcckzuf\u00fchren sind.<\/li>\r\n<li>Jeder Artikel, der mehr als 100 Tage nach der Lieferung zur\u00fcckgegeben wird<\/li>\r\n<\/ul>\r\n\r\n\r\n\r\n<h3>R\u00fcckerstattung<\/h3>\r\n\r\n\r\n\r\n<p>Sobald wir Ihre R\u00fccksendung erhalten und gepr\u00fcft haben, senden wir Ihnen eine E-Mail, um Sie zu benachrichtigen, dass wir Ihren zur\u00fcckgesandten Artikel erhalten haben.<\/p>\r\n<p>Wir werden Sie auch \u00fcber die Genehmigung oder Ablehnung Ihrer Erstattung informieren.<\/p>\r\n\r\n\r\n\r\n<p>Wenn Sie genehmigt werden, wird Ihre R\u00fcckerstattung bearbeitet und eine Gutschrift wird automatisch innerhalb einer bestimmten Anzahl von Tagen auf die urspr\u00fcngliche Zahlungsmethode angewendet.<\/p>\r\n\r\n\r\n\r\n<p>Versp\u00e4tete R\u00fcckzahlungen<\/p>\r\n\r\n\r\n\r\n<p>Wenn Sie noch keine R\u00fcckerstattung erhalten haben, pr\u00fcfen zun\u00e4chst das Konto der Zahlungsmethode..<\/p>\r\n\r\n\r\n\r\n<p>Sollte wider erwarten keine R\u00fcckerstattung erfolgt sein, bitte kontaktieren Sie uns.<\/p>\r\n\r\n\r\n\r\n<p>Wenden Sie sich dann an Ihre Bank. Oft dauert es einige Zeit, bis eine Erstattung verbucht wird. Ab Best\u00e4tigung der R\u00fcckerstattung 2-3 Werktage.<\/p>\r\n\r\n\r\n\r\n<p>Wenn Sie all dies getan haben und Ihre R\u00fcckerstattung immer noch nicht erhalten haben, kontaktieren Sie uns per Email.<\/p>\r\n\r\n\r\n\r\n<p>Rabattaktionen und Gutscheine<\/p>\r\n\r\n\r\n\r\n<p>Nur Artikel zum regul\u00e4ren Preis k\u00f6nnen innerhalb von 100 Tagen zur\u00fcckerstattet werden. Rabattierte Artikel werden bis zu 30 Tage zur\u00fcckerstattet. Die gilt auch f\u00fcr die Anwendung von Gutscheincodes die z.B. \u00fcber Affiliates\/Partnerwebseiten zur Verf\u00fcgung gestellt werden.<\/p>\r\n\r\n\r\n\r\n<h3>Umtausch \/ Austausch \/ Ersatz<\/h3>\r\n\r\n\r\n\r\n<p>Wir ersetzen nur Artikel, wenn sie defekt oder besch\u00e4digt sind. Wenn Sie es f\u00fcr den gleichen Artikel umtauschen m\u00fcssen, kontaktieren Sie uns zuerst &#8211; Sie erhalten ein kostenloses R\u00fccksendeetikett abh\u00e4ngig von unseren R\u00fcckgaberichtlinien.<\/p>\r\n\r\n\r\n\r\n\r\n\r\n<h3>R\u00fccksendung<\/h3>\r\n\r\n\r\n\r\n<p>Um Ihr Produkt zur\u00fcckzusenden, sollten Sie zuerst mailen, damit wir Ihr Produkt erwarten und dann zur\u00fccksenden an: Florian Wolf, Klingerstr. 36, 81369 M\u00fcnchen DEUTSCHLAND<\/p>\r\n\r\n\r\n\r\n<p>Sie m\u00fcssen die Versandkosten f\u00fcr die R\u00fccksendung Ihres Artikels selbst tragen. Die Versandkosten sind nicht erstattungsf\u00e4hig.<\/p>\r\n<p>Wenn wir Ihnen ein R\u00fccksendeetikett von DHL oder DPD senden, werden die Kosten f\u00fcr die R\u00fccksendung von Ihrer Erstattung abgezogen, mindestens 6,90\u20ac.<\/p>\r\n\r\n\r\n\r\n<p>Je nachdem, wo Sie wohnen, kann es unterschiedlich lange dauern, bis Ihr ausgetauschtes Produkt bei Ihnen eintrifft.<\/p>\r\n\r\n\r\n\r\n<p>Wenn Sie teurere Artikel zur\u00fccksenden, sollten Sie einen verfolgbaren Versanddienst nutzen oder eine Versandversicherung abschlie\u00dfen. Wir garantieren nicht, dass wir Ihren zur\u00fcckgesandten Artikel erhalten.<\/p>\r\n\r\n\r\n\r\n<h3>Weitere Hilfe notwendig?<\/h3>\r\n\r\n\r\n\r\n<p>Kontaktieren Sie uns! Sie k\u00f6nnen auch auf Ihre Best\u00e4tigungs- oder Rechnungsmail antworten.<\/p>\r\n","protected":false},"excerpt":{"rendered":"<p>Unsere Erstattungs- und R\u00fcckgabebestimmungen gelten 100 Tage lang! Wenn 100 Tage seit Ihrem Kauf vergangen sind, k\u00f6nnen wir Ihnen keine volle R\u00fcckerstattung oder Umtausch anbieten. Um f\u00fcr eine R\u00fcckgabe in Frage zu kommen, muss Ihr Artikel unbenutzt sein und sich in demselben Zustand befinden, in dem Sie ihn erhalten haben. Au\u00dferdem muss er in der [&#8230;]\n","protected":false},"author":1,"featured_media":0,"parent":0,"menu_order":0,"comment_status":"closed","ping_status":"closed","template":"","meta":{"footnotes":""},"class_list":["post-6224","page","type-page","status-publish","hentry"],"_links":{"self":[{"href":"https:\/\/undrcovrlab.com\/de\/wp-json\/wp\/v2\/pages\/6224","targetHints":{"allow":["GET"]}}],"collection":[{"href":"https:\/\/undrcovrlab.com\/de\/wp-json\/wp\/v2\/pages"}],"about":[{"href":"https:\/\/undrcovrlab.com\/de\/wp-json\/wp\/v2\/types\/page"}],"author":[{"embeddable":true,"href":"https:\/\/undrcovrlab.com\/de\/wp-json\/wp\/v2\/users\/1"}],"replies":[{"embeddable":true,"href":"https:\/\/undrcovrlab.com\/de\/wp-json\/wp\/v2\/comments?post=6224"}],"version-history":[{"count":0,"href":"https:\/\/undrcovrlab.com\/de\/wp-json\/wp\/v2\/pages\/6224\/revisions"}],"wp:attachment":[{"href":"https:\/\/undrcovrlab.com\/de\/wp-json\/wp\/v2\/media?parent=6224"}],"curies":[{"name":"wp","href":"https:\/\/api.w.org\/{rel}","templated":true}]}}