{"id":1043,"date":"2019-04-12T08:38:18","date_gmt":"2019-04-12T08:38:18","guid":{"rendered":"https:\/\/undrcovrlab.com\/?post_type=product&#038;p=1043"},"modified":"2024-08-06T13:59:50","modified_gmt":"2024-08-06T13:59:50","slug":"silent-grow-mini-abluftset","status":"publish","type":"product","link":"https:\/\/undrcovrlab.com\/de\/produkt\/silent-grow-mini-abluftset\/","title":{"rendered":"Silent Grow Mini Abluftset | Prima Klima ECO Mini | Dimmer | Phonic-Trap"},"content":{"rendered":"<p>Dieses Silent Mini Abluftset mit <strong>Prima Klima Aktivkohlefilter der Economy Mini Serie<\/strong> eignet sich ideal f\u00fcr die kleine <a href=\"https:\/\/undrcovrlab.com\/de\/k\/growzelt\/\">Stealth Growbox.<\/a><\/p>\n<p>Mit diesem Set erh\u00e4lt man alles, was Sie f\u00fcr eine g\u00fcnstige und leise Abluft im Growraum ben\u00f6tig wird. Das Set enth\u00e4lt einen Steckdosen-Dimmer der manuell auf ca. 60% der L\u00fcfterleistung gedimmt werden kann und einen schalld\u00e4mmenden Phonic-Trap Abluftschlauch.<\/p>\n<p>Das Klimaset kommt <strong>inklusive Dimmer<\/strong> und <strong>schalld\u00e4mmenden<\/strong> Phonic-Trap Abluftschlauch und ist f\u00fcr g\u00fcnstige, leise mini Grows konzipiert.<\/p>\n<h2>Die Produkte des Mini Abluftset im Detail<\/h2>\n<p><strong>Aktivkohlefilter:<\/strong><\/p>\n<p>Der im Set enthaltene Prima Klima ECO-Mini hat in beiden Flanschgr\u00f6\u00dfe eine maximalen Lufstrom von 240 m\u00b3\/h Aktivkohlefilter ist mit 1,7kg CTC80-3 mm Aktivkohlepallets gef\u00fcllt und verf\u00fcgt \u00fcber verschraubte Flansche und Deckel, was einen einfachen Austausch der Aktivkohlepallets erm\u00f6glicht.<\/p>\n<p><strong>Rohrventilator:<\/strong> Der mitgelieferte VENTS Axial Rohrventilator ist kugelgelagert und passt mit \u00f8100mm oder \u00f8125mm Flansch auf den jeweiligen Prima Klima AKF. Der schalld\u00e4mmende Phonic-Trap Abluftschlauch reduziert Abluftger\u00e4usche und ist stein- und glaswollefrei.<\/p>\n<p><strong>Abluftschlauch:<\/strong> Der Lieferumfang des Mini-Abluftsets umfasst den Prima Klima Eco K2600-125 Mini Rohrventilator mit einem \u00f8125mm Flansch und einer maximalen Leistung von 1**m3\/h bei 35dBA, einen 2,5 Meter langen Zuleitungskabel mit EU-Stecker in Wei\u00df sowie einen schalld\u00e4mmenden Phonic-Trap Abluftschlauch mit einer L\u00e4nge von ca. 80cm.<\/p>\n<p><strong>Zubeh\u00f6r:<\/strong> Rohrklemme und Zuleitungskabel mit flachen Eurostecker.<\/p>\n<p>Mit dem Mini Abluftset von Prima Klima k\u00f6nnen Sie sicher sein, dass Ihre Growbox leise und effizient bel\u00fcftet wird. Kaufen Sie noch heute und genie\u00dfe Dein Growerlebnis mit ruhigen Schlaf.<\/p>\n<p>Das Mini Abluftset ist in zwei Varianten bestellbar.<\/p>\n<p>Prima Klima Eco Mini mit unterschiedlichen Flanschgr\u00f6\u00dfen, um den Anforderungen Ihres Growrooms gerecht zu werden.<\/p>\n<p><strong>Variante \u00f8100mm Flansch<\/strong> mit einer maximalen Leistung des Rohrventilators von 105m3\/hr bei 37 dBA.<\/p>\n<p><strong> Variante \u00f8125mm<\/strong> mit einer maximalen Leistung von 185m3\/h bei 38 dBA.<\/p>\n<h3>LIEFERUMFANG Variante \u00f8100mm Anschlussflansch<\/h3>\n<ul>\n<li style=\"font-weight: 400;\"><span style=\"font-weight: 400;\"><a href=\"https:\/\/undrcovrlab.com\/de\/produkt\/prima-klima-eco-k2600-mini\/\">Prima Klima Eco K2600-100 Mini<\/a>\u00a0<\/span><\/li>\n<li style=\"font-weight: 400;\"><span style=\"font-weight: 400;\">Vents Axial Rohrventilator 12 Watt, \u00f8100mm, max.105m3\/h bei 37dBA\u00a0<\/span><\/li>\n<li style=\"font-weight: 400;\"><span style=\"font-weight: 400;\">ca. 2 Meter Zuleitungskabel mit EU-Stecker in wei\u00df<\/span><\/li>\n<li style=\"font-weight: 400;\"><span style=\"font-weight: 400;\">ca. 80cm Phonic-Trap schalld\u00e4mmender Abluftschlauch<\/span><\/li>\n<\/ul>\n<h3>LIEFERUMFANG Variante \u00f8125mm Anschlussflansch<\/h3>\n<ul>\n<li style=\"font-weight: 400;\"><span style=\"font-weight: 400;\"><a href=\"https:\/\/undrcovrlab.com\/de\/produkt\/prima-klima-eco-k2600-mini\/\">Prima Klima Eco K2600-125 Mini<\/a>\u00a0<\/span><\/li>\n<li style=\"font-weight: 400;\"><span style=\"font-weight: 400;\">Vents Axial Rohrventilator 14 Watt, \u00f8125mm, max.185m3\/h bei 38dBA\u00a0<\/span><\/li>\n<li style=\"font-weight: 400;\"><span style=\"font-weight: 400;\">ca. 2 Meter Zuleitungskabel mit EU-Stecker in wei\u00df<\/span><\/li>\n<li style=\"font-weight: 400;\"><span style=\"font-weight: 400;\">ca. 80cm Phonic-Trap schalld\u00e4mmender Abluftschlauch<\/span><\/li>\n<\/ul>\n<h3>AUFBAU &amp; INSTALLATION der Abluft des Grow AKF<\/h3>\n<p><span style=\"font-weight: 400;\">Die Installation dieses Abluft Grow Sets in den von unseren Growboxen ist denkbar einfach. Der Rohrventilator wird auf den Flansch des Aktivkohlefilters aufgesteckt und h\u00e4lt durch Klemmkraft. Der Phonic-Trap Schlauch wird mit der mitgelieferten Rohrklemme befestigt. Der L\u00fcfter ist bis etwa 60% der Maximalleistung dimmbar.<\/span><\/p>\n","protected":false},"excerpt":{"rendered":"<p><span style=\"font-weight: 400;\">\u2705\u00a0 STEALTH GROW OPTIMIERT: Dimmbares L\u00fcftungsset f\u00fcr deutlich leisere Abluft bei mehr als ausreichender Filterleistung inklusive Phonic-Trap!<\/span><\/p>\n<p><span style=\"font-weight: 400;\">\u2705\u00a0 GETESTET &amp; PASSEND f\u00fcr unsere Growzelte UndrCovrLab S &amp; UndrCovrLab M bei einer LED-Lampenleistung von bis zu 200 Watt.<\/span><\/p>\n<p><span style=\"font-weight: 400;\">\u2705\u00a0 QUALIT\u00c4TSVORTEIL: Prima Klima AKF mit max. 240m3\/h Filterleistung und bis zu 12 Monate Lebensdauer. Rohrventilator mit max. 215m3\/h Saugleistung bei 36dB(A) und 5 Jahre Herstellergarantie.\u00a0<\/span><\/p>\n<p><span style=\"font-weight: 400;\">\u2705\u00a0 EINFACHE INSTALLATION: Der Rohrventilator wird auf den Flansch des Rhino Aktivkohlefilter gesteckt und klemmt dort ohne schrauben oder kleben.<\/span><\/p>\n","protected":false},"featured_media":6079,"comment_status":"closed","ping_status":"closed","template":"","meta":[],"product_brand":[],"product_cat":[198],"product_tag":[161,163,164,291],"class_list":{"0":"post-1043","1":"product","2":"type-product","3":"status-publish","4":"has-post-thumbnail","6":"product_cat-luft","7":"product_tag-abluftset","8":"product_tag-aktivkohlefilter","9":"product_tag-grow-akf","10":"product_tag-prima-klima-eco","12":"first","13":"outofstock","14":"taxable","15":"shipping-taxable","16":"purchasable","17":"product-type-variable"},"_links":{"self":[{"href":"https:\/\/undrcovrlab.com\/de\/wp-json\/wp\/v2\/product\/1043","targetHints":{"allow":["GET"]}}],"collection":[{"href":"https:\/\/undrcovrlab.com\/de\/wp-json\/wp\/v2\/product"}],"about":[{"href":"https:\/\/undrcovrlab.com\/de\/wp-json\/wp\/v2\/types\/product"}],"replies":[{"embeddable":true,"href":"https:\/\/undrcovrlab.com\/de\/wp-json\/wp\/v2\/comments?post=1043"}],"wp:featuredmedia":[{"embeddable":true,"href":"https:\/\/undrcovrlab.com\/de\/wp-json\/wp\/v2\/media\/6079"}],"wp:attachment":[{"href":"https:\/\/undrcovrlab.com\/de\/wp-json\/wp\/v2\/media?parent=1043"}],"wp:term":[{"taxonomy":"product_brand","embeddable":true,"href":"https:\/\/undrcovrlab.com\/de\/wp-json\/wp\/v2\/product_brand?post=1043"},{"taxonomy":"product_cat","embeddable":true,"href":"https:\/\/undrcovrlab.com\/de\/wp-json\/wp\/v2\/product_cat?post=1043"},{"taxonomy":"product_tag","embeddable":true,"href":"https:\/\/undrcovrlab.com\/de\/wp-json\/wp\/v2\/product_tag?post=1043"}],"curies":[{"name":"wp","href":"https:\/\/api.w.org\/{rel}","templated":true}]}}