{"id":1269,"date":"2020-04-18T22:19:03","date_gmt":"2020-04-18T22:19:03","guid":{"rendered":"https:\/\/undrcovrlab.com\/?post_type=product&#038;p=1269"},"modified":"2026-05-04T11:35:49","modified_gmt":"2026-05-04T11:35:49","slug":"undrcovrlab-s-stealth-growzelt","status":"publish","type":"product","link":"https:\/\/undrcovrlab.com\/de\/produkt\/undrcovrlab-s-stealth-growzelt\/","title":{"rendered":"UndrCovrLab S | Growzelt im Schrankformat | Stealth Growbox 74x45x165cm*"},"content":{"rendered":"<p>Mit dem UndrCovrLab S l\u00e4sst sich schnell und einfach eine DIY Ikea Growbox umsetzen. Wir erstellen hier kein Growzelt nach Ma\u00df, sondern habe die Ma\u00dfe nach denen du suchst. Das UndrCovrLab S mit Au\u00dfenma\u00dfen von 740x425x1650mm passt dieses Growzelt in folgende<strong> Ikea-Schr\u00e4nke: Aneboda, Rakkestad, Kleppstad, Brimnes, Platsa<\/strong> und jeden gr\u00f6\u00dferen Schrank. F\u00fcr eine PAX Growbox solltest du dir den gro\u00dfen Bruder UndrCovrLab M anschauen.<\/p>\n<p>Als Stealth Growschrank oder auch freistehend als stand alone Growbox nutzbar, passt das UndrCovrLab in viele Wohnnischen oder auf einsamen Fluren. Durch die geringe Tiefe steht es dezent neben anderen M\u00f6beln. Sind wir doch mal Ehrlich, wer hat schon einen Schrank mit 80cm Tiefe zuhause.^^<\/p>\n<h3>PRODUKTDETAILS ZUR UNDRCOVRLAB S Growbox f\u00fcr deinen DIY Ikea Growschrank<\/h3>\n<p><span style=\"font-weight: 400;\">\u2705 <\/span><b>AUF DIE DETAILS KOMMT ES AN:<\/b><span style=\"font-weight: 400;\"> Der Luftauslass im Dach ist so angebracht damit ein Aktivkohlefilter mit aufgestecktem Rohrventilator platzsparend und ohne zus\u00e4tzliche Abluftschl\u00e4uche vertikal installiert werden kann. Unser UndrCovrLab S hat mehr Tubes als anderen Growboxen in dieser Gr\u00f6\u00dfenordnung.\u00a0<\/span><\/p>\n<p><span style=\"font-weight: 400;\">\u2705 <\/span><b>LUFTEINL\u00c4SSE<\/b><span style=\"font-weight: 400;\"> an den Seiten sind auf optimaler H\u00f6he, 30cm vom Boden positioniert. So kommt Frischluft direkt zu deinen Pflanzen und die Abluft l\u00e4sst sich mit den <a href=\"https:\/\/undrcovrlab.com\/de\/k\/luft\/\">UndrCovrLab Abluft-Sets<\/a> direkt aus dem Dach leiten ohne der Lampe wichtigen Platz wegzunehmen. Die Tubes sind dort wo man sie erwartet, stufenlos Verschlie\u00dfbar und mit einem Durchmesser von \u00f8100mm. Wenn das Zelt im Schrankeingebaut wird, dient das Fenster oder der Stutzen auf der R\u00fcckseite als passive Zuluft. Alternativ oder zudem, kann die Schrankseite f\u00fcr weitere Zuluft durchbohrt werden.<\/span><\/p>\n<p><span style=\"font-weight: 400;\">\u2705 <\/span><b>STRAPAZIERF\u00c4HIGE PLANE:<\/b><span style=\"font-weight: 400;\"> Polyestergewebe 600D au\u00dfen und Glossy-White innen, ergeben die h\u00f6chste Qualit\u00e4t und dickste Plane f\u00fcr dein Growzelt. Ger\u00fcche werden durch die extra Dicke Zeltplane optimal zur\u00fcckgehalten. Qualit\u00e4t die f\u00fcr Langlebigkeit steht.<\/span><\/p>\n<p><span style=\"font-weight: 400;\">\u2705 <\/span><b>VERARBEITUNGSQUALIT\u00c4T:<\/b><span style=\"font-weight: 400;\"> Die Ecken sind verst\u00e4rkt und mit Doppeln\u00e4hten versehen. Abgerundete Kunststoff-Eckverbindungselemente halten das Zelt auf Spannung ohne zu rei\u00dfen. Stabiler Stand &#8211; Stand-Alone oder im Schrank. Wasser und vor allem Licht, bleibt dort wo es gebraucht wird, n\u00e4mlich bei deinen Pflanzen.<\/span><\/p>\n<p><span style=\"font-weight: 400;\">\u2705 <\/span><b>WEISSE INNNENBESCHICHTUNG:<\/b><span style=\"font-weight: 400;\"> UndrCovrLabs sind mit einer sog. Glossy-White-Innenbeschichtung ausgestattet. Hierdurch sind sehr hohe PAR-Reflektionswerte mit zus\u00e4tzlichen Vorteilen f\u00fcr die Pflanzen sichergestellt. Pflanzenfreundliches Klima denn, die gl\u00e4nzend Wei\u00dfe Folie diffussiert das reflektierende Licht und absorbiert gleichzeitig die Hitze der Lampen besser, als z.B. silberne Beschichtung.<\/span><\/p>\n<p><span style=\"font-weight: 400;\">\u2705 <\/span><b>Fenster in der T\u00fcr. <\/b>F\u00fcr den t\u00e4glichen Check deiner Pflanzen ohne die T\u00fcr \u00f6ffnen zu m\u00fcssen.<\/p>\n<p><span style=\"font-weight: 400;\">\u2705 <strong>Abermals verbesserter Reissverschluss<\/strong> mit doppelt so breiter innenliegender Lamelle. <\/span><\/p>\n<p><span style=\"font-weight: 400;\">\u2705 <strong>Querstreben<\/strong> auf halber H\u00f6he f\u00fcr Equipment oder Einzug einer zweiten Etage. Weiterhin halten die Querstreben die Plane auch bei starkem Unterdruck nach au\u00dfen und Kabel lassen sich dahinter verlegen und sind aufger\u00e4umt.<\/span><\/p>\n<h3>VERSIONSUPDATE: UndrCovrLab S<\/h3>\n<p><b>\u2705\u00a0 \u00a0NEUE GR\u00d6SSE: <\/b>Nun 74,5cm breit statt 75cm und 42,5cm statt 45cm tief<span style=\"font-weight: 400;\"> &#8211; nachdem Aneboda ausgelaufen ist, haben wir das Design angepasst und unsere Growboxen passen nun einfacher, in viele weitere Kleiderschr\u00e4nke. <\/span><span style=\"font-weight: 400;\">Passend f\u00fcr KLEPPSTAD (79&#215;176 cm), PLATSA (80x55x180 cm), RAKKESTAD (79x176cm) und ANEBODA (80x181cm) und viele mehr.<\/span><\/p>\n<p><b>\u2705\u00a0 FENSTER IN DER T\u00dcR!<\/b><span style=\"font-weight: 400;\"> Es ist nun m\u00f6glich in das innere des Zeltes zu\u00a0 blicken ohne die T\u00fcr \u00f6ffnen zu m\u00fcssen. Transparente PVC-Folie und ein lichtdichter Klettverschluss.<\/span><\/p>\n<p>\u2705\u00a0 <b>LUFTEIN- und AUSLASSSTUTZEN:<\/b><span style=\"font-weight: 400;\"> Jetzt alle mit \u00f8125mm Durchmesser und abermals optimierten Position. AKF-Sets k\u00f6nnen direkt an die Stutzen angeflanscht werden und es bestehen unz\u00e4hlige Anschluss- und Befestigungsm\u00f6glichkeiten im Dachgest\u00e4nge.\u00a0<\/span><\/p>\n<p>\u2705\u00a0 <b>NEUES GESTELL: <\/b>Die neuen <span style=\"font-weight: 400;\">Querstreben bringen gleich mehrere Vorteile: Bei hohem Unterdruck wird die Zeltplane zur\u00fcckgehalten und deinen Pflanzen verbleibt der Platz zum Wachsen. Die drei Streben eignen sich zudem um Ventilatoren, Hygrometer, Lampen etc. zu befestigen. Umbau zur Zweikammer-Growbox: mit einem modifizierten Schrankbrett l\u00e4sst sich das Zelt in zwei Etagen teilen und so der Growspace im Handumdrehen verdoppeln.<\/span><\/p>\n<p>\u2705\u00a0 <b>NEUER REISSVERSCHLUSS! <\/b><span style=\"font-weight: 400;\">Leichtg\u00e4ngiger und leiser.<\/span> <span style=\"font-weight: 400;\">Plus eine vergr\u00f6\u00dferte innenliegenden Lamelle direkt am Rei\u00dfverschluss, verhindert selbst kleinste Lichtausbr\u00fcche und macht die UndrCovrLab Growzelte zu 100% lichtdicht.<\/span><\/p>\n<h3>PRODUKTDATEN UNDRCOVRLAB S<\/h3>\n<ul>\n<li style=\"font-weight: 400;\"><span style=\"font-weight: 400;\">AUSSENMASSE:\u00a0 74,5&#215;42,5&#215;165 cm (Breite x Tiefe x H\u00f6he)\u00a0<\/span><\/li>\n<li style=\"font-weight: 400;\"><span style=\"font-weight: 400;\">GRUNDFL\u00c4CHE: 0,33 m\u00b2<\/span><\/li>\n<li style=\"font-weight: 400;\"><span style=\"font-weight: 400;\">INNENRAUMGR\u00d6\u00dfE: 0,56 m\u00b3<\/span><\/li>\n<li style=\"font-weight: 400;\"><span style=\"font-weight: 400;\">Alle Luftein- und Auslass\u00f6ffnungen oder Kabelkan\u00e4le haben eine Durchmesser von \u2205125mm.<\/span><\/li>\n<li style=\"font-weight: 400;\"><span style=\"font-weight: 400;\">Stabiler Rahmen, bis zu 30 kg belastbar<\/span><\/li>\n<li style=\"font-weight: 400;\"><span style=\"font-weight: 400;\">T\u00fcr mit Fenster an der Vorderseite, die nach links \u00f6ffnet und mit einem Haken an der Au\u00dfenseite befestigt werden kann.\u00a0<\/span><\/li>\n<li style=\"font-weight: 400;\"><span style=\"font-weight: 400;\">Stabiler Rahmen mit bis zu 30kg dauerhafter Traglast im Dach.<\/span><\/li>\n<li style=\"font-weight: 400;\"><span style=\"font-weight: 400;\">Passender, wasserdichter Einlegeboden mit Befestigungsschlingen.<\/span><\/li>\n<\/ul>\n<h3>LIEFERUMFANG:<\/h3>\n<ul>\n<li style=\"font-weight: 400;\"><span style=\"font-weight: 400;\">19 pulverbeschichtete Zeltstangen mit \u220516mm (Durchmesser)<\/span><\/li>\n<li style=\"font-weight: 400;\"><span style=\"font-weight: 400;\">2 Equipmentstangen \u220516mm f\u00fcrs Dach<\/span><\/li>\n<li style=\"font-weight: 400;\"><span style=\"font-weight: 400;\">12 Kunststoff Verbindungselemente<\/span><\/li>\n<li style=\"font-weight: 400;\"><span style=\"font-weight: 400;\">1 Zeltplane<\/span><\/li>\n<li style=\"font-weight: 400;\"><span style=\"font-weight: 400;\">1 Wasserdichter Einlegeboden<\/span><\/li>\n<li style=\"font-weight: 400;\"><span style=\"font-weight: 400;\">2 Nylon Spanngurte<\/span><\/li>\n<li style=\"font-weight: 400;\"><span style=\"font-weight: 400;\">Gewicht: ca. 9 kg<\/span><\/li>\n<\/ul>\n<p>&nbsp;<\/p>\n","protected":false},"excerpt":{"rendered":"<p><span style=\"font-weight: 400;\">\u2705 <\/span><b>DAS<\/b> <b>GROWZELT IM<\/b><span style=\"font-weight: 400;\">\u00a0<\/span><b>SCHRANKFORMAT:<\/b><span style=\"font-weight: 400;\"> UndrCovrLab S Growbox mit 74x45x165cm, verschwindet im Handumdrehen in deinem Schwedenschrank. Durch das originelle Format, passt diese Growzelt in beliebten Kleiderschr\u00e4nke der Schweden.<\/span><\/p>\n<p><span style=\"font-weight: 400;\">\u2705 <\/span><b>UNDERCOVER GROW:<\/b><span style=\"font-weight: 400;\"> Unsichtbar, \u00fcberh\u00f6rbar und durchdacht. Das UndrCovrLab S in Version 4, ist die abermals verbesserte Geheimwaffe f\u00fcr jeden &#8222;Stealth-Grower&#8220;.<\/span><\/p>\n<p><span style=\"font-weight: 400;\">\u2705 <\/span><b>VERARBEITUNGSQUALIT\u00c4T:<\/b><span style=\"font-weight: 400;\"> H\u00f6chste Standards bei allen Materialien. Doppelte N\u00e4hte wo man auch hinsieht. 100% lichtdichter und leiser Reissverschluss. Funktionelles und stabileres Gestell. 600D Polyester-Gewebeplane mit Glossy-White, wei\u00dfer Innenbeschichtung.<\/span><\/p>\n<p>\u2705\u00a0\u00a0<strong>MODELL UPDATE V4: DAS L\u00dcFTUNGSFENSTER AUF DER R\u00dcCKSEITE IST NUN NACH INNEN ZU \u00d6FFNEN. DIE LUFTSTUTZEN IM DACH HABEN NUN \u00d8150MM DURCHMESSER.<br \/>\n<\/strong><strong><span style=\"color: #6fa152;\"><br \/>\nLieferzeit 2-5 Tage nach Zahlungseingang.\u00a0<\/span><\/strong><\/p>\n","protected":false},"featured_media":1919,"comment_status":"open","ping_status":"closed","template":"","meta":[],"product_brand":[],"product_cat":[197],"product_tag":[139],"class_list":{"0":"post-1269","1":"product","2":"type-product","3":"status-publish","4":"has-post-thumbnail","6":"product_cat-growzelt","7":"product_tag-undrcovrlab-s-de","9":"first","10":"instock","11":"sale","12":"featured","13":"taxable","14":"shipping-taxable","15":"purchasable","16":"product-type-simple"},"_links":{"self":[{"href":"https:\/\/undrcovrlab.com\/de\/wp-json\/wp\/v2\/product\/1269","targetHints":{"allow":["GET"]}}],"collection":[{"href":"https:\/\/undrcovrlab.com\/de\/wp-json\/wp\/v2\/product"}],"about":[{"href":"https:\/\/undrcovrlab.com\/de\/wp-json\/wp\/v2\/types\/product"}],"replies":[{"embeddable":true,"href":"https:\/\/undrcovrlab.com\/de\/wp-json\/wp\/v2\/comments?post=1269"}],"wp:featuredmedia":[{"embeddable":true,"href":"https:\/\/undrcovrlab.com\/de\/wp-json\/wp\/v2\/media\/1919"}],"wp:attachment":[{"href":"https:\/\/undrcovrlab.com\/de\/wp-json\/wp\/v2\/media?parent=1269"}],"wp:term":[{"taxonomy":"product_brand","embeddable":true,"href":"https:\/\/undrcovrlab.com\/de\/wp-json\/wp\/v2\/product_brand?post=1269"},{"taxonomy":"product_cat","embeddable":true,"href":"https:\/\/undrcovrlab.com\/de\/wp-json\/wp\/v2\/product_cat?post=1269"},{"taxonomy":"product_tag","embeddable":true,"href":"https:\/\/undrcovrlab.com\/de\/wp-json\/wp\/v2\/product_tag?post=1269"}],"curies":[{"name":"wp","href":"https:\/\/api.w.org\/{rel}","templated":true}]}}