{"id":1287,"date":"2020-04-19T08:46:43","date_gmt":"2020-04-19T08:46:43","guid":{"rendered":"https:\/\/undrcovrlab.com\/?post_type=product&#038;p=1287"},"modified":"2026-03-13T19:45:49","modified_gmt":"2026-03-13T19:45:49","slug":"undrcovrlab-m-growzelt-im-schrankformat","status":"publish","type":"product","link":"https:\/\/undrcovrlab.com\/de\/produkt\/undrcovrlab-m-growzelt-im-schrankformat\/","title":{"rendered":"UndrCovrLab M V5 | PX100 | Growzelt im Schrankformat | Growbox 92x54x189cm"},"content":{"rendered":"<h2>Stealth Grow Box &#8211; UndrCovrLab M hei\u00dft jetzt PX100 und verwandelt deinen IKEA Schrank in einen &#8222;PAX Growschrank&#8220;<\/h2>\n<p><span style=\"font-weight: 400;\">\u2705 <\/span><b>AUF DIE DETAILS KOMMT ES AN: <\/b>UndrCovrLab M hat nicht nur perfekte Au\u00dfenma\u00dfe um in deinem PAX Kleiderschrank Platz zu finden, sondern auch bei der Konzeption und Qualit\u00e4t unserer Growzelte haben wir sehr hohe Anspr\u00fcche und die W\u00fcnsche der Nutzer beachtet. So sind wir bereits bei Version 4 angekommen und haben unsere Growboxen stetig weiterentwickelt.<\/p>\n<p>\u2705 <strong>GROWZELT AU\u00dfENMA\u00df: 92cm breit, <\/strong><span style=\"font-weight: 400;\"><strong>54cm tief, 189cm hoch.<\/strong> Hierdurch passt das <strong>UndrCovrLab M mit 92x54x189cm<\/strong> ohne den Ausbau der T\u00fcrscharniere in den <strong>100x58x201cm PAX Korpus.<\/strong><\/span> Anmerkung: (<strong>Unsere Growzelte stehen auch alle von alleine und der Einbau in einen Schrank ist optional.)<\/strong> <span style=\"font-weight: 400;\">Mit 189 cm H\u00f6he, ist etwas Platz nach oben und der 201er Schrank wird bis zur Decke vollst\u00e4ndig ausgekleidet. Im <strong>PAX 100x58x236cm<\/strong> bleiben rechnerisch 37cm nach oben oder unten. <\/span><\/p>\n<p><span style=\"font-weight: 400;\"><strong>Hinweis:<\/strong> Ein PAX Einlegeboden hat 1,8cm St\u00e4rke und eine max. Belastung von 20kg. Wahlweise kann das Zelt auch auf ein Schrankbrett gestellt werden um zus\u00e4tzlichen Platz f\u00fcr Equipment unter dem Zelt zu erhalten. Hier entsteht Spielraum f\u00fcr Ideen bei der Schallged\u00e4mmten Abluft nach oben. Denkt an die max. Belastung gerade beim Anbau mit <a href=\"https:\/\/undrcovrlab.com\/de\/k\/zubehoer\/\">hydroponischen Zubeh\u00f6r<\/a> mit Wasser. Alles auf eigene Gefahr.\u00a0<\/span><\/p>\n<p><span style=\"font-weight: 400;\">\u2705<strong> LUFTAUSL\u00c4SSE: <\/strong>Diese sind dort angebracht, damit Abluft aus dem Dach oder aus der R\u00fcckwand abgef\u00fchrt werden kann. Dies kann durch die Positionierung der \u00f8150mm Luftausl\u00e4sse sehr sparsam und Diagonal zum Lufteinlass gestaltet werden. <\/span><span style=\"font-weight: 400;\">Abluft-Set Varianten mit bis zu 150mm Durchmesser passen nun ebenso und die Abluft kann Wahlweise durch das Dach oder aus der R\u00fcckwand erfolgen.<\/span><\/p>\n<p><span style=\"font-weight: 400;\">\u2705 <\/span><b>LUFTEINL\u00c4SSE:<\/b><span style=\"font-weight: 400;\"> Mit 125mm Durchmesser an den Seiten und in der R\u00fcckwand sind auf optimaler H\u00f6he, n\u00e4mlich 30cm vom Boden positioniert. Die Tubes sind dort, wo man sie erwartet, stufenlos Verschlie\u00dfbar und alle mit einem Durchmesser von \u00f8125mm. Wenn das Zelt in deinem Schrank eingebaut ist, dient das Fenster oder der Stutzen auf der R\u00fcckseite als passiver Zuluftkanal, hierzu entfernt man entweder gesamte die R\u00fcckwand oder s\u00e4gt mit einer Lochs\u00e4ge (alt. Sticks\u00e4ge) ein passendes Loch. Alternativ oder zus\u00e4tzlich, kann mit einer Lochs\u00e4ge die Schrankseite f\u00fcr weitere Zuluft durchbohrt werden.<\/span><\/p>\n<p><span style=\"font-weight: 400;\">\u2705 <strong>EXTRA STARKE<\/strong><\/span><b>\u00a0PLANE:<\/b><span style=\"font-weight: 400;\"> Wir haben die dicksten Planen, mit Polyestergewebe 600D Oxford au\u00dfen und Glossy-White Innenbeschichtung . H\u00f6chste Qualit\u00e4t und bestens f\u00fcr <a href=\"https:\/\/undrcovrlab.com\/de\/k\/licht\/\">passende LED Grow Lampen<\/a> geeignet. Ger\u00fcche werden durch die extra Dicke Zeltplane nochmals besser zur\u00fcckgehalten, W\u00e4rme wird absorbiert und die Qualit\u00e4t spricht f\u00fcr Langlebigkeit.<\/span><\/p>\n<p><span style=\"font-weight: 400;\">\u2705 <\/span><b>WEISSE INNNENBESCHICHTUNG:<\/b><span style=\"font-weight: 400;\"> UndrCovrLabs sind mit einer sog. Glossy-White-Innenbeschichtung ausgestattet. Hierdurch sind sehr hohe PAR-Reflektionswerte mit zus\u00e4tzlichen Vorteilen f\u00fcr die Pflanzen sichergestellt. Pflanzenfreundliches Klima, denn die gl\u00e4nzend wei\u00dfe Folie diffussiert Licht und absorbiert die Hitze der Lampen besser, als silberne Beschichtung. Gerade auf relativ kleinem Raum ein nicht zu untersch\u00e4tzender Punkt.<\/span><\/p>\n<p>\u2705 <strong>ZELTGEST\u00c4NGE MIT QUERSTREBEN: <\/strong>Die neuen <span style=\"font-weight: 400;\">Querstreben bringen gleich mehrere Vorteile: Bei hohem Unterdruck durch die Abluft wird die Zeltplane zur\u00fcckgehalten und deinen Pflanzen verbleibt der Platz zum Wachsen. Die drei Streben eignen sich zudem ideal dazu Umluft-Ventilatoren, Hygrometer, Lampen oder einen <a href=\"https:\/\/undrcovrlab.com\/de\/produkt\/automatisches-bewasserungssystem-autopot-85\/\">Wassersack f\u00fcr AutoPots<\/a> zu befestigen. <\/span><\/p>\n<p><span style=\"font-weight: 400;\">Das Gest\u00e4nge eignet sich auch als Unterlage f\u00fcr ein modifiziertes Schrankbrett\/Einlegeboden, somit l\u00e4sst sich das Zelt im handumdrehen in eine Growbox mit zwei Etagen und doppelter Grundfl\u00e4che umwandeln.\u00a0<\/span><\/p>\n<p>\u2705<b> REISSVERSCHLUSS: <\/b><span style=\"font-weight: 400;\">Leichtg\u00e4ngiger und leiser Reisverschluss mit<\/span><span style=\"font-weight: 400;\"> einer innenliegenden Lamelle. Hierdurch werden selbst kleinste Lichtausbr\u00fcche verhindert und macht die UndrCovrLab Growzelte zu 100% lichtdicht.<\/span><\/p>\n<p><span style=\"font-weight: 400;\">\u2705 <\/span><b>VERARBEITUNGSQUALIT\u00c4T:<\/b><span style=\"font-weight: 400;\"> H\u00f6chste Standards bei allen Materialien. Ein 100% lichtdichter und leiser Reissverschluss ist da selbstverst\u00e4ndlich. Funktionelles und stabiles Gestell als Stecksystem, ohne Klick-Verbinder, denn diese k\u00f6nnen rosten. Die Ecken der Zeltplane sind mit Planenmaterial verst\u00e4rkt und doppelt gen\u00e4ht.<\/span><\/p>\n<h2>PRODUKTUPDATE 2024: UndrCovrLab M in Version 5 hei\u00dft nun <strong>UndrCovrLab PX100<\/strong><\/h2>\n<p>\u2705 <strong>VERGR\u00d6SSERTE ABLUFT\u00d6FFNUNGEN: <\/strong>Im Dach und auf der R\u00fcckseite (oben) &#8211; jetzt mit \u00f81<strong>75mm Durchmesser<\/strong> (vorher \u00f8150mm). So k\u00f6nnen noch gr\u00f6\u00dfere <a href=\"https:\/\/undrcovrlab.com\/de\/k\/luft\/\">Grow-Abluft Sets<\/a> und <a href=\"https:\/\/undrcovrlab.com\/de\/produkt\/phonic-trap-abluftschlauch\/\">Phonic-Trap, schallisolierende Abluftschl\u00e4uche<\/a> leichter eingebaut werden um ein ger\u00e4uschlosen Betrieb von \u00f8150mm Ventilatoren gew\u00e4hrleisten zu k\u00f6nnen.<\/p>\n<p>\u2705 <strong>VERBESSERTES L\u00dcFTUNGSFENSTER an der R\u00fcckseite: <\/strong>Das mit Klettverschluss stufenlos verschlie\u00dfbare Fenster mit Fliegengitter l\u00e4sst sich nun <strong>nach innen \u00f6ffnen und schlie\u00dfen<\/strong>. So kann in die Schrankwand eine passende \u00d6ffnung ges\u00e4gt oder geschnitten werden und das Fenster als Frischluftzufuhr vom Zeltinneren unkompliziert ge\u00f6ffnet und verschlossen werden.<\/p>\n<h3>PRODUKTDATEN UndrCovrLab M \u2013 V4<\/h3>\n<ul>\n<li style=\"font-weight: 400;\"><span style=\"font-weight: 400;\">AUSSENMASSE:\u00a0 <strong>92x54x189 cm (Breite x Tiefe x H\u00f6he)<\/strong><\/span><\/li>\n<li style=\"font-weight: 400;\"><span style=\"font-weight: 400;\">GRUNDFL\u00c4CHE: <strong>ca. 0,50m\u00b2<\/strong><\/span><\/li>\n<li style=\"font-weight: 400;\"><span style=\"font-weight: 400;\">INNENRAUMGR\u00d6SSE: <strong>0,94m\u00b3<\/strong><\/span><\/li>\n<li style=\"font-weight: 400;\"><span style=\"font-weight: 400;\">Fenster\u00f6ffnung auf der R\u00fcckseite in Gr\u00f6\u00dfe 30x10cm mit Fliegenschutzgitter, durch Klettverschluss stufenlos von innen verschlie\u00dfbar.<\/span><\/li>\n<li style=\"font-weight: 400;\"><span style=\"font-weight: 400;\">T\u00fcr an der Vorderseite, die nach links \u00f6ffnet und mit einem Haken an der Au\u00dfenseite befestigt werden kann.\u00a0<\/span><\/li>\n<li style=\"font-weight: 400;\"><span style=\"font-weight: 400;\">Alle <strong>Lufteinlass-\u00d6ffnungen<\/strong> im unteren Bereich haben einen Durchmesser von \u00f8125mm.<\/span><\/li>\n<li style=\"font-weight: 400;\"><span style=\"font-weight: 400;\"><strong>Abluft-\u00d6ffnungen<\/strong> im oberen Bereich, Dach und R\u00fcckwand haben einen Durchmesser von \u2205150mm.<\/span><\/li>\n<li style=\"font-weight: 400;\"><span style=\"font-weight: 400;\">Stabiler Rahmen mit bis zu 30kg dauerhafter Traglast im Dach.<\/span><\/li>\n<li>Querstreben auf halber h\u00f6he des Zeltes.<\/li>\n<li style=\"font-weight: 400;\"><span style=\"font-weight: 400;\">Wasserdichter Einlegeboden mit Befestigungsschlingen mit 10cm H\u00f6he.<\/span><\/li>\n<\/ul>\n<h3>LIEFERUMFANG:<\/h3>\n<ul>\n<li style=\"font-weight: 400;\"><span style=\"font-weight: 400;\">19 gr\u00fcne pulverbeschichtete Zeltstangen mit \u220516mm Durchmesser<\/span><\/li>\n<li style=\"font-weight: 400;\"><span style=\"font-weight: 400;\">4 Equipment-Stangen \u220516mm Durchmesser<\/span><\/li>\n<li style=\"font-weight: 400;\"><span style=\"font-weight: 400;\">12 Kunststoff Eckverbindungsst\u00fccke<\/span><\/li>\n<li style=\"font-weight: 400;\"><span style=\"font-weight: 400;\">1 Zeltplane in 600D Oxford Qualit\u00e4t und wei\u00dfer Innenbeschichtung<\/span><\/li>\n<li style=\"font-weight: 400;\"><span style=\"font-weight: 400;\">1 wasserdichter Einlegeboden<\/span><\/li>\n<li style=\"font-weight: 400;\"><span style=\"font-weight: 400;\">2 Nylon Spanngurte f\u00fcr Aktivkohlefilter und Ventilator<\/span><\/li>\n<li>Aufbauanleitung<\/li>\n<li style=\"font-weight: 400;\"><span style=\"font-weight: 400;\">Gewicht: ca. 10 kg<\/span><\/li>\n<\/ul>\n<h3><span style=\"font-weight: 400;\">Unter Reviews findest du Produktbewertungen, Kundenstimmen und UndrCovrLab Erfahrung von Schwedengrow Box Nutzern.<\/span><\/h3>\n","protected":false},"excerpt":{"rendered":"<p><span style=\"font-weight: 400;\">\u2705 <\/span><b>UnderCover Stealth<\/b><span style=\"font-weight: 400;\">\u00a0<b>Growzelt im Schrankformat<\/b><\/span><\/p>\n<p><span style=\"font-weight: 400;\">Mit dem UndrCovrLab M jetzt PX100 wird der perfekte Stealth Grow im PAX Kleiderschrank m\u00f6glich.<br \/>\n<\/span><\/p>\n<p><span style=\"font-weight: 400;\">\u2705 <strong>Perfekte Passform in top Qualit\u00e4t<\/strong><\/span><\/p>\n<p>Einsetzbar als <strong>&#8222;Schrank im Schrank&#8220;<\/strong>, aber auch als <strong>eigenst\u00e4ndige Growbox f\u00fcgt sich unser Bestseller in dein Zuhause ein<\/strong>. Sehr einfache Montage. Querstreben f\u00fcr Ger\u00e4te und optionale Montage f\u00fcr zweite Ebene.<\/p>\n<p>Mit der <strong>Grundfl\u00e4che von 92x54cm<\/strong> findet das UndrCovrLab M Platz im PAX Kleiderschrank. Die H\u00f6he von 189cm bietet gen\u00fcgend Raum und kleidet den 201cm hohen PAX komplett aus. In der 236cm hohen PAX-Variante bleiben ca. 37cm Luftraum frei.<\/p>\n<p><span style=\"font-weight: 400;\">\u2705\u00a0 <\/span><strong>Growbox Features f\u00fcr den versteckten Anbau im Kleiderschrank<\/strong><\/p>\n<p>Das L\u00fcftungsfenster auf der R\u00fcckseite l\u00e4sst sich nach innen \u00d6ffnen. Die Abluft\u00f6ffnungen oben haben \u00f8175mm Durchmesser f\u00fcr sehr leise Abluftinstallationen und vieles mehr!<\/p>\n<p><span style=\"color: #7a9c59;\"><b>2-5 Tage Lieferzeit innerhalb der EU.<\/b><\/span><\/p>\n<p>&nbsp;<\/p>\n","protected":false},"featured_media":1462,"comment_status":"open","ping_status":"closed","template":"","meta":[],"product_brand":[],"product_cat":[197],"product_tag":[106],"class_list":{"0":"post-1287","1":"product","2":"type-product","3":"status-publish","4":"has-post-thumbnail","6":"product_cat-growzelt","7":"product_tag-undrcovrlab-m","9":"first","10":"instock","11":"taxable","12":"shipping-taxable","13":"purchasable","14":"product-type-simple"},"_links":{"self":[{"href":"https:\/\/undrcovrlab.com\/de\/wp-json\/wp\/v2\/product\/1287","targetHints":{"allow":["GET"]}}],"collection":[{"href":"https:\/\/undrcovrlab.com\/de\/wp-json\/wp\/v2\/product"}],"about":[{"href":"https:\/\/undrcovrlab.com\/de\/wp-json\/wp\/v2\/types\/product"}],"replies":[{"embeddable":true,"href":"https:\/\/undrcovrlab.com\/de\/wp-json\/wp\/v2\/comments?post=1287"}],"wp:featuredmedia":[{"embeddable":true,"href":"https:\/\/undrcovrlab.com\/de\/wp-json\/wp\/v2\/media\/1462"}],"wp:attachment":[{"href":"https:\/\/undrcovrlab.com\/de\/wp-json\/wp\/v2\/media?parent=1287"}],"wp:term":[{"taxonomy":"product_brand","embeddable":true,"href":"https:\/\/undrcovrlab.com\/de\/wp-json\/wp\/v2\/product_brand?post=1287"},{"taxonomy":"product_cat","embeddable":true,"href":"https:\/\/undrcovrlab.com\/de\/wp-json\/wp\/v2\/product_cat?post=1287"},{"taxonomy":"product_tag","embeddable":true,"href":"https:\/\/undrcovrlab.com\/de\/wp-json\/wp\/v2\/product_tag?post=1287"}],"curies":[{"name":"wp","href":"https:\/\/api.w.org\/{rel}","templated":true}]}}