{"id":1514,"date":"2020-06-17T20:27:21","date_gmt":"2020-06-17T20:27:21","guid":{"rendered":"https:\/\/undrcovrlab.com\/?post_type=product&#038;p=1514"},"modified":"2026-03-27T12:04:59","modified_gmt":"2026-03-27T12:04:59","slug":"mini-growbox-undrcovrlab-xs","status":"publish","type":"product","link":"https:\/\/undrcovrlab.com\/de\/produkt\/mini-growbox-undrcovrlab-xs\/","title":{"rendered":"UndrCovrLab XS | Mini Growbox im Schrankformat | Growzelt 55x32x115cm"},"content":{"rendered":"<p>Hol dir jetzt die Mini Growbox im Schrankformat! Mit dem UndrCovrLab XS kannst du deine Pflanzen unauff\u00e4llig und platzsparend anbauen. Entdecke die vielen Vorteile und Features, die diese Growbox zu bieten hat.<\/p>\n<p>Die UndrCovrLab XS ist eine Mini Stealth Growbox, die in nahezu jeden Kleiderschrank passt. Mit ihren Aussenmassen von 55x32x115cm findet sie sogar im 60x40x120 PLATSA Korpus oder im PAX mit 35 cm Tiefe Platz. So kannst du deine Pflanzen ganz diskret anbauen und musst dir keine Sorgen machen, dass jemand sie entdeckt. Auch in puncto Qualit\u00e4t macht die UndrCovrLab XS Growbox keine Kompromisse.<\/p>\n<p><b>AUF DIE DETAILS KOMMT ES AN: <\/b>Der Luftauslass im Dach ist angebracht, damit ein Aktivkohlefilter mit aufgestecktem Rohrventilator platzsparend und ohne zus\u00e4tzliche Abluftschl\u00e4uche vertikal installiert werden kann. Die Growbox hat mehr Tubes als andere Growboxen in dieser Gr\u00f6\u00dfenordnung.<\/p>\n<p><b>LUFTEINL\u00c4SSE: <\/b>An den Seitenw\u00e4nden sind auf optimaler H\u00f6he Lufteinl\u00e4sse mit einem Durchmesser 100mm positioniert. So kommt Frischluft direkt zu den Pflanzen und die Abluft l\u00e4sst sich mit den UndrCovrLab Abluft-Sets direkt aus dem Dach leiten. Die Tubes sind dort, wo man sie erwartet, stufenlos verschlie\u00dfbar und alle mit einem Durchmesser von \u00f8100mm. Wenn das Zelt im Schrankeingebaut wird, dient das Fenster oder der Stutzen auf der R\u00fcckseite ebenso als passive Zuluft. Alternativ oder zudem kann die Schrankseite f\u00fcr weitere Zuluft durchbohrt werden und \u00fcber einen Aludec schlauch eine einfache und g\u00fcnstige Lichtfalle hergestellt werden.<\/p>\n<p><b>STRAPAZIERF\u00c4HIGE PLANE: <\/b>Das dicke 600D Nylongewebe und die Glossy-White Innenbeschichtung sorgen f\u00fcr optimale Bedingungen und sch\u00fctzen deine Pflanzen vor \u00fcbertriebener Lichtreflektion, denn die unsere wei\u00dfe Innenbeschichtung absorbiert Hitze und diffussiert Licht und PAR-Straheln. Ein Fenster an der Front erm\u00f6glicht es dir, jederzeit einen Blick auf deine Pflanzen zu werfen und sie zu kontrollieren ohne das Ger\u00fcche freigesetzt werden m\u00fcssen.<\/p>\n<p>Die UndrCovrLab XS ist die perfekte L\u00f6sung f\u00fcr alle, die ihre Pflanzen diskret und platzsparend anbauen m\u00f6chten. Mit Au\u00dfenma\u00dfen von 55x32x115 cm passt diese Mini Growbox in fast jeden Kleiderschrank. Egal ob im 60x40x120 PLATSA Korpus oder im PAX mit 35 cm Tiefe, die UndrCovrLab XS findet in nahezu allen Schr\u00e4nken ein gutes Versteck.<\/p>\n<p><b>VERARBEITUNGSQUALIT\u00c4T: <\/b>Das Zelt ist verst\u00e4rkt und mit Doppeln\u00e4hten versehen. Abgerundete Kunststoff-Eckverbindungselemente halten das Zelt auf Spannung ohne zu rei\u00dfen. Stabiler Stand \u2013 Stand-Alone oder im Schrank. Wasser und vor allem Licht, bleibt dort wo es gebraucht wird, n\u00e4mlich bei den Pflanzen. Unsere Zelte sind klein, daf\u00fcr von h\u00f6chster Qualit\u00e4tsstufe.<\/p>\n<h2>MINI GROWZELT &#8211; UndrCovrLab XS<\/h2>\n<ul>\n<li>AUSSENMASSE:\u00a0 55x32x115 cm (Breite x Tiefe x H\u00f6he)<\/li>\n<li>GRUNDFL\u00c4CHE: 0,18 m\u00b2<\/li>\n<li>INNENRAUMGR\u00d6\u00dfE: 0,20 m\u00b3<\/li>\n<li>Alle Luftein- und Auslass\u00f6ffnungen oder Kabelkan\u00e4le haben eine Durchmesser von \u2205100mm.<\/li>\n<li>Stabiler Rahmen, bis zu 20 kg dauerhaft belastbar<\/li>\n<li>T\u00fcr mit Fenster an der Vorderseite, die nach links \u00f6ffnet und mit einem Haken an der Au\u00dfenseite befestigt werden kann.<\/li>\n<li>Wasserdichter Einlegeboden mit Befestigungsschlingen.<\/li>\n<\/ul>\n<h3>LIEFERUMFANG:<\/h3>\n<ul>\n<li>16 pulverbeschichtete Zeltstangen mit \u220516mm (Durchmesser)<\/li>\n<li>2 Equipmentstangen mit \u220516mm im Dach<\/li>\n<li>8 Kunststoff Verbindungselemente<\/li>\n<li>1 Zeltplane<\/li>\n<li>1 Wasserdichter Einlegeboden<\/li>\n<li>2 Nylon Spanngurte<\/li>\n<li>Gewicht: ca. 5,5 kg<\/li>\n<\/ul>\n","protected":false},"excerpt":{"rendered":"<p><b>\u2705\u00a0 DIE MINI GROWBOX IM SCHRANKFORMAT: <\/b>UndrCovrLab XS ist da! Mit Aussenmassen von <strong>55x32x115\u00a0cm<\/strong> passt diese Growbox in so manchen Besenschrank. In den 60x40x120 PLATSA Korpus oder gerne auch im PAX mit 35 cm Tiefe.<\/p>\n<p>\u2705\u00a0 <strong>MINI STEALTH GROW: <\/strong>Das UndrCovrLab XS findet in nahezu allen Kleiderschr\u00e4nken ein gutes Versteck.<\/p>\n<p>\u2705\u00a0<b> KLEIN ABER FEIN: <\/b>Keine Kompromisse bei Qualit\u00e4t. Auch hier steht unser Anspruch. Dickes 600D Nylongewebe und Glossy-White Innenbeschichtung. Fenster an der Front!<\/p>\n<p>\u2705\u00a0<b>KOSTENLOSER VERSAND INNERHALB DEUTSCHLAND! EUROPA 9,90\u20ac<\/b><\/p>\n<p><strong><span style=\"color: #6fa152;\">Lieferzeit 2-5 Tage nach DE &amp; AT.<\/span><\/strong><\/p>\n","protected":false},"featured_media":1566,"comment_status":"open","ping_status":"closed","template":"","meta":[],"product_brand":[],"product_cat":[197],"product_tag":[166],"class_list":{"0":"post-1514","1":"product","2":"type-product","3":"status-publish","4":"has-post-thumbnail","6":"product_cat-growzelt","7":"product_tag-undrcovrlab-xs","9":"first","10":"instock","11":"taxable","12":"shipping-taxable","13":"purchasable","14":"product-type-simple"},"_links":{"self":[{"href":"https:\/\/undrcovrlab.com\/de\/wp-json\/wp\/v2\/product\/1514","targetHints":{"allow":["GET"]}}],"collection":[{"href":"https:\/\/undrcovrlab.com\/de\/wp-json\/wp\/v2\/product"}],"about":[{"href":"https:\/\/undrcovrlab.com\/de\/wp-json\/wp\/v2\/types\/product"}],"replies":[{"embeddable":true,"href":"https:\/\/undrcovrlab.com\/de\/wp-json\/wp\/v2\/comments?post=1514"}],"wp:featuredmedia":[{"embeddable":true,"href":"https:\/\/undrcovrlab.com\/de\/wp-json\/wp\/v2\/media\/1566"}],"wp:attachment":[{"href":"https:\/\/undrcovrlab.com\/de\/wp-json\/wp\/v2\/media?parent=1514"}],"wp:term":[{"taxonomy":"product_brand","embeddable":true,"href":"https:\/\/undrcovrlab.com\/de\/wp-json\/wp\/v2\/product_brand?post=1514"},{"taxonomy":"product_cat","embeddable":true,"href":"https:\/\/undrcovrlab.com\/de\/wp-json\/wp\/v2\/product_cat?post=1514"},{"taxonomy":"product_tag","embeddable":true,"href":"https:\/\/undrcovrlab.com\/de\/wp-json\/wp\/v2\/product_tag?post=1514"}],"curies":[{"name":"wp","href":"https:\/\/api.w.org\/{rel}","templated":true}]}}