{"id":1620,"date":"2020-07-22T10:08:27","date_gmt":"2020-07-22T10:08:27","guid":{"rendered":"https:\/\/undrcovrlab.com\/?post_type=product&#038;p=1620"},"modified":"2026-01-14T16:24:25","modified_gmt":"2026-01-14T16:24:25","slug":"abluftset-can-lite-150-quietline-duo","status":"publish","type":"product","link":"https:\/\/undrcovrlab.com\/de\/produkt\/abluftset-can-lite-150-quietline-duo\/","title":{"rendered":"Abluftset | CAN Lite 150 | Quietline DUO | PhonicTrap"},"content":{"rendered":"<h3><span style=\"font-weight: 400;\">CAN Lite 150mit \u00f8100mm oder \u00f8125mm Anschlussflansch\u00a0<\/span><\/h3>\n<p><span style=\"font-weight: 400;\">Der meistverkaufte Aktivkohle-Filter der Welt. Der <strong>Can-Lite 150<\/strong> ist zudem auch der leichteste seiner Klasse. Denn das Geh\u00e4use besteht Kunstoff und ist mit ca. 2,5 Liter spr\u00f6der Aktivkohle gef\u00fcllt.\u00a0<\/span><\/p>\n<p><span style=\"font-weight: 400;\">Technisch besteht die Filterleistung bei max. 165 m3\/h. Der praktische Filterwert besteht wie der Name es verr\u00e4t bei 150m3\/h. <\/span><\/p>\n<p><span style=\"font-weight: 400;\">Mit dem im Set enthaltenen Quiteline DUO 100\/125 Abluftventilator ergibt sich ein praktischer Abluftwert von ca. 90m3\/h. Das entspricht einen Luftaustausch im UndrCovrLab S mit ca. 0,56m3 von mehr als 160 mal pro Stunde. Die allgemeine Empfehlung liegt bei min. 12 mal pro Stunde bzw. alle 5 Minuten. Also mehr als gen\u00fcgend Abluft- und Filterleistung f\u00fcr einen leisen Grow.\u00a0<\/span><\/p>\n<p><span style=\"font-weight: 400;\">Der in diesem L\u00fcftungsset mitgelieferte 100mm Flansch kann bei verbrauch des Filters weiter genutz werden. Es macht also Sinn, bei CAN Lite zu bleiben, ggf. einen CAN-Lite 150 Ersatzfilter direkt mitbestellen. Die Lebensdauer des Filters ist vom Hersteller auf 18 Monate angegeben. Je nach Einsatz und Verwendung kann diese Angabe stark variieren. Die Luftfeuchtigkeit darf 70% keinesfalls \u00fcbersteigen.<\/span><\/p>\n<h3><span style=\"font-weight: 400;\">QUIETLINE DUO 100mm <\/span><span style=\"font-weight: 400;\">Schallisolierter Rohrventilator mit zwei Geschwindigkeitsstufen<\/span><\/h3>\n<p><span style=\"font-weight: 400;\">Dieser Schallpegel d\u00e4mmende Rohrventilator passt mit mit 100mm Durchmesser in den CAN-Lite 100mm Anschlussflansch.<\/span><\/p>\n<p><span style=\"font-weight: 400;\">Der Ventilator l\u00e4sst sich mit dem zweiadrigen EU-Stecker einfach anschlie\u00dfen. Das Abluftset ist optimal leise verbaut, wenn die Filter-L\u00fcfterkombination h\u00e4ngend, in der Growbox verbaut wird.\u00a0<\/span><\/p>\n<p><span style=\"font-weight: 400;\">Im Set ist eine Moosgummi-Rohrschelle enthalten die den Flansch luftdicht abschlie\u00dft und Vibrationsger\u00e4sche vermeidet. Der beiliegende 1m Aludec-Schlauch passt auf den Filter und kann wahlweise verklebt werden.<\/span><\/p>\n<p><span style=\"font-weight: 400;\">Der von VENTS produzierte Quietline DUO wird direkt am Stromanschluss auf seine Geschwindigkeit einstellen.<br \/>\nStufe 1 &#8211; 75 m<sup>3<\/sup>\/h &#8211; 23 dBA<br \/>\nStufe 2 &#8211; 100 m<sup>3<\/sup>\/h &#8211; 32dBA\u00a0<\/span><\/p>\n<p>Beide Geschwindigkeitsstufen funktionieren f\u00fcr diesen Aktivkohlefilter.<\/p>\n<p><b>LIEFERUMFANG<\/b><span style=\"font-weight: 400;\"> des L\u00fcftungsset.<\/span><\/p>\n<ul>\n<li style=\"font-weight: 400;\"><span style=\"font-weight: 400;\">CAN-Lite 150 Aktivkohlefilter\u00a0<\/span><\/li>\n<li style=\"font-weight: 400;\"><span style=\"font-weight: 400;\">Quiteline 100 max. 100m3\/h bei 25dB (A)<\/span><\/li>\n<li style=\"font-weight: 400;\"><span style=\"font-weight: 400;\">ca. 2 Meter Zuleitung mit EU-Stecker in wei\u00df<\/span><\/li>\n<li style=\"font-weight: 400;\"><span style=\"font-weight: 400;\">ca. 1 Meter Aludec oder Phonic Trap Abluftschlauch\u00a0\u00a0<\/span><\/li>\n<li style=\"font-weight: 400;\"><span style=\"font-weight: 400;\">Moosgummi Rohrschelle<\/span><\/li>\n<\/ul>\n<h3><span style=\"font-weight: 400;\">QUIETLINE DUO 125mm Schallisolierter Rohrventilator mit zwei Geschwindigkeitsstufen<\/span><\/h3>\n<p><span style=\"font-weight: 400;\">Dieser Schallpegel d\u00e4mmende Rohrventilator passt mit \u00f8125mm Durchmesser auf den CAN-Lite 150 Anschlussflansch.<\/span><\/p>\n<p><span style=\"font-weight: 400;\">Schallisoliertem Abluftventilator, ergibt sich idealer Abluftwert von ca. 150 m3\/h. Das entspricht einen Luftaustausch im <a href=\"https:\/\/undrcovrlab.com\/de\/produkt\/undrcovrlab-s-v3-growzelt-im-schrankformat\/\">UndrCovrLab S<\/a> mit ca. 0,56m3 von mehr als 260 mal pro Stunde.<\/span><\/p>\n<p><span style=\"font-weight: 400;\">Der von VENTS produzierte Quietline DUO wird direkt am Stromanschluss auf seine Geschwindigkeit einstellen.<br \/>\nStufe 1 &#8211; 142 m<sup>3<\/sup>\/h &#8211; 29 dBA &#8211; empfohlen f\u00fcr diesen AKF<br \/>\nStufe 2 &#8211; 197 m<sup>3<\/sup>\/h &#8211; 32dBA\u00a0<\/span><\/p>\n<p><span style=\"font-weight: 400;\">Das Abluftset ist optimal leise verbaut, wenn die Filter-L\u00fcfterkombination h\u00e4ngend, in der Growbox verbaut wird.\u00a0<\/span><\/p>\n<p>Option Abluftschlauch. Mit einem zus\u00e4tzlichen Phonic-Trap Akustikschlauch, lassen sich Abluftger\u00e4usche auf ein minimum d\u00e4mpfen.<\/p>\n<h3>LIEFERUMFANG<span style=\"font-weight: 400;\"> des Quietline DUO Abluftset<\/span><\/h3>\n<ul>\n<li style=\"font-weight: 400;\"><span style=\"font-weight: 400;\">CAN-Lite 150 Aktivkohlefilter inkl. \u00f8125mm Flansch<\/span><\/li>\n<li style=\"font-weight: 400;\"><span style=\"font-weight: 400;\">Quiteline DUO 125\u00a0<\/span><\/li>\n<li style=\"font-weight: 400;\"><span style=\"font-weight: 400;\">ca. 2,5 Meter Anschlusskabel mit EU-Stecker\u00a0<\/span><\/li>\n<li style=\"font-weight: 400;\"><span style=\"font-weight: 400;\">Optional: 1 Meter Aludec-Schlauch oder ca. 80cm Phonic-Trap (gegen Aufpreis)<\/span><\/li>\n<li style=\"font-weight: 400;\"><span style=\"font-weight: 400;\">Moosgummi Rohrschelle<\/span><\/li>\n<\/ul>\n<p><b>AUFBAU &amp; INSTALLATION der Abluft des Grow AKF<\/b><\/p>\n<p><span style=\"font-weight: 400;\">Die Installation dieses Abluft Grow Sets in den von unseren Growboxen ist denkbar simpel. Dieses Grow-Abluftset h\u00e4lt vertikal oder horizontal mit den im Lieferumfang der UndrCovrLab Growboxen mitgelieferten Nylon-Zurrgurten.<\/span><\/p>\n<p><span style=\"font-weight: 400;\">Infos zum Aufbau und Inbetriebnahme der Komponenten sind in der <\/span><a href=\"https:\/\/undrcovrlab.com\/wp-content\/uploads\/Aufbauanleitung-Silent-Abluftsets-mit-Quietline-Rohrventilator.pdf\"><span style=\"font-weight: 400;\">Aufbauanleitung f\u00fcr Silent Abluftsets mit Quietline Rohrventilatoren sind hier als PDF zu finden.<\/span><\/a><\/p>\n<p><span style=\"font-weight: 400;\">\u00a0zu finden.<\/span><\/p>\n<p><span style=\"font-weight: 400;\">VERSAND erfolgt inkl. EU-Stecker in neutraler Verpackung.<\/span><\/p>\n","protected":false},"excerpt":{"rendered":"<p><span style=\"font-weight: 400;\">\u2705 SCHLAFZIMMERLAUTST\u00c4RKE: Kaum wahrnehmbare Abluftger\u00e4usche, f\u00fcr Stealth-Grows absolut geeignet.<\/span><\/p>\n<p><span style=\"font-weight: 400;\">\u2705 GETESTET &amp; PASSEND: f\u00fcr alle unsere Growzelte bis UndrCovrLab S. Ideal bei einer max. Lampenleistung von bis zu 150 Watt und einer Zeltgr\u00f6\u00dfe von max. 60x60cm Fl\u00e4che.<\/span><\/p>\n<p><span style=\"font-weight: 400;\">\u2705 AKITVKOHLEFILTER: CAN Lite 150 mit max. 165 m3\/h Filterleistung. Meistverkaufter AKF der Welt mit Mehrwegflansch zum g\u00fcnstigen Filterwechsel.<\/span><\/p>\n<p><span style=\"font-weight: 400;\">\u2705 EINFACHE INSTALLATION: Der Ventilator wird in den 100mm Flansch des CAN-Lite AKF gesteckt und mit der Moosgummi-Rohrklemme verschraubt.<\/span><\/p>\n","protected":false},"featured_media":2124,"comment_status":"open","ping_status":"closed","template":"","meta":[],"product_brand":[],"product_cat":[198],"product_tag":[159,160,161,166,167,168],"class_list":{"0":"post-1620","1":"product","2":"type-product","3":"status-publish","4":"has-post-thumbnail","6":"product_cat-luft","7":"product_tag-undrcovrlab-xxs","8":"product_tag-undrcovrlab-sp","9":"product_tag-abluftset","10":"product_tag-undrcovrlab-xs","11":"product_tag-quiteline-100","12":"product_tag-can-lite-150","14":"first","15":"instock","16":"sale","17":"taxable","18":"shipping-taxable","19":"purchasable","20":"product-type-variable"},"_links":{"self":[{"href":"https:\/\/undrcovrlab.com\/de\/wp-json\/wp\/v2\/product\/1620","targetHints":{"allow":["GET"]}}],"collection":[{"href":"https:\/\/undrcovrlab.com\/de\/wp-json\/wp\/v2\/product"}],"about":[{"href":"https:\/\/undrcovrlab.com\/de\/wp-json\/wp\/v2\/types\/product"}],"replies":[{"embeddable":true,"href":"https:\/\/undrcovrlab.com\/de\/wp-json\/wp\/v2\/comments?post=1620"}],"wp:featuredmedia":[{"embeddable":true,"href":"https:\/\/undrcovrlab.com\/de\/wp-json\/wp\/v2\/media\/2124"}],"wp:attachment":[{"href":"https:\/\/undrcovrlab.com\/de\/wp-json\/wp\/v2\/media?parent=1620"}],"wp:term":[{"taxonomy":"product_brand","embeddable":true,"href":"https:\/\/undrcovrlab.com\/de\/wp-json\/wp\/v2\/product_brand?post=1620"},{"taxonomy":"product_cat","embeddable":true,"href":"https:\/\/undrcovrlab.com\/de\/wp-json\/wp\/v2\/product_cat?post=1620"},{"taxonomy":"product_tag","embeddable":true,"href":"https:\/\/undrcovrlab.com\/de\/wp-json\/wp\/v2\/product_tag?post=1620"}],"curies":[{"name":"wp","href":"https:\/\/api.w.org\/{rel}","templated":true}]}}