{"id":1684,"date":"2020-08-07T09:24:23","date_gmt":"2020-08-07T09:24:23","guid":{"rendered":"https:\/\/undrcovrlab.com\/?post_type=product&#038;p=1684"},"modified":"2026-01-14T16:24:25","modified_gmt":"2026-01-14T16:24:25","slug":"abluftset-prima-klima-quietline","status":"publish","type":"product","link":"https:\/\/undrcovrlab.com\/de\/produkt\/abluftset-prima-klima-quietline\/","title":{"rendered":"Abluftset | Quietline Duo 2-Stufen | Prima Klima Eco 240m3\/h sehr leise 32 dB(A)"},"content":{"rendered":"<h3><span style=\"font-weight: 400;\">Prima Klima Aktivkohlefilter ECO-Serie mit <\/span><span style=\"font-weight: 400;\">240 m3\/h und \u00f8125mm Anschlussflansch\u00a0<\/span><\/h3>\n<p><span style=\"font-weight: 400;\">Auf die Prima Klima Aktivkohle ist verlass. Mit gerade mal 1,9 kg Gesamtgewicht filtert der PK ECO bei einem Airflow von maximal 240 m3\/h und optimal 160 m3\/h genau die richtige Menge Abluft um mit dem Quiteline \u00f8125mm kobiniert zu werden.\u00a0<\/span><\/p>\n<p><span style=\"font-weight: 400;\">Wir empfehlen dieses sehr leise L\u00fcftungsset zum Einsatz im UndrCovrLab M, in welchem mit ca. 0,95 m3 die Luft mehr als 160 mal pro Stunde ausgetauscht wird. Die allgemeine Empfehlung liegt bei min. 12 mal pro Stunde bzw. alle 5 Minuten. Hiermit ist also mehr als gen\u00fcgend Abluft- und Filterleistung f\u00fcr einen trotzdem sehr leisen Grow vorhanden. Selbst ein 20qm Zimmer bei 2,5 Meter Deckenh\u00f6he wird hiermit mehr als dreimal pro Stunde gereinigt. Wenn man also die Box \u00f6ffnet und Ger\u00fcche austreten, sollten nach ca. 30 Minuten keine \u00fcblen Ger\u00fcche mehr vorhanden sein. Zur Frischluftzufuhr \u00fcber ein gekipptes Fenster ist dennoch immer anzuraten.<\/span><\/p>\n<p><span style=\"font-weight: 400;\">Die Lebensdauer des Filters ist vom Hersteller auf 12 Monate angegeben. Je nach Einsatz und Verwendung kann diese Angabe jedoch stark variieren. Die Luftfeuchtigkeit darf 70% keinesfalls \u00fcbersteigen, denn hierdurch wird die Aktivkohle deaktiviert.<\/span><\/p>\n<h3><span style=\"font-weight: 400;\">QUIETLINE \u00f8125mm ROHRVENTILATOR\u00a0 von VENTS 197 m3\/h und 32dB(A)<\/span><\/h3>\n<p><span style=\"font-weight: 400;\">Dieser schallpegel d\u00e4mmende Rohrventilator passt mit 125mm Durchmesser auf den Prima Klima ECO mit 125mm Anschlussflansch.<\/span><\/p>\n<p><span style=\"font-weight: 400;\">Der Ventilator l\u00e4sst sich mit dem zweiadrigen EU-Stecker einfach anschlie\u00dfen. Das Abluftset ist optimal leise verbaut, wenn die Filter- und L\u00fcfterkombination h\u00e4ngend ohne Kontakt zum Zeltgest\u00e4nge verbaut wird.<\/span><\/p>\n<p><span style=\"font-weight: 400;\">Im Set ist des weiteren eine Rohrschelle mit Moosgummieinsatz enthalten, die den Flansch luftdicht abschlie\u00dft und Vibrationsger\u00e4usche unterbindet. Der beiliegende 1m Aludec-Schlauch passt auf den Filter und h\u00e4lt ohne kleben luftdicht auf dem Quietline 125.<\/span><\/p>\n<p><b>LIEFERUMFANG<\/b><span style=\"font-weight: 400;\"> des L\u00fcftungsset.<\/span><\/p>\n<ul>\n<li style=\"font-weight: 400;\"><span style=\"font-weight: 400;\">Prima Klima ECO 240m3\/hr Aktivkohlefilter made in EU<\/span><\/li>\n<li style=\"font-weight: 400;\"><span style=\"font-weight: 400;\">Quietline 125mm mit max. 197 m3\/h und 32dB (A)<\/span><\/li>\n<li style=\"font-weight: 400;\"><span style=\"font-weight: 400;\">2,5 Meter Zuleitung mit EU-Stecker in wei\u00df<\/span><\/li>\n<li style=\"font-weight: 400;\"><span style=\"font-weight: 400;\">1 Meter Aludec-Schlauch\u00a0<\/span><\/li>\n<li style=\"font-weight: 400;\"><span style=\"font-weight: 400;\">Moosgummi Rohrschelle<\/span><\/li>\n<li style=\"font-weight: 400;\"><span style=\"font-weight: 400;\">Aufbauanleitung und Installationshinweise<\/span><\/li>\n<\/ul>\n<p><b>AUFBAU &amp; INSTALLATION der Abluftsets und Grow Aktivkohlefilter<\/b><\/p>\n<p><span style=\"font-weight: 400;\">Eine Aufbauanleitung liegt dem Set bei und ist auch hier zu finden.<\/span><\/p>\n<p><span style=\"font-weight: 400;\">Die Installation dieses L\u00fcftungssets in unseren Growboxen ist denkbar einfach. Der Rohrventilator wird auf den Flansch des Aktivkohlefilters aufgesteckt und durch die Rohrschelle mit Moosgummieinsatz dicht verschraubt. Dieses Abluftset l\u00e4sst sich horizontal h\u00e4ngend optimal im UndrCovrLab M betreiben. Mit dem im Lieferumfang der UndrCovrLab Growboxen mitgelieferten Nylon-Zurrgurten ist die Installation denkbar einfach.<\/span><\/p>\n<p><span style=\"font-weight: 400;\">Weitere Infos zur Inbetriebnahme der Komponenten sind in der Aufbauanleitung und Installationshinweisen zu finden.<\/span><\/p>\n<p><span style=\"font-weight: 400;\">VERSAND erfolgt inkl. EU-Stecker in neutraler Verpackung.<\/span><\/p>\n","protected":false},"excerpt":{"rendered":"<p><span style=\"font-weight: 400;\">\u2705 SCHLAFZIMMERLAUTST\u00c4RKE: Kaum wahrnehmbaren Abluftger\u00e4usch f\u00fcr Stealth-Grows mit sauberer Luft in Wohn- und Schlafzimmern.<\/span><\/p>\n<p><span style=\"font-weight: 400;\">\u2705 GETESTET &amp; PASSEND f\u00fcr alle unsere Growzelte bis UndrCovrLab S. Ideal bei einer max. Lampenleistung von bis zu 150 Watt und einer Zeltgr\u00f6\u00dfe von max. 60x60cm Fl\u00e4che.<\/span><\/p>\n<p><span style=\"font-weight: 400;\">\u2705 AKITVKOHLEFILTER: Prima Klima Eco mit 240m3\/h max. Filterleistung.\u00a0<\/span><\/p>\n<p><span style=\"font-weight: 400;\">\u2705 EINFACHE INSTALLATION: Der Ventilator wird mit Hilfe der Moosgummimanschette verbunden.<\/span><\/p>\n","protected":false},"featured_media":2120,"comment_status":"closed","ping_status":"closed","template":"","meta":[],"product_brand":[],"product_cat":[198],"product_tag":[170,171,161],"class_list":{"0":"post-1684","1":"product","2":"type-product","3":"status-publish","4":"has-post-thumbnail","6":"product_cat-luft","7":"product_tag-quiteline-125","8":"product_tag-prima-klima-240m3-h","9":"product_tag-abluftset","11":"first","12":"outofstock","13":"taxable","14":"shipping-taxable","15":"purchasable","16":"product-type-variable"},"_links":{"self":[{"href":"https:\/\/undrcovrlab.com\/de\/wp-json\/wp\/v2\/product\/1684","targetHints":{"allow":["GET"]}}],"collection":[{"href":"https:\/\/undrcovrlab.com\/de\/wp-json\/wp\/v2\/product"}],"about":[{"href":"https:\/\/undrcovrlab.com\/de\/wp-json\/wp\/v2\/types\/product"}],"replies":[{"embeddable":true,"href":"https:\/\/undrcovrlab.com\/de\/wp-json\/wp\/v2\/comments?post=1684"}],"wp:featuredmedia":[{"embeddable":true,"href":"https:\/\/undrcovrlab.com\/de\/wp-json\/wp\/v2\/media\/2120"}],"wp:attachment":[{"href":"https:\/\/undrcovrlab.com\/de\/wp-json\/wp\/v2\/media?parent=1684"}],"wp:term":[{"taxonomy":"product_brand","embeddable":true,"href":"https:\/\/undrcovrlab.com\/de\/wp-json\/wp\/v2\/product_brand?post=1684"},{"taxonomy":"product_cat","embeddable":true,"href":"https:\/\/undrcovrlab.com\/de\/wp-json\/wp\/v2\/product_cat?post=1684"},{"taxonomy":"product_tag","embeddable":true,"href":"https:\/\/undrcovrlab.com\/de\/wp-json\/wp\/v2\/product_tag?post=1684"}],"curies":[{"name":"wp","href":"https:\/\/api.w.org\/{rel}","templated":true}]}}