{"id":1801,"date":"2020-08-14T12:37:48","date_gmt":"2020-08-14T12:37:48","guid":{"rendered":"https:\/\/undrcovrlab.com\/?post_type=product&#038;p=1801"},"modified":"2024-03-26T08:45:28","modified_gmt":"2024-03-26T08:45:28","slug":"undrcovrlab-xxs-mini-growbox-komplettset","status":"publish","type":"product","link":"https:\/\/undrcovrlab.com\/de\/produkt\/undrcovrlab-xxs-mini-growbox-komplettset\/","title":{"rendered":"UndrCovrLab XXS | Mini Growbox Komplettset | Konfigurator"},"content":{"rendered":"<p>Wenn Du mit dem Gedanken spielst, einen versteckten mini Grow zu starten stelle Dir hier mit dem Mini Growbox Komplettset von UndrCovrLab.<\/p>\n<p>Mit dem Growbox-Komplettset XXS kannst Du Deine Pflanzen auf kleinstem Raum z\u00fcchten. In diesem Artikel erf\u00e4hrst Du alles \u00fcber das Set und die einzelnen Growbox Komponenten.<\/p>\n<h2>Die Komponenten im Detail<\/h2>\n<p>Alle Produkte die Du hier w\u00e4hlen kannst, passen optimal zum Growzelt zusammen.<\/p>\n<p>Es ist auch m\u00f6glich einzelne Komponenten abzuw\u00e4hlen, diese sind dann nicht Teil der Lieferung. Das Zelt ist jedoch vorausgew\u00e4hlt und immer dabei.<\/p>\n<p>Hier bieten wir ein hochwertiges Mini Growbox Komplettset zu reduziertem Prein an. Alle Komponenten sind hochwertig und lassen sich schnell und einfach zusammenbauen. Die Abluft-Leistung der <a href=\"https:\/\/undrcovrlab.com\/de\/k\/luft\/\">L\u00fcftungssets<\/a> passen in jeder Variante zum UndrCovrLab XX und zur Leistung der w\u00e4hlbaren <a href=\"https:\/\/undrcovrlab.com\/de\/k\/licht\/\">LED Pflanzenlampen<\/a>. Bei der Wahl einer Lampe, legen wir Seilratschen deiner Bestellung kostenlos hinzu. Das Growzelt beinhaltet bereits Zurrgurte zur Befestigung des Abluftsets.<\/p>\n<h2>Lieferumfang des Mini Growbox Komplettsets<\/h2>\n<ul>\n<li><a href=\"https:\/\/undrcovrlab.com\/de\/produkt\/undrcovrlab-xxs-micro-growbox\/\">UndrCovrLab XXS mit 75x45x89cm<\/a><\/li>\n<\/ul>\n<h3>Silent Abluftset f\u00fcr kleine Grows<\/h3>\n<ul>\n<li class=\"product-title product_title entry-title\"><a href=\"https:\/\/undrcovrlab.com\/de\/produkt\/abluftset-can-lite-150-quietline-duo\/\">Abluftset CAN Lite 150<\/a> Aktivkohlefilter, Quietline DUO silent Rohventilator<\/li>\n<\/ul>\n<p class=\"product-title product_title entry-title\"><strong>Wahlweise<\/strong> mit schallisolierenden <a href=\"https:\/\/undrcovrlab.com\/de\/produkt\/phonic-trap-abluftschlauch\/\">PhonicTrap-<\/a> oder <strong>Combidec-Abluftschlauch<\/strong><\/p>\n<h3>Hochwertige Grow LED Pflanzenlampe<\/h3>\n<ul>\n<li class=\"product-title product_title entry-title\"><a href=\"https:\/\/undrcovrlab.com\/de\/produkt\/sanlight-q1w-led\/\">SANLIGHT Q1W LED Gen2 | 50 Watt | 2700K<\/a><\/li>\n<\/ul>\n<p><strong>Schreibt uns gerne in den Fragen, welche Abluftsets und Grow-LEDs ihr euch w\u00fcnscht. Nutzt hierzu gerne die Fragefunktion.<\/strong><\/p>\n<h2><\/h2>\n<h2>Alles, was Du f\u00fcr den Start zum mini stealth Grow im Schrank ben\u00f6tigst<\/h2>\n<p>Das UndrCovrLab XXS Mini Growbox Komplettset enth\u00e4lt alles, was Sie ben\u00f6tigen, um sofort mit dem Anbau Ihrer eigenen Pflanzen zu beginnen. Es enth\u00e4lt eine leistungsstarke LED-Lampe, einen leisen L\u00fcfter f\u00fcr eine bessere Luftzirkulation und einen intelligenten Timer f\u00fcr eine automatische Steuerung des Licht- und Luftsystems. Au\u00dferdem enth\u00e4lt es einen effizienten Wasser- und D\u00fcngersystem, damit Ihre Pflanzen immer das beste Wachstumsergebnis erzielen.<\/p>\n<h2>Bei richtiger Anwendung, erstaunliche Resultate<\/h2>\n<p>Das UndrCovrLab XXS Mini Growbox Komplettset ist ideal f\u00fcr Anf\u00e4nger und Grower, die nicht viel Platz f\u00fcr den Indoor-Anbau ihrer Lieblingspflanzen haben. <span style=\"font-size: 14.4px;\">Trotz dieser mini Ausf\u00fchrung einer Growbox, lassen sich bei richtiger Anwendung von SCRO-Techniken erstaunliche Ergebnisse erzielen. Der Abstand zur Lampe kann zur Herausforderung werden, daher sollte das H\u00f6henwachstum der Pflanzen unbedingt kontrolliert werden.<\/span><\/p>\n<p>Bei 89cm H\u00f6he des Zeltes, Pflanzent\u00f6pfe mit 10cm H\u00f6he, ein Abstand von Pflanze zur Lampe von 20cm, bleiben noch knapp 60cm f\u00fcr das Wachstum der Pflanzen \u00fcbrig. Wer die Pflanzen fr\u00fchzeitig beschneidet, trainiert und an ein Scognetz leitet, kann gesunde Pflanzen mit erstaunlichen Ergebnissen ernten.<\/p>\n<p>Das UndrCovrLab XXS ist zudem ideal f\u00fcr die Anzucht von Stecklingen, Keimung von Samen oder den Anbau von Microgreens. Auf einer Grundfl\u00e4che 75x45cm passen ein bis zwei Chilli-Pflanzen bis zur Ernte, in das mini Growbox Komplettset.<\/p>\n<h2><h3 class=\"accordion_title\">Fragen zum Mini Growbox Komplettset<\/h3><div class=\"accordion\"><\/h2>\n\t<div id=\"accordion-384412453\" class=\"accordion-item\">\n\t\t<a id=\"accordion-384412453-label\" class=\"accordion-title plain\" href=\"#accordion-item-ist-das-growbox-set-anf\u00e4nger-geeignet?\" aria-expanded=\"false\" aria-controls=\"accordion-384412453-content\">\n\t\t\t<button class=\"toggle\" aria-label=\"Umschalten\"><i class=\"icon-angle-down\" aria-hidden=\"true\"><\/i><\/button>\n\t\t\t<span>Ist das Growbox Set Anf\u00e4nger geeignet?<\/span>\n\t\t<\/a>\n\t\t<div id=\"accordion-384412453-content\" class=\"accordion-inner\" aria-labelledby=\"accordion-384412453-label\">\n\t\t\t\nJa ist es. Alle Komponenten sind sehr einfach aufzubauen und in Betrieb zu nehmen. Es kommt ohne gro\u00dfe elektronische Steuerungen aus und die Materialien sind robust.<br \/>\n\t\t<\/div>\n\t<\/div>\n\t\n\t<div id=\"accordion-2890003570\" class=\"accordion-item\">\n\t\t<a id=\"accordion-2890003570-label\" class=\"accordion-title plain\" href=\"#accordion-item-welche-pflanzen-k\u00f6nnen-in-diesem-mini-growbox-komplettset-angebaut-werden?-\" aria-expanded=\"false\" aria-controls=\"accordion-2890003570-content\">\n\t\t\t<button class=\"toggle\" aria-label=\"Umschalten\"><i class=\"icon-angle-down\" aria-hidden=\"true\"><\/i><\/button>\n\t\t\t<span>Welche Pflanzen k\u00f6nnen in diesem Mini Growbox Komplettset angebaut werden? <\/span>\n\t\t<\/a>\n\t\t<div id=\"accordion-2890003570-content\" class=\"accordion-inner\" aria-labelledby=\"accordion-2890003570-label\">\n\t\t\t\nDiese Sets sind ideal f\u00fcr den Anbau von Kr\u00e4utern, Gem\u00fcse und Blumen, da sie eine optimale Wachstumsumgebung schaffen und Ihnen die Kontrolle \u00fcber die Bedingungen geben, unter denen die Pflanzen wachsen.<br \/>\n\t\t<\/div>\n\t<\/div>\n\t\n\t<div id=\"accordion-3320867395\" class=\"accordion-item\">\n\t\t<a id=\"accordion-3320867395-label\" class=\"accordion-title plain\" href=\"#accordion-item-welches-werkzeug-wird-f\u00fcr-den-aufbau-ben\u00f6tigt?\" aria-expanded=\"false\" aria-controls=\"accordion-3320867395-content\">\n\t\t\t<button class=\"toggle\" aria-label=\"Umschalten\"><i class=\"icon-angle-down\" aria-hidden=\"true\"><\/i><\/button>\n\t\t\t<span>Welches Werkzeug wird f\u00fcr den Aufbau ben\u00f6tigt?<\/span>\n\t\t<\/a>\n\t\t<div id=\"accordion-3320867395-content\" class=\"accordion-inner\" aria-labelledby=\"accordion-3320867395-label\">\n\t\t\t\nF\u00fcr den Aufbau des Abluftsets, werden zwei Schraubendreher ben\u00f6tigt. Einen kleinen Schlitz-Schraubenzieher f\u00fcr die Verkabelung und einen Kreuz f\u00fcr den Anzug der Moosgummischelle die den Rohventilator am Aktivkohlefilter h\u00e4lt.<br \/>\n\t\t<\/div>\n\t<\/div>\n\t\n\t<div id=\"accordion-3378744087\" class=\"accordion-item\">\n\t\t<a id=\"accordion-3378744087-label\" class=\"accordion-title plain\" href=\"#accordion-item-welches-grow-zubeh\u00f6r-wird-au\u00dferdem-ben\u00f6tigt?\" aria-expanded=\"false\" aria-controls=\"accordion-3378744087-content\">\n\t\t\t<button class=\"toggle\" aria-label=\"Umschalten\"><i class=\"icon-angle-down\" aria-hidden=\"true\"><\/i><\/button>\n\t\t\t<span>Welches Grow-Zubeh\u00f6r wird au\u00dferdem ben\u00f6tigt?<\/span>\n\t\t<\/a>\n\t\t<div id=\"accordion-3378744087-content\" class=\"accordion-inner\" aria-labelledby=\"accordion-3378744087-label\">\n\t\t\t\nSubstrate, Erden, D\u00fcnger oder Samen sind kein Teil dieses Angebots. Hier ist die Auswahl sehr individuell und es kommt darauf an was man anbauen m\u00f6chte.<br \/>\n\t\t<\/div>\n\t<\/div>\n\t\n\t<div id=\"accordion-2038916683\" class=\"accordion-item\">\n\t\t<a id=\"accordion-2038916683-label\" class=\"accordion-title plain\" href=\"#accordion-item-gibt-es-eine-aufbauanleitung\" aria-expanded=\"false\" aria-controls=\"accordion-2038916683-content\">\n\t\t\t<button class=\"toggle\" aria-label=\"Umschalten\"><i class=\"icon-angle-down\" aria-hidden=\"true\"><\/i><\/button>\n\t\t\t<span>Gibt es eine Aufbauanleitung<\/span>\n\t\t<\/a>\n\t\t<div id=\"accordion-2038916683-content\" class=\"accordion-inner\" aria-labelledby=\"accordion-2038916683-label\">\n\t\t\t\nDem Growzelt liegt eine Anleitung bei. Die Anleitung f\u00fcr den Aufbau des L\u00fcftungsset findest du <a href=\"https:\/\/undrcovrlab.com\/wp-content\/uploads\/Aufbauanleitung-Silent-Abluftsets-mit-Quietline-Rohrventilator.pdf\">hier.<\/a><br \/>\n\t\t<\/div>\n\t<\/div>\n\t\n\t<div id=\"accordion-164246142\" class=\"accordion-item\">\n\t\t<a id=\"accordion-164246142-label\" class=\"accordion-title plain\" href=\"#accordion-item-ist-die-lieferng-diskret?\" aria-expanded=\"false\" aria-controls=\"accordion-164246142-content\">\n\t\t\t<button class=\"toggle\" aria-label=\"Umschalten\"><i class=\"icon-angle-down\" aria-hidden=\"true\"><\/i><\/button>\n\t\t\t<span>Ist die Lieferng diskret?<\/span>\n\t\t<\/a>\n\t\t<div id=\"accordion-164246142-content\" class=\"accordion-inner\" aria-labelledby=\"accordion-164246142-label\">\n\t\t\t\nIn den Bildern findest Du eine Beispiel unserer Kartons. Wir haben keinerlei Logos oder Markennamen auf unseren Verpackungen. Der Absender ist mein privater Name.<br \/>\n\t\t<\/div>\n\t<\/div>\n\t\n\t<div id=\"accordion-3785455401\" class=\"accordion-item\">\n\t\t<a id=\"accordion-3785455401-label\" class=\"accordion-title plain\" href=\"#accordion-item-wie-lange-dauert-die-lieferung?\" aria-expanded=\"false\" aria-controls=\"accordion-3785455401-content\">\n\t\t\t<button class=\"toggle\" aria-label=\"Umschalten\"><i class=\"icon-angle-down\" aria-hidden=\"true\"><\/i><\/button>\n\t\t\t<span>Wie lange dauert die Lieferung?<\/span>\n\t\t<\/a>\n\t\t<div id=\"accordion-3785455401-content\" class=\"accordion-inner\" aria-labelledby=\"accordion-3785455401-label\">\n\t\t\t\nNach Zahlungseingang dauert die Lieferung ca. 2-5 Werktage<br \/>\n\t\t<\/div>\n\t<\/div>\n\t\n\t<div id=\"accordion-2908054657\" class=\"accordion-item\">\n\t\t<a id=\"accordion-2908054657-label\" class=\"accordion-title plain\" href=\"#accordion-item-wie-l\u00e4uft-eine-retoure-ab?\" aria-expanded=\"false\" aria-controls=\"accordion-2908054657-content\">\n\t\t\t<button class=\"toggle\" aria-label=\"Umschalten\"><i class=\"icon-angle-down\" aria-hidden=\"true\"><\/i><\/button>\n\t\t\t<span>Wie l\u00e4uft eine Retoure ab?<\/span>\n\t\t<\/a>\n\t\t<div id=\"accordion-2908054657-content\" class=\"accordion-inner\" aria-labelledby=\"accordion-2908054657-label\">\n\t\t\t\nBei nicht gefallen oder anderen Themen kanns du das gesamte Mini Growbox Komplettset zur\u00fccksenden und die bekommst dein Geld zur\u00fcck.<br \/>\nEin teilweiser R\u00fcckversand ist auf grund des reduzierten Preises leider nicht m\u00f6glich.<br \/>\n\t\t<\/div>\n\t<\/div>\n\t\n\t<div id=\"accordion-978882122\" class=\"accordion-item\">\n\t\t<a id=\"accordion-978882122-label\" class=\"accordion-title plain\" href=\"#accordion-item-ist-das-growbox-komplettset-led-g\u00fcnstig?\" aria-expanded=\"false\" aria-controls=\"accordion-978882122-content\">\n\t\t\t<button class=\"toggle\" aria-label=\"Umschalten\"><i class=\"icon-angle-down\" aria-hidden=\"true\"><\/i><\/button>\n\t\t\t<span>Ist das Growbox Komplettset Led g\u00fcnstig?<\/span>\n\t\t<\/a>\n\t\t<div id=\"accordion-978882122-content\" class=\"accordion-inner\" aria-labelledby=\"accordion-978882122-label\">\n\t\t\t\nWir finden ja. Du erh\u00e4ltst hier ausschlie\u00dflich hochwertige Komponenten f\u00fcr einen stealth Grow im Kleiderschrank die du so sonst nirgendwo findest.<br \/>\n\t\t<\/div>\n\t<\/div>\n\t\n\t<div id=\"accordion-1310615943\" class=\"accordion-item\">\n\t\t<a id=\"accordion-1310615943-label\" class=\"accordion-title plain\" href=\"#accordion-item-wo-finde-ich-passendes-grow-zubeh\u00f6r?\" aria-expanded=\"false\" aria-controls=\"accordion-1310615943-content\">\n\t\t\t<button class=\"toggle\" aria-label=\"Umschalten\"><i class=\"icon-angle-down\" aria-hidden=\"true\"><\/i><\/button>\n\t\t\t<span>Wo finde ich passendes Grow Zubeh\u00f6r?<\/span>\n\t\t<\/a>\n\t\t<div id=\"accordion-1310615943-content\" class=\"accordion-inner\" aria-labelledby=\"accordion-1310615943-label\">\n\t\t\t\nFalls du hydroponisch oder in Autopots anbauen willst findest du passende Produkte in unserer Kategorie <a href=\"https:\/\/undrcovrlab.com\/de\/k\/zubehoer\/\">Grow Zubeh\u00f6r<\/a>.<br \/>\n\t\t<\/div>\n\t<\/div>\n\t\n<\/div>\n<h2>UndrCovrLab XXS im Vergleich zu anderen Mini Growboxen<\/h2>\n<p>Im Vergleich zu einer Mini Growbox 40x40x120cm (0,16m\u00b2) oder Mini Growbox 30x30x60cm (0,09m\u00b2) hat man mit der Grundfl\u00e4che von 75x45cm (0,34m\u00b2) doppelt oder sogar dreimal so viel Platz um Pflanzen zu stellen.<\/p>\n<p>Was das beste Growbox Komplettset f\u00fcr einen ist liegt unter anderem an den Komponenten, am Preis aber letztlich auch den Au\u00dfenma\u00dfen und Verarbeitungsqualit\u00e4t der Growbox.<\/p>\n","protected":false},"excerpt":{"rendered":"<p>\u2705 Die UndrCovrLab XXS Mini Growbox ist perfekt f\u00fcr Menschen mit begrenztem Platzangebot. Die Box ist klein genug um sie einfach zu verstecken, aber gro\u00df genug, um eine beeindruckende Ernte zu produzieren.<\/p>\n<p>\u2705 Stelle Dir hier aus passenden Komponenten ein UndrCovrLab XXS Startetest zusammen und starte noch diese Woche.<\/p>\n<p>\u2705 Abgestimmte Komponenten zum Vorteilspreis<\/p>\n","protected":false},"featured_media":8632,"comment_status":"open","ping_status":"closed","template":"","meta":[],"product_brand":[],"product_cat":[200],"product_tag":[],"class_list":{"0":"post-1801","1":"product","2":"type-product","3":"status-publish","4":"has-post-thumbnail","6":"product_cat-startersets","8":"first","9":"outofstock","10":"taxable","11":"shipping-taxable","12":"purchasable","13":"product-type-variable","14":"has-default-attributes"},"_links":{"self":[{"href":"https:\/\/undrcovrlab.com\/de\/wp-json\/wp\/v2\/product\/1801","targetHints":{"allow":["GET"]}}],"collection":[{"href":"https:\/\/undrcovrlab.com\/de\/wp-json\/wp\/v2\/product"}],"about":[{"href":"https:\/\/undrcovrlab.com\/de\/wp-json\/wp\/v2\/types\/product"}],"replies":[{"embeddable":true,"href":"https:\/\/undrcovrlab.com\/de\/wp-json\/wp\/v2\/comments?post=1801"}],"wp:featuredmedia":[{"embeddable":true,"href":"https:\/\/undrcovrlab.com\/de\/wp-json\/wp\/v2\/media\/8632"}],"wp:attachment":[{"href":"https:\/\/undrcovrlab.com\/de\/wp-json\/wp\/v2\/media?parent=1801"}],"wp:term":[{"taxonomy":"product_brand","embeddable":true,"href":"https:\/\/undrcovrlab.com\/de\/wp-json\/wp\/v2\/product_brand?post=1801"},{"taxonomy":"product_cat","embeddable":true,"href":"https:\/\/undrcovrlab.com\/de\/wp-json\/wp\/v2\/product_cat?post=1801"},{"taxonomy":"product_tag","embeddable":true,"href":"https:\/\/undrcovrlab.com\/de\/wp-json\/wp\/v2\/product_tag?post=1801"}],"curies":[{"name":"wp","href":"https:\/\/api.w.org\/{rel}","templated":true}]}}