{"id":3214,"date":"2020-12-22T13:54:14","date_gmt":"2020-12-22T13:54:14","guid":{"rendered":"https:\/\/undrcovrlab.com\/?post_type=product&#038;p=3214"},"modified":"2024-03-27T16:09:38","modified_gmt":"2024-03-27T16:09:38","slug":"can-lite-150-aktivkohlefilter","status":"publish","type":"product","link":"https:\/\/undrcovrlab.com\/de\/produkt\/can-lite-150-aktivkohlefilter\/","title":{"rendered":"CAN-LITE 150 Aktivkohlefilter | 150m\u00b3\/h | \u00f8100-125mm Wechselflansch"},"content":{"rendered":"<h2>Effektive Geruchsreduzierung &#8211; Aktivkohlefilter Grow<\/h2>\n<p>Unter der Verwendung des CAN-Lite 150 Aktivkohlefilters wird das Leben jedes Anbauers einfacher und effektiver. Dieser Filter kann leicht an die meisten Bel\u00fcftungssysteme angeschlossen werden und bietet eine leistungsstarke L\u00f6sung zur Geruchsreduzierung in Innenr\u00e4umen.<\/p>\n<p>Mit einem Luftdurchsatz von 150 m3\/h und einem Durchmesser von 100-125 mm ist dieser Filter perfekt f\u00fcr mittelgro\u00dfe R\u00e4ume geeignet. Im Folgenden finden Sie drei verschiedene Abschnitte, die sich auf verschiedene Schwerpunkte des Produkts konzentrieren.<\/p>\n<h3>Effektive Geruchsreduzierung f\u00fcr Indoor Stealth Grow<\/h3>\n<p>Der CAN-LITE 150 Aktivkohlefilter ist mit einer hochwertigen Aktivkohleschicht ausgestattet, die effektiv unerw\u00fcnschte Ger\u00fcche aus Innenr\u00e4umen entfernt. Die Aktivkohleschicht nutzt ihre Porosit\u00e4t, um Geruchsmolek\u00fcle aufzunehmen und an ihrer Oberfl\u00e4che zu adsorbieren, wodurch sie neutralisiert werden. Dieser Filter wurde entwickelt, um eine hohe Luftdurchl\u00e4ssigkeit zu gew\u00e4hrleisten und dennoch zuverl\u00e4ssig Ger\u00fcche zu entfernen, was ihn zu einem unverzichtbaren Werkzeug f\u00fcr jeden Innenanbau macht.<\/p>\n<h3>Umweltfreundlichkeit trotz Plastik: Wiederverwendbarer Wechselflansch, tauschbare Aktivkohle<\/h3>\n<p>Der CAN-LITE 150 Aktivkohlefilter hei\u00dft Lite, weil er aus leichtem Kunstoff gefertigt ist. Der Wechselflansch des Filters sorgt daf\u00fcr, dass der Filter leicht angeschlossen und gewartet werden kann. Das bedeutet, dass G\u00e4rtner den Filter schnell und einfach reinigen und ersetzen k\u00f6nnen.<\/p>\n<p>Nach Verbrauch nach ca. 3-12 Monaten je nach Anwendung kann g\u00fcnstig ein Ersatzfilter bestellt werden oder sogar die Aktivkohle getauscht werden. Die Spart kosten und erh\u00f6ht die Langlebigkeit des verwendeten Materials.<\/p>\n<p>Der CAN-LITE 150 Aktivkohlefilter ist so konzipiert, dass er robust und langlebig ist. Der Filter wurde entwickelt, um auch bei hohen Luftstr\u00f6men von bis zu max 165m\u00b3\/h effektiv zu arbeiten und eine lange Lebensdauer zu gew\u00e4hrleisten. Die Lebensdauer und Umweltvertr\u00e4glichkeit des CAN Filters ergibt sich durch den Wechselflansch, hier kann bei einem Wechsel der Flansch wiederverwendet werden. Des weiteren l\u00e4sst sich die Kohle relativ einfach tauschen. Der Filter beinhaltet 2,54 Liter Kohle.<\/p>\n<h3>Can Lite Aktivkohlefilter Erfahrung<\/h3>\n<p>Da in unseren Shop alle Produkte getestet wurden, bieten wir ausschlie\u00dflich getestete und passende Produkte an. Von diesem kleinen Filter war ich immer wieder erstaunt, was sie leisten k\u00f6nnen.<\/p>\n<p>Wo andere Filter oftmals mit der Luftfeuchtigkeit Probleme haben, h\u00e4lt dieser Filter was er verspricht. Die Angegebene Lebensdauer von 18 Monaten kann jedoch nicht f\u00fcr einen Grow gelten. Deshalb sollte man immer einen Wechselfilter als schnellen Ersatz bereitliegen haben. Sobald der z.b. zu feuchte Filter getrocknet ist, kann dieser f\u00fcr die vegatative Phase nochmals genutzt werden bevor ein Tausch n\u00f6tig ist.<\/p>\n<h3>Produktdetails des Herstellers:<\/h3>\n<ul>\n<li>Ma\u00dfe: <strong>25&#215;14,5cm (L\u00e4nge x Durchmesser)<\/strong><\/li>\n<li>Aktivkohle Volumen: <strong>2,54 Liter entspricht<\/strong><\/li>\n<li>Technische Abluftleistung: <strong>165m\u00b3\/h<\/strong><\/li>\n<li>Praktische Abluftleistung: <strong>150m\u00b3\/h<\/strong><\/li>\n<li>Lebensdauer: mindestens 18 Monate (man beachte bitte den Verwendungszweck &amp; Luftfeuchtigkeit)<\/li>\n<\/ul>\n<p>Konditionen f\u00fcr optimale Nutzung:<\/p>\n<ul>\n<li>Luftfeuchtigkeit: <strong>Max: 70%<\/strong><\/li>\n<li>Temperatur: <strong>Max 80\u00b0C<\/strong><\/li>\n<\/ul>\n<h3>Lieferumfang:<\/h3>\n<ul>\n<li>Can Lite 150 inkl. ein Filtervlies<\/li>\n<li>Wechselflansch \u00f8100mm oder 125mm Durchmesser.<\/li>\n<li>Auch ohne Flansch bestellbar<\/li>\n<\/ul>\n<h3 class=\"accordion_title\"><\/p>\n<h3>Fragen zum Produkt<\/h3>\n<p><\/h3><div class=\"accordion\">\n\t<div id=\"accordion-1338599074\" class=\"accordion-item\">\n\t\t<a id=\"accordion-1338599074-label\" class=\"accordion-title plain\" href=\"#accordion-item-kann-man-die-aktivikohle-austauschen?\" aria-expanded=\"false\" aria-controls=\"accordion-1338599074-content\">\n\t\t\t<button class=\"toggle\" aria-label=\"Umschalten\"><i class=\"icon-angle-down\" aria-hidden=\"true\"><\/i><\/button>\n\t\t\t<span>Kann man die Aktivikohle austauschen?<\/span>\n\t\t<\/a>\n\t\t<div id=\"accordion-1338599074-content\" class=\"accordion-inner\" aria-labelledby=\"accordion-1338599074-label\">\n\t\t\t\nJa, das ist m\u00f6glich. CAN-Filters bietet die gleiche Aktivkohle zum nachf\u00fcllen an. Das spart Kosten und schont die Umwelt.<br \/>\n\t\t<\/div>\n\t<\/div>\n\t\n\t<div id=\"accordion-3046572100\" class=\"accordion-item\">\n\t\t<a id=\"accordion-3046572100-label\" class=\"accordion-title plain\" href=\"#accordion-item-wie-oft-sollte-ich-den-can-lite-150-aktivkohlefilter-reinigen-oder-ersetzen?\" aria-expanded=\"false\" aria-controls=\"accordion-3046572100-content\">\n\t\t\t<button class=\"toggle\" aria-label=\"Umschalten\"><i class=\"icon-angle-down\" aria-hidden=\"true\"><\/i><\/button>\n\t\t\t<span>Wie oft sollte ich den CAN-LITE 150 Aktivkohlefilter reinigen oder ersetzen?<\/span>\n\t\t<\/a>\n\t\t<div id=\"accordion-3046572100-content\" class=\"accordion-inner\" aria-labelledby=\"accordion-3046572100-label\">\n\t\t\t\nDer CAN-LITE 150 Aktivkohlefilter muss regelm\u00e4\u00dfig ersetzt werden, um eine optimale Leistung zu gew\u00e4hrleisten. Die H\u00e4ufigkeit h\u00e4ngt von der Umgebung ab, in der der Filter verwendet wird. Wir empfehlen, den Filter alle 6-12 Monate zu ersetzen.<br \/>\n\t\t<\/div>\n\t<\/div>\n\t\n\t<div id=\"accordion-3121387073\" class=\"accordion-item\">\n\t\t<a id=\"accordion-3121387073-label\" class=\"accordion-title plain\" href=\"#accordion-item-f\u00fcr-welche-raumgr\u00f6\u00dfe-ist-dieser-can-lite-filter-geeignet?\" aria-expanded=\"false\" aria-controls=\"accordion-3121387073-content\">\n\t\t\t<button class=\"toggle\" aria-label=\"Umschalten\"><i class=\"icon-angle-down\" aria-hidden=\"true\"><\/i><\/button>\n\t\t\t<span>F\u00fcr welche Raumgr\u00f6\u00dfe ist dieser Can-Lite Filter geeignet?<\/span>\n\t\t<\/a>\n\t\t<div id=\"accordion-3121387073-content\" class=\"accordion-inner\" aria-labelledby=\"accordion-3121387073-label\">\n\t\t\t\nDer Filter hat einen Durchmesser von 14,5cm und einen praktischen Luftdurchsatz von 150m\u00b3\/h. Der maximale Luftdurchsatzwert lt. Hersteller liegt bei 165m\u00b3\/h.<br \/>\nTechnisch gesehen kann dieser Filter bei einer Raumh\u00f6he von 2,5m einen 60m\u00b2 gro\u00dfen Raum, innerhalb einer Stunde Filtern.\t\t<\/div>\n\t<\/div>\n\t\n\t<div id=\"accordion-1848562447\" class=\"accordion-item\">\n\t\t<a id=\"accordion-1848562447-label\" class=\"accordion-title plain\" href=\"#accordion-item-wie-wird-der-filter-geliefert?\" aria-expanded=\"false\" aria-controls=\"accordion-1848562447-content\">\n\t\t\t<button class=\"toggle\" aria-label=\"Umschalten\"><i class=\"icon-angle-down\" aria-hidden=\"true\"><\/i><\/button>\n\t\t\t<span>Wie wird der Filter geliefert?<\/span>\n\t\t<\/a>\n\t\t<div id=\"accordion-1848562447-content\" class=\"accordion-inner\" aria-labelledby=\"accordion-1848562447-label\">\n\t\t\t\n<p>Wir liefern alle unsere Produkte in neutralen Versandkartons und neutralen Absender, ohne Marken- oder Shopnamen. Also diskret.<\/p>\n\t\t<\/div>\n\t<\/div>\n\t\n<\/div>\n","protected":false},"excerpt":{"rendered":"<p>\u2705\u00a0 Solider Can-Lite Aktivkohlefilter mit 150m3\/hr und \u00f8100mm oder \u00f8125mm Anschlussflansch<\/p>\n<p>\u2705\u00a0 Can Lite Aktivkohle mit 2,5cm Kohlebett aus Aktivkohle-Granulat. Sehr spr\u00f6de, dadurch gr\u00f6\u00dfere Oberfl\u00e4che. Die Kohle kann ebenfalls gewechselt werden.<\/p>\n<p>\u2705\u00a0 Der Filter ist aus Kunststoff und hat einen Wechselbaren Flasch, der wiederverwendet werden kann.<\/p>\n","protected":false},"featured_media":3215,"comment_status":"open","ping_status":"closed","template":"","meta":[],"product_brand":[],"product_cat":[198],"product_tag":[],"class_list":{"0":"post-3214","1":"product","2":"type-product","3":"status-publish","4":"has-post-thumbnail","6":"product_cat-luft","8":"first","9":"outofstock","10":"taxable","11":"shipping-taxable","12":"purchasable","13":"product-type-variable"},"_links":{"self":[{"href":"https:\/\/undrcovrlab.com\/de\/wp-json\/wp\/v2\/product\/3214","targetHints":{"allow":["GET"]}}],"collection":[{"href":"https:\/\/undrcovrlab.com\/de\/wp-json\/wp\/v2\/product"}],"about":[{"href":"https:\/\/undrcovrlab.com\/de\/wp-json\/wp\/v2\/types\/product"}],"replies":[{"embeddable":true,"href":"https:\/\/undrcovrlab.com\/de\/wp-json\/wp\/v2\/comments?post=3214"}],"wp:featuredmedia":[{"embeddable":true,"href":"https:\/\/undrcovrlab.com\/de\/wp-json\/wp\/v2\/media\/3215"}],"wp:attachment":[{"href":"https:\/\/undrcovrlab.com\/de\/wp-json\/wp\/v2\/media?parent=3214"}],"wp:term":[{"taxonomy":"product_brand","embeddable":true,"href":"https:\/\/undrcovrlab.com\/de\/wp-json\/wp\/v2\/product_brand?post=3214"},{"taxonomy":"product_cat","embeddable":true,"href":"https:\/\/undrcovrlab.com\/de\/wp-json\/wp\/v2\/product_cat?post=3214"},{"taxonomy":"product_tag","embeddable":true,"href":"https:\/\/undrcovrlab.com\/de\/wp-json\/wp\/v2\/product_tag?post=3214"}],"curies":[{"name":"wp","href":"https:\/\/api.w.org\/{rel}","templated":true}]}}