{"id":3256,"date":"2020-12-22T23:02:47","date_gmt":"2020-12-22T23:02:47","guid":{"rendered":"https:\/\/undrcovrlab.com\/?post_type=product&#038;p=3256"},"modified":"2026-01-14T16:24:22","modified_gmt":"2026-01-14T16:24:22","slug":"nutriculture-gt205-starterset","status":"publish","type":"product","link":"https:\/\/undrcovrlab.com\/de\/produkt\/nutriculture-gt205-starterset\/","title":{"rendered":"Hydroponik Starterset | Nutriculture NFT Gro-Tank | GT205"},"content":{"rendered":"<p>\u2705\u00a0 Hydroponik Starterset mit N\u00e4hrfilmtechnik (NFT)<\/p>\n<p>Mit diesem Hydroponik Set holst Du mehr aus deinem UndrCovrLab heraus &#8211; Der NFT Gro-Tank ist nur 20 cm hoch und einmal gestartet, kann man den Pflanzen bei ihrem erstaunlichen Wachstum zusehen ohne st\u00e4ndig ans Gie\u00dfen denken zu m\u00fcssen.<\/p>\n<p>NFT steht f\u00fcr N\u00e4hrstoff-Film-Technik. Ein sehr flacher Wasserstrom (oder Film) mit gel\u00f6sten N\u00e4hrstoffen flie\u00dft st\u00e4ndig \u00fcber die Wurzeln der Pflanzen.<br \/>\nDer Hauptvorteil des NFT-Systems gegen\u00fcber anderen hydroponischen Methoden besteht darin, dass die Pflanzenwurzeln stets einer perfekt ausgewogenen Versorgung mit Wasser, Sauerstoff und N\u00e4hrstoffen ausgesetzt sind. Bei jeder anderen Methode gibt es einen Konflikt zwischen diesen Anforderungen, da die optimale Menge eines der beiden Elemente zu einem Ungleichgewicht bei einem oder beiden anderen f\u00fchrt.<\/p>\n<p>Gro-Tanks werden oft als &#8222;reine Hydrokultur&#8220; bezeichnet, da praktisch kein N\u00e4hrboden verwendet wird und die Wurzeln vom offenen Zugang zu Sauerstoff profitieren.<br \/>\nLaut Hersteller bis zu dreifach h\u00f6here Ertr\u00e4ge im Vergleich zu herk\u00f6mmlichen Anbaumethoden in Erde. Die konstante Wasser- und N\u00e4hrstoffzufuhr direkt zu den Wurzeln in Verbindung mit dem unbegrenzten Zugang zu Sauerstoff, sorgt f\u00fcr gesundes und schnelles Pflanzenwachstum. Wir k\u00f6nnen rapides Wachstum Best\u00e4tigen. Eine verdreifachung der Ernteergebnisse ist jedoch auch von der Lichtquelle und Platz f\u00fcr die Pflanze abh\u00e4ngig.<\/p>\n<p>\u2705\u00a0 Kleines und einfaches Hydroponik-System mit st\u00e4ndig laufender Pumpe &#8211; keine Zeitschaltuhr notwendig. Die Pumpe ist absolut \u00fcberh\u00f6rbar.<\/p>\n<p>\u2705\u00a0 Inklusive Wurzelvlies, Pumpe und Grodan Steinwollbl\u00f6cke in passender Gr\u00f6\u00dfe.<\/p>\n<p>\u2705\u00a0 Die L\u00f6cher k\u00f6nnen selbst mit einem Cutter-Messer geschnitten werden.<\/p>\n<p style=\"padding-left: 40px;\">Empfehlung:<\/p>\n<ul>\n<li>UndrCovrLab XXS: <strong>1-2 Pflanzen<\/strong><\/li>\n<li>UndrCovrLab S: <strong>2-4 Pflanzen<\/strong><\/li>\n<li>UndrCovrLab M: <strong>3-4 Pflanzen<\/strong><\/li>\n<\/ul>\n<p>\u2705\u00a0 Da praktisch kein Kultursubstrat verwendet wird, muss am Anfang und Ende der Saison auch nichts &#8222;schweres&#8220; wie Erde gekauft oder entsorgt werden.<\/p>\n<p>Das einzig ben\u00f6tigte \u201cKultursubstrat\u201d wird in diesem Set mitgelieferten &#8211; Steinwollbl\u00f6cke und Wurzelvlies.<br \/>\nDas fernbleiben von Erde bedeutet, dass die Gefahr von Sch\u00e4dlingsbefall sehr viel geringer ist.<br \/>\nWeiter kann der Tank nach Ernte gereinigt werden und ohne viel Entsorgungsmaterial sofort wieder genutzt werden. Wurzelvlies und Steinwollbl\u00f6cke sind zudem weitaus billiger als 20 Liter Erde.<\/p>\n<p>\u2705\u00a0 Auf Grund des rapiden Wachstums mit diesem System, kann die Vegetationsphase stark verk\u00fcrzt werden.<\/p>\n<p>\u2705\u00a0 Ges\u00fcndere Pflanzen &#8211; Die Pflanzen werden weder unterversorgt noch \u00fcberm\u00e4\u00dfig bew\u00e4ssert, und es kommt nicht zu einer Ansammlung von Salzen in der Wurzelzone. Dennoch ist Vorsicht beim D\u00fcngen mit Mineralstoffen geboten. W\u00f6chentliche Messung des PH- und EC-Werts unabdinglich.<\/p>\n<h3>D\u00dcNGER EMPFEHLUNG f\u00fcr Hydroponic<\/h3>\n<p><strong>Mineralisch:<\/strong> Terra Aquatica Tri Part, Advanced Hydroponics Dutch Formula<\/p>\n<p><strong>Organisch:<\/strong> BioBizz Hydro, Canna Aqua<\/p>\n<p>F\u00fcr das kontrollieren von PH- und EC-Wert werden Messger\u00e4te ben\u00f6tigt.<\/p>\n<h3><strong>Kurzanleitung<\/strong><\/h3>\n<p>In der beiliegenden Betriebsanleitung ist beschrieben wie das System mit Pflanzen gestartet wird. Der im Lieferumfang enthaltene Deckel kommt ohne Zuschnitt. Die L\u00f6cher f\u00fcr die Steinwollw\u00fcrfel k\u00f6nnen je nach Set-Up mit einem Cutter-Messer geschnitten werden.<\/p>\n<p>Im Grunde werden erst die Samen gekeimt oder Stecklinge in die kleinen Steinwollw\u00fcrfel eingesetzt. Sobald die kleinen W\u00fcrfel durchwurzelt sind, k\u00f6nnen Diese in die gr\u00f6\u00dferen eingesetzt werden. Sobald sie hier angewurzelt sind kann mit der N\u00e4hrl\u00f6sung bzw. dem leichtem D\u00fcngen begonnen werden.<br \/>\nEmpfehlung: maximal die h\u00e4lfte der empfohlenen D\u00fcngermenge in der ersten Woche verwenden, bis die Wurzeln aus der Steinwolle herausgewachsen sind und die Pfl\u00e4nzchen an den D\u00fcnger gew\u00f6hnt sind.<br \/>\nDann die 20 Liter N\u00e4hrstoffl\u00f6sung je nach Pflanzenstadium und Herstellerangaben zugeben und die PH- und EC-Werte pr\u00fcfen und ggf. durch PH Up\/down und D\u00fcngerzugabe bzw. durch Verd\u00fcnnen korrigieren.<br \/>\nJe nach Wachstumsstadium und Anzahl der Pflanzen macht es Sinn, frische N\u00e4hrstoffe und Wasser bei einem Wasserspiegel von ca. 50% hinzugeben.<\/p>\n<p><strong>PRODUKTDATEN<\/strong><\/p>\n<ul>\n<li>Produktabmessung: 69,5 x 38,5 x 18,5 cm (Breite x Tiefe x H\u00f6he)<\/li>\n<li>Fassungsverm\u00f6gen: 20 Liter<\/li>\n<li>Netzspannung der Pumpe: 220V\/ 50Hz inkl. EU-Stecker<\/li>\n<\/ul>\n<p><strong>LIEFERUMFANG<\/strong><\/p>\n<ul>\n<li>Nutriculture GT205 &#8211; 20 L Tank, Einlegeboden, Deckel,<\/li>\n<li>Pumpe mit EU-Stecker<\/li>\n<li>4 Lagen Wurzelvlies<\/li>\n<li>4 Grodan Steinwollw\u00fcrfel 4x4cm<\/li>\n<li>4 Grodan Steinwollw\u00fcrfel 10x10x6,5cm<\/li>\n<li>Betriebsanleitung mit Anweisungen zur Inbetriebnahme und Start von Samen oder Stecklinge<\/li>\n<\/ul>\n","protected":false},"excerpt":{"rendered":"<p><span style=\"font-weight: 400;\">\u2705\u00a0 Nutriculture Gro-Tanks bieten den Wurzeln praktisch ungehinderten Zugang zu Sauerstoff. Die Pflanzen wachsen schneller und liefern bis zu 3x h\u00f6here Ertr\u00e4ge.<\/span><\/p>\n<p><span style=\"font-weight: 400;\">\u2705\u00a0 Hydroponisches Starterset mit N\u00e4hrfilmtechnik (NFT), geeignet f\u00fcr Anf\u00e4nger bis Profi.<\/span><\/p>\n<p><span style=\"font-weight: 400;\">\u2705\u00a0 Inklusive leise Pumpe, passendes Wurzelvlies und Grodan Steinwollbl\u00f6cke f\u00fcr bis zu vier Pflanzen.\u00a0<\/span><\/p>\n<p><span style=\"font-weight: 400;\">\u2705\u00a0 20 Liter Fassungsverm\u00f6gen \u2013 Nur ca. 1x die Woche PH- und EC-Wert pr\u00fcfen \u2013 D\u00fcnger+Wasser nachf\u00fcllen.<\/span><\/p>\n<p><span style=\"font-weight: 400;\">\u2705\u00a0 Erprobt und getestet im UndrCovrLab M, S und XXS \u2013 Top Ergebnisse selbst bei Anf\u00e4ngern.<\/span><\/p>\n","protected":false},"featured_media":3274,"comment_status":"open","ping_status":"closed","template":"","meta":[],"product_brand":[],"product_cat":[203,195],"product_tag":[],"class_list":{"0":"post-3256","1":"product","2":"type-product","3":"status-publish","4":"has-post-thumbnail","6":"product_cat-bewaesserung-hydroponik","7":"product_cat-zubehoer","9":"first","10":"outofstock","11":"taxable","12":"shipping-taxable","13":"purchasable","14":"product-type-simple"},"_links":{"self":[{"href":"https:\/\/undrcovrlab.com\/de\/wp-json\/wp\/v2\/product\/3256","targetHints":{"allow":["GET"]}}],"collection":[{"href":"https:\/\/undrcovrlab.com\/de\/wp-json\/wp\/v2\/product"}],"about":[{"href":"https:\/\/undrcovrlab.com\/de\/wp-json\/wp\/v2\/types\/product"}],"replies":[{"embeddable":true,"href":"https:\/\/undrcovrlab.com\/de\/wp-json\/wp\/v2\/comments?post=3256"}],"wp:featuredmedia":[{"embeddable":true,"href":"https:\/\/undrcovrlab.com\/de\/wp-json\/wp\/v2\/media\/3274"}],"wp:attachment":[{"href":"https:\/\/undrcovrlab.com\/de\/wp-json\/wp\/v2\/media?parent=3256"}],"wp:term":[{"taxonomy":"product_brand","embeddable":true,"href":"https:\/\/undrcovrlab.com\/de\/wp-json\/wp\/v2\/product_brand?post=3256"},{"taxonomy":"product_cat","embeddable":true,"href":"https:\/\/undrcovrlab.com\/de\/wp-json\/wp\/v2\/product_cat?post=3256"},{"taxonomy":"product_tag","embeddable":true,"href":"https:\/\/undrcovrlab.com\/de\/wp-json\/wp\/v2\/product_tag?post=3256"}],"curies":[{"name":"wp","href":"https:\/\/api.w.org\/{rel}","templated":true}]}}