{"id":3388,"date":"2021-01-22T15:21:17","date_gmt":"2021-01-22T15:21:17","guid":{"rendered":"https:\/\/undrcovrlab.com\/?post_type=product&#038;p=3388"},"modified":"2026-01-14T16:24:24","modified_gmt":"2026-01-14T16:24:24","slug":"phonic-trap-abluftschlauch","status":"publish","type":"product","link":"https:\/\/undrcovrlab.com\/de\/produkt\/phonic-trap-abluftschlauch\/","title":{"rendered":"Phonic Trap | Schalld\u00e4mmender Abluftschlauch"},"content":{"rendered":"<h2>Der schalld\u00e4mmende Abluftschlauch ohne Glaswolle -&gt; PhonicTrap\u1d40\u1d39<\/h2>\n<p>PhonicTrap ist eine hervorragende L\u00f6sung, um unerw\u00fcnschte Abluftger\u00e4usche zu minimieren. Es handelt sich um einen schalld\u00e4mmenden Akustikschlauch der frei von Stein- oder Glaswolle ist. Somit bleibt die Luft frei von Allergenen oder anderen reizenden Partikeln. Auch die Verarbeitung ist frei von Schadstoffen was die Installation einfacher macht.<\/p>\n<p>Mit einer Dicke von 50 mm ist PhonicTrap in der Lage, effektiv unerw\u00fcnschte Ger\u00e4usche zu absorbieren. Hierdurch kann bis zu 50% Luftschall reduziert werden.<\/p>\n<p>Ein weiterer Vorteil von PhonicTrap ist seine Vielseitigkeit. Die Schl\u00e4uche wurden f\u00fcr Aufnahmestudios, B\u00fcros, Wohnr\u00e4umen und Schulen entwickelt, finden aber auch in Growboxen hervorragend Platz.<\/p>\n<p>Zusammenfassend ist PhonicTrap eine ausgezeichnete Wahl f\u00fcr die Schalld\u00e4mmung in einer Stealth Growbox mit leisem L\u00fcfter.<\/p>\n<p>Wir verkaufen Phonic Trap nicht als Meterware sondern in ca. 80cm St\u00fccken. Somit entsteht weniger Reste und dadurch weniger M\u00fcll. 80cm gen\u00fcgen um die Abluft aus einer Growbox in den umliegenden Raum zu f\u00fchren. Wer mehr braucht muss sich derzeit leider noch woanders umsehen.<\/p>\n<h3>Der Aufbau des Schlauches besteht aus drei Lagen.<\/h3>\n<ul>\n<li>Innenliegender flexibler Draht mit durchl\u00e4ssigen Stoff.<\/li>\n<li>Antiallergische Isolation die frei von Glas- oder Steinwolle ist. PVC-frei.<\/li>\n<li>Robuste Dampfsperre in schwarz.<\/li>\n<\/ul>\n<h3>Wir haben zwei\u00a0 Varianten zu jeweils 0,8 Meter L\u00e4nge im Angebot.<\/h3>\n<p><strong>Phonic Trap 127mm<\/strong> f\u00fcr Rohrventilatoren mit einem Durchmesser von 125mm<\/p>\n<p><strong>Phonic Trap 102mm<\/strong> f\u00fcr Rohrventilatoren mit einem Anschluss-Durchmesser von 100mm<\/p>\n<p><strong>Phonic trap 160mm<\/strong> &#8211; ist aktuell nicht in unserem Angebot.<\/p>\n<p>&nbsp;<\/p>\n","protected":false},"excerpt":{"rendered":"<p>\u2705\u00a0 Dank seiner akustischen F\u00e4higkeiten reduziert der PhonicTrap den Schallpegel von Luftstr\u00f6men effektiv.<\/p>\n<p>\u2705 \u00a0Frei von Steinwolle oder Glaswolle erreicht der Phonic Trap die akustische Reduzierung umweltfreundlich und nicht gesundheitsgef\u00e4hrdend.<\/p>\n<p>\u2705\u00a0 ca. 80cm L\u00e4nge, absolut ausreichend f\u00fcr eine Growbox.<\/p>\n<p>\u2705 Durchmesser w\u00e4hlbar: \u00f8102 oder \u00f8127mm. 1 St\u00fcck = 0,80cm, wer 2 St\u00fcck bestellt erh\u00e4lt 2 mal 0,80cm<\/p>\n","protected":false},"featured_media":6086,"comment_status":"closed","ping_status":"closed","template":"","meta":[],"product_brand":[],"product_cat":[198],"product_tag":[],"class_list":{"0":"post-3388","1":"product","2":"type-product","3":"status-publish","4":"has-post-thumbnail","6":"product_cat-luft","8":"first","9":"outofstock","10":"taxable","11":"shipping-taxable","12":"purchasable","13":"product-type-variable"},"_links":{"self":[{"href":"https:\/\/undrcovrlab.com\/de\/wp-json\/wp\/v2\/product\/3388","targetHints":{"allow":["GET"]}}],"collection":[{"href":"https:\/\/undrcovrlab.com\/de\/wp-json\/wp\/v2\/product"}],"about":[{"href":"https:\/\/undrcovrlab.com\/de\/wp-json\/wp\/v2\/types\/product"}],"replies":[{"embeddable":true,"href":"https:\/\/undrcovrlab.com\/de\/wp-json\/wp\/v2\/comments?post=3388"}],"wp:featuredmedia":[{"embeddable":true,"href":"https:\/\/undrcovrlab.com\/de\/wp-json\/wp\/v2\/media\/6086"}],"wp:attachment":[{"href":"https:\/\/undrcovrlab.com\/de\/wp-json\/wp\/v2\/media?parent=3388"}],"wp:term":[{"taxonomy":"product_brand","embeddable":true,"href":"https:\/\/undrcovrlab.com\/de\/wp-json\/wp\/v2\/product_brand?post=3388"},{"taxonomy":"product_cat","embeddable":true,"href":"https:\/\/undrcovrlab.com\/de\/wp-json\/wp\/v2\/product_cat?post=3388"},{"taxonomy":"product_tag","embeddable":true,"href":"https:\/\/undrcovrlab.com\/de\/wp-json\/wp\/v2\/product_tag?post=3388"}],"curies":[{"name":"wp","href":"https:\/\/api.w.org\/{rel}","templated":true}]}}