{"id":3506,"date":"2021-03-17T09:20:51","date_gmt":"2021-03-17T09:20:51","guid":{"rendered":"https:\/\/undrcovrlab.com\/?post_type=product&#038;p=3506"},"modified":"2026-01-14T16:24:22","modified_gmt":"2026-01-14T16:24:22","slug":"sanlight-q1w-led","status":"publish","type":"product","link":"https:\/\/undrcovrlab.com\/de\/produkt\/sanlight-q1w-led\/","title":{"rendered":"SANLIGHT Q1W inkl. Dimmer | 50 Watt | 2700K | Led Grow Lampe"},"content":{"rendered":"<h2>Sanlight Q1W dimmbare LED Grow Lampe: Effizientes Design und optimale Leistung<\/h2>\n<p>Die Sanlight Q1W DIM LED Pflanzenlampe ist die neueste Generation von Grow LEDs und eine der besten Optionen f\u00fcr Mini-Grows. Mit ihrem intelligenten Design und der fortschrittlichen Technologie bietet sie ein hohes Ma\u00df an Effizienz und Leistung f\u00fcr den Anbau von lichthungrigen Pflanzen. Mit einer Lebensdauer von \u00fcber 80.000 Stunden hat man mit dieser Lampe mehr als neun Jahre Pflanzenwachstum.<\/p>\n<p>Die Sanlight Q1W LED Grow Light ist so konzipiert, dass sie Energie spart und den Betriebskosten f\u00fcr Indoor-G\u00e4rten reduziert. Mit einer durchschnittlichen Lebensdauer von 80.000 Stunden ist die Sanlight Q1W LED Grow Light eine Investition, die sich \u00fcber viele Jahre hinweg auszahlt.<\/p>\n<h3>Intelligente Beleuchtung f\u00fcr ges\u00fcndere Pflanzen<\/h3>\n<p>Die Sanlight Q1W LED Grow Light nutzt die neueste LED-Technologie, um das Spektrum des nat\u00fcrlichen Sonnenlichts zu imitieren. Dies erm\u00f6glicht es, die ges\u00fcndesten und kr\u00e4ftigsten Pflanzen zu produzieren. Die Beleuchtung ist so konzipiert, dass sie die Photosynthese f\u00f6rdert und das Wachstum von Pflanzen beschleunigt, was zu h\u00f6heren Ertr\u00e4gen und besserem Geschmack der Ernte f\u00fchrt.<\/p>\n<h3>Ergebnisse, auf die man sich verlassen kann<\/h3>\n<p>Die LED Pflanzenlampen von Sanlight sind seit Jahren in der Grower-Community bekannt und werden von vielen Z\u00fcchtern empfohlen. Die Pflanzen wachsen schneller und ges\u00fcnder als bei anderen Beleuchtungssystemen.<\/p>\n<p>Fl\u00e4chenempfehlung und Abstand zur Pflanze<\/p>\n<p>Die Lampe kann ab einer 40&#215;40 cm gro\u00dfen Fl\u00e4che eingesetzt werden, was sie perfekt f\u00fcr kleine Indoor-G\u00e4rten macht. Der Abstand von Pflanze zu Lampe sollte 30 cm nicht unterschreiten.<\/p>\n<h3>LIEFERUMFANG:<\/h3>\n<p>1x Sanlight Q1W inklusive Dimmer, Anschlusskabel fest verbaut<\/p>\n","protected":false},"excerpt":{"rendered":"<p><span style=\"color: #d83131;\">Auslaufartikel, bis auf weiteres nicht mehr lieferbar!<\/span><\/p>\n<p><span style=\"font-weight: 400;\">\u2705\u00a0 Die SANligth Q1W LED-Pflanzenlampe verf\u00fcgt \u00fcber <\/span>OSRAM 2mm\u00b2 LED Chips die h\u00f6chste Leistung und Langlebigkeit versprechen. <span style=\"font-weight: 400;\">Damit erreicht es eine Modul Effizienz von 2.7 \u03bcmol\/J. Gen2: Neue LED Chips und \u00fcberarbeitete Optik erreichen ca.15% mehr Lichtoutput im Vergleich zu Gen1.<\/span><\/p>\n<p><span style=\"font-weight: 400;\">\u2705\u00a0 BREITBAND-LICHTSPEKTRUM mit 2700 Kelvin. Deine Pflanzen bekommen von Anzucht bis zur Ernte ein ausgeglichenes Lichtspektrum f\u00fcr gesunde und wohlschmeckende Ernten.<\/span><\/p>\n<p><span style=\"font-weight: 400;\">\u2705\u00a0 ABSOLUT GER\u00c4USCHLOS durch PASSIVE K\u00dcHLUNG: Die, direkt auf dem Alu-K\u00fchlk\u00f6rper verbauten LEDs erzeugen wenig Abw\u00e4rme<\/span><\/p>\n<p><span style=\"font-weight: 400;\">\u2705\u00a0 LEBENSDAUER von 100.000 Stunden bei erhalt von mehr als 90% der angegebenen Lichtleistung, zudem 3 Jahre Herstellergarantie.<\/span><\/p>\n","protected":false},"featured_media":3511,"comment_status":"open","ping_status":"closed","template":"","meta":[],"product_brand":[],"product_cat":[196],"product_tag":[169,187],"class_list":{"0":"post-3506","1":"product","2":"type-product","3":"status-publish","4":"has-post-thumbnail","6":"product_cat-licht","7":"product_tag-led-grow-lampe","8":"product_tag-sanlight","10":"first","11":"outofstock","12":"sale","13":"taxable","14":"shipping-taxable","15":"purchasable","16":"product-type-simple"},"_links":{"self":[{"href":"https:\/\/undrcovrlab.com\/de\/wp-json\/wp\/v2\/product\/3506","targetHints":{"allow":["GET"]}}],"collection":[{"href":"https:\/\/undrcovrlab.com\/de\/wp-json\/wp\/v2\/product"}],"about":[{"href":"https:\/\/undrcovrlab.com\/de\/wp-json\/wp\/v2\/types\/product"}],"replies":[{"embeddable":true,"href":"https:\/\/undrcovrlab.com\/de\/wp-json\/wp\/v2\/comments?post=3506"}],"wp:featuredmedia":[{"embeddable":true,"href":"https:\/\/undrcovrlab.com\/de\/wp-json\/wp\/v2\/media\/3511"}],"wp:attachment":[{"href":"https:\/\/undrcovrlab.com\/de\/wp-json\/wp\/v2\/media?parent=3506"}],"wp:term":[{"taxonomy":"product_brand","embeddable":true,"href":"https:\/\/undrcovrlab.com\/de\/wp-json\/wp\/v2\/product_brand?post=3506"},{"taxonomy":"product_cat","embeddable":true,"href":"https:\/\/undrcovrlab.com\/de\/wp-json\/wp\/v2\/product_cat?post=3506"},{"taxonomy":"product_tag","embeddable":true,"href":"https:\/\/undrcovrlab.com\/de\/wp-json\/wp\/v2\/product_tag?post=3506"}],"curies":[{"name":"wp","href":"https:\/\/api.w.org\/{rel}","templated":true}]}}