{"id":3516,"date":"2021-03-17T21:03:24","date_gmt":"2021-03-17T21:03:24","guid":{"rendered":"https:\/\/undrcovrlab.com\/?post_type=product&#038;p=3516"},"modified":"2026-01-14T16:24:25","modified_gmt":"2026-01-14T16:24:25","slug":"sanlight-q3w-gen2-120w-led","status":"publish","type":"product","link":"https:\/\/undrcovrlab.com\/de\/produkt\/sanlight-q3w-gen2-120w-led\/","title":{"rendered":"SANlight Q3W Gen2 | 120 Watt | 2700K Led Grow Lampe | inkl. Dimmer &#038; Kabel"},"content":{"rendered":"<h2>SANlight Q3W Gen2 S2.1 inkl. Kabel und Dimmer<\/h2>\n<p>Die SANlight Q3WL S2.1 Gen2 120 W ist eine hochmoderne LED-Pflanzenlampe, die durch ihre innovativen Features und ihre au\u00dfergew\u00f6hnliche Qualit\u00e4t besticht. Als Produkt eines f\u00fchrenden Herstellers im Bereich der Pflanzenbeleuchtung vereint sie fortschrittliche Technologie mit Langlebigkeit und Effizienz.<\/p>\n<h3>SANlight Q3W: Technische Details &amp; LED-Beschreibung, Stromverbrauch<\/h3>\n<p>Die SANlight Q3WL verf\u00fcgt \u00fcber hochwertige OSRAM 2mm\u00b2 LED-Chips, die f\u00fcr h\u00f6chste Leistung und eine lange Lebensdauer stehen. Mit einer Modul-Effizienz von beeindruckenden 2.7 \u03bcmol\/J \u00fcbertrifft sie viele Konkurrenzprodukte. Die neuesten Gen2 LED-Chips und eine optimierte Optik erm\u00f6glichen einen um etwa 15% gesteigerten Lichtoutput im Vergleich zur Vorg\u00e4ngergeneration. Die Lampe bietet zudem eine aktive K\u00fchlung, was die LEDs vor \u00dcberhitzung sch\u00fctzt und ihre Lebensdauer verl\u00e4ngert.<\/p>\n<h3>SANlight Q3W PAR-&amp; PPFD Messung der idealen Ausleuchtungsfl\u00e4che<\/h3>\n<p>Die SANlight Q3WL S2.1 Gen2 ist ideal f\u00fcr die Ausleuchtung von Fl\u00e4chen bis zu 75 x 50 cm (UndrCovrLab S). Sie liefert ein ausgewogenes und effizientes Licht, das f\u00fcr die unterschiedlichen Wachstumsphasen von Pflanzen angepasst ist. Durch die pr\u00e4zise Messung von PAR- und PPFD-Werten wird sichergestellt, dass die Pflanzen genau das Lichtspektrum erhalten, das sie f\u00fcr ein gesundes Wachstum ben\u00f6tigen.<\/p>\n<h3>Lichtspektrum und Anwendungsbereiche<\/h3>\n<p>Das breitbandige Lichtspektrum der SANlight Q3WL, mit einem Wert von 2700 Kelvin, gew\u00e4hrleistet, dass Pflanzen vom Keimling bis zur Ernte die bestm\u00f6gliche Lichtqualit\u00e4t erhalten. Dieses Spektrum ist ideal f\u00fcr die F\u00f6rderung des Wachstums und der Bl\u00fctenbildung. Zudem ist es f\u00fcr alle Pflanzenstadien geeignet, einschlie\u00dflich der Anzucht und Bl\u00fctephase.<\/p>\n<h3>SANlight Q3W Empfehlung zum Abstand zur Pflanze in den Pflanzenstadien<\/h3>\n<p>Es ist wichtig, den Abstand der Lampe zu den Pflanzen je nach Wachstumsstadium anzupassen. F\u00fcr die Aufzuchtphase wird ein gr\u00f6\u00dferer Abstand empfohlen, der w\u00e4hrend der Wachstums- und Bl\u00fctephase verringert werden kann, um die Lichtintensit\u00e4t zu erh\u00f6hen und das Wachstum zu f\u00f6rdern.<\/p>\n<h3>Tabelle: Anwendung \/ Beleuchtungsfl\u00e4che \/ Abstand zur Pflanze<\/h3>\n<table>\n<tbody>\n<tr>\n<th>Anwendung<\/th>\n<th>Beleuchtungsfl\u00e4che<\/th>\n<th>Abstand zur Pflanze<\/th>\n<th>Dimmerstellung<\/th>\n<\/tr>\n<tr>\n<td>Anzucht<\/td>\n<td>75 x 45 cm<\/td>\n<td>40-50 cm<\/td>\n<td>40%<\/td>\n<\/tr>\n<tr>\n<td>Wachstum<\/td>\n<td>60 x 60 cm<\/td>\n<td>30-45 cm<\/td>\n<td>70-80%<\/td>\n<\/tr>\n<tr>\n<td>Bl\u00fcte<\/td>\n<td>60 x 60 cm<\/td>\n<td>30-40 cm<\/td>\n<td>100%<\/td>\n<\/tr>\n<\/tbody>\n<\/table>\n<h3>Lieferumfang der Sanlight Q3W Gen2<\/h3>\n<ul>\n<li>1x SANlight Gen2 S2.1 Q3W<\/li>\n<li>1x Stromkabel<\/li>\n<li>1x SANlight Dimmer<\/li>\n<\/ul>\n","protected":false},"excerpt":{"rendered":"<p><span style=\"font-weight: 400;\">\u2705\u00a0 Die SANligth Q3WL LED-Pflanzenlampe verf\u00fcgt \u00fcber <\/span>OSRAM 2mm\u00b2 LED Chips die h\u00f6chste Leistung und Langlebigkeit versprechen. <span style=\"font-weight: 400;\">Damit erreicht es eine Modul Effizienz von 2.7 \u03bcmol\/J. Gen2: Neue LED Chips und \u00fcberarbeitete Optik erreichen ca.15% mehr Lichtoutput im Vergleich zu Gen1.<\/span><\/p>\n<p><span style=\"font-weight: 400;\">\u2705\u00a0 BREITBAND-LICHTSPEKTRUM mit 2700 Kelvin. Deine Pflanzen bekommen von Anzucht bis zur Ernte ein ausgeglichenes Lichtspektrum f\u00fcr gesunde und wohlschmeckende Ernten.<\/span><\/p>\n<p><span style=\"font-weight: 400;\">\u2705\u00a0 ABSOLUT GER\u00c4USCHLOS durch PASSIVE K\u00dcHLUNG: Die, direkt auf dem Alu-K\u00fchlk\u00f6rper verbauten LEDs erzeugen wenig Abw\u00e4rme<\/span><\/p>\n<p><span style=\"font-weight: 400;\">\u2705\u00a0 LEBENSDAUER von 100.000 Stunden bei erhalt von mehr als 90% der angegebenen Lichtleistung, zudem 3 Jahre Herstellergarantie.<\/span><\/p>\n","protected":false},"featured_media":3519,"comment_status":"open","ping_status":"closed","template":"","meta":[],"product_brand":[],"product_cat":[196],"product_tag":[187,169],"class_list":{"0":"post-3516","1":"product","2":"type-product","3":"status-publish","4":"has-post-thumbnail","6":"product_cat-licht","7":"product_tag-sanlight","8":"product_tag-led-grow-lampe","10":"first","11":"outofstock","12":"taxable","13":"shipping-taxable","14":"purchasable","15":"product-type-simple"},"_links":{"self":[{"href":"https:\/\/undrcovrlab.com\/de\/wp-json\/wp\/v2\/product\/3516","targetHints":{"allow":["GET"]}}],"collection":[{"href":"https:\/\/undrcovrlab.com\/de\/wp-json\/wp\/v2\/product"}],"about":[{"href":"https:\/\/undrcovrlab.com\/de\/wp-json\/wp\/v2\/types\/product"}],"replies":[{"embeddable":true,"href":"https:\/\/undrcovrlab.com\/de\/wp-json\/wp\/v2\/comments?post=3516"}],"wp:featuredmedia":[{"embeddable":true,"href":"https:\/\/undrcovrlab.com\/de\/wp-json\/wp\/v2\/media\/3519"}],"wp:attachment":[{"href":"https:\/\/undrcovrlab.com\/de\/wp-json\/wp\/v2\/media?parent=3516"}],"wp:term":[{"taxonomy":"product_brand","embeddable":true,"href":"https:\/\/undrcovrlab.com\/de\/wp-json\/wp\/v2\/product_brand?post=3516"},{"taxonomy":"product_cat","embeddable":true,"href":"https:\/\/undrcovrlab.com\/de\/wp-json\/wp\/v2\/product_cat?post=3516"},{"taxonomy":"product_tag","embeddable":true,"href":"https:\/\/undrcovrlab.com\/de\/wp-json\/wp\/v2\/product_tag?post=3516"}],"curies":[{"name":"wp","href":"https:\/\/api.w.org\/{rel}","templated":true}]}}