{"id":3852,"date":"2021-12-09T14:08:33","date_gmt":"2021-12-09T14:08:33","guid":{"rendered":"https:\/\/undrcovrlab.com\/?post_type=product&#038;p=3852"},"modified":"2026-01-14T16:24:21","modified_gmt":"2026-01-14T16:24:21","slug":"automatisches-bewasserungssystem-autopot-85","status":"publish","type":"product","link":"https:\/\/undrcovrlab.com\/de\/produkt\/automatisches-bewasserungssystem-autopot-85\/","title":{"rendered":"Autopot Bew\u00e4sserungs-Set | 2x 8,5L easy2grow &#038; 10L Big Drippa"},"content":{"rendered":"<p>Automatisches Bew\u00e4sserungssystem geeignet f\u00fcr <strong>UndrCovrLab L, S<\/strong> und <strong>UndrCovrlab XXS.<\/strong><\/p>\n<p>Dieses System hat sich bereits bew\u00e4hrt und ist f\u00fcr nahezu alle hochwachsenden Pflanzenarten geeignet. Tomaten, Chillies, Paprika etc.<\/p>\n<p>Das Bew\u00e4sserungs-Set besteht aus einer Wanne inkl. Wasserventil und zwei 8,5 Liter AutoPots und einem 10 Liter Wassersack.<\/p>\n<p>Der Wassersack wird an das easy2grow System angeschlossen, wodurch nur Wasser abgegeben wird, wenn dieses von den Pflanzen verbraucht wurde.<\/p>\n<p>Sobald die Pflanzen bis zum Wasservorrat Wurzeln gebildet haben, kann das System autark, also ohne aktives Gie\u00dfen betrieben werden.<\/p>\n<p>Je nach Wachstumsstadium und Gr\u00f6\u00dfe der Pflanzen, kann mit diesem Set eine Wasserversorgung von <strong>bis zu zwei Wochen sichergestellt werden*.<\/strong><\/p>\n<p><strong>*ZU BEACHTEN:<\/strong> Das System funktioniert erst autark, sobald die Pflanzen ihre Wurzeln bis zum Wasser, ca 5 cm vom Boden der T\u00f6pfe ausgebildet haben. In der Anzuchtphase muss manuell gegossen werden.<\/p>\n<p>D\u00fcnger werden je nach Anforderung der Pflanze mit dem Wasser gemischt. Mit einer Gie\u00dfkanne l\u00e4sst sich der Wassersack auff\u00fcllen, ohne dass er aus dem System entnommen werden muss.<\/p>\n<p>Im Lieferumfang befinden sich weitere Ventile die es erm\u00f6glichen den Wasserzulauf abzudrehen um den Beutel inkl. Wasser entnehmen zu k\u00f6nnen. (z.B. bei einer \u00dcberd\u00fcngung, Wassertausch, Wartung etc.)<\/p>\n<p>Der Wassersack nimmt kaum Platz ein und kann mit einem Haken oder Kabelbinder an einer Querstrebe unserer Zelte befestigt werden.<\/p>\n<p>Die N\u00e4hrl\u00f6sung kommt direkt an die Wurzeln und die Pflanzen bekommen was sie brauchen. Somit ist unten die N\u00e4hrl\u00f6sung also Wasser+D\u00fcnger und oben im Topf Sauerstoff.<\/p>\n<p>Hierdurch kommt mehr Sauerstoff an die Pflanzen und die richtige Menge Wasser. Dadurch werden h\u00f6here Ertr\u00e4ge bei der Pflanzenzucht erreicht und weniger Arbeit macht es auch.<\/p>\n<h3><strong>KURZANLEITUNG<\/strong><\/h3>\n<ol>\n<li>Es liegt eine Anleitung f\u00fcr den Anschluss des easy2grow Systems bei. Der Schlauch vom Autopot-System passt in diesem Fall zum Wassersack.<\/li>\n<li>Idealerweise wird ein Zwischenventil vom Wassersack zum Wasserventil eingebaut. Einfach den Schlauch an gew\u00fcnschter Stelle zerschneiden und das Ventil dazwischen stecken.<\/li>\n<li>Die T\u00f6pfe sollten vom Boden mit ca. f\u00fcnf Zentimetern mit gewaschenem Bl\u00e4hton gef\u00fcllt werden. Hierdurch wird f\u00fcr eine ideale Fl\u00fcssigkeitsverteilung gesorgt.<br \/>\nDirekt normale Erde am Boden wird aus mehreren Gr\u00fcnden nicht empfohlen &#8211; vergammelt, verstopft, etc.<\/li>\n<li>\u00dcber dem Bl\u00e4hton sollte eine Anzuchterde gestreut werden. So ist ein optimaler Betrieb wie vorgesehen gew\u00e4hrleistet. Der Bl\u00e4hton darf im Wasser stehen und die Wurzeln holen sich hier die N\u00e4hrstoffe.<\/li>\n<li>In der Anzuchterde finden die Pflanzen erstmal gen\u00fcgend N\u00e4hrstoffe. Sobald sie diese Durchwurzelt haben, erreichen sie den Bl\u00e4hton. Bis dies erreicht ist muss von oben gegossen werden.<br \/>\nAnhaltspunkt, die Tomatenpflanzen sind so hoch wie die Wurzeln fief sind. Das System funktioniert nur schlecht bei Flachwurzler, z.b. Apfelbaum.<\/li>\n<li>Sobald die Wurzeln von unten die N\u00e4hrstoffe und das Wasser erhalten, kann nach D\u00fcngeschema von hydroponischen D\u00fcngern vorgegangen werden.<\/li>\n<li>Die N\u00e4hrl\u00f6sung wird hierbei immer in den Wassersack gegeben. Von oben gie\u00dfen sollte dann die absolute Ausnahme darstellen.<\/li>\n<li>Unsere D\u00fcngerempfehlung f\u00fcr dieses System sind in der Auswahl w\u00e4hlbar und k\u00f6nnen direkt bestellt werden.<\/li>\n<li>Hydroponische Bio D\u00fcnger funktionieren auch, k\u00f6nnen aber das System weit schneller verstopfen da weitaus Ablagerungen entstehen.<\/li>\n<\/ol>\n<h3><strong>LIEFERUMFANG<\/strong><\/h3>\n<ul>\n<li>Easy2Grow Autopotsystem mit zwei 8,5 Liter T\u00f6pfen<\/li>\n<li>Big Drippa 10 Liter Wassersack Bew\u00e4sserungssystem<\/li>\n<\/ul>\n","protected":false},"excerpt":{"rendered":"<p><span style=\"font-weight: 400;\">\u2705\u00a0 <\/span>Kein t\u00e4gliches Gie\u00dfen! Mit diesem easy2grow + Big Drippa Bew\u00e4sserungsset kannst du Deine Pflanzen automatisch bew\u00e4ssern.<\/p>\n<p><span style=\"font-weight: 400;\">\u2705\u00a0 <\/span>Der 10 Liter Wassersack wird an das Autopot-System angeschlossen und versorgt die Pflanzen mit der Wasser-D\u00fcngerl\u00f6sung.<\/p>\n<p><span style=\"font-weight: 400;\">\u2705\u00a0 <\/span>Das patentierte AQAUAvalve steuert die Wasserversorgung zuverl\u00e4ssig ohne Strom und ger\u00e4uschlos.<\/p>\n<p><span style=\"font-weight: 400;\">\u2705\u00a0 G<\/span>eringere Verdunstung und h\u00f6herer Ertrag werden mit diesem System mit Leichtigkeit erreicht.<\/p>\n","protected":false},"featured_media":9029,"comment_status":"open","ping_status":"closed","template":"","meta":[],"product_brand":[],"product_cat":[195,203],"product_tag":[],"class_list":{"0":"post-3852","1":"product","2":"type-product","3":"status-publish","4":"has-post-thumbnail","6":"product_cat-zubehoer","7":"product_cat-bewaesserung-hydroponik","9":"first","10":"outofstock","11":"taxable","12":"shipping-taxable","13":"purchasable","14":"product-type-simple"},"_links":{"self":[{"href":"https:\/\/undrcovrlab.com\/de\/wp-json\/wp\/v2\/product\/3852","targetHints":{"allow":["GET"]}}],"collection":[{"href":"https:\/\/undrcovrlab.com\/de\/wp-json\/wp\/v2\/product"}],"about":[{"href":"https:\/\/undrcovrlab.com\/de\/wp-json\/wp\/v2\/types\/product"}],"replies":[{"embeddable":true,"href":"https:\/\/undrcovrlab.com\/de\/wp-json\/wp\/v2\/comments?post=3852"}],"wp:featuredmedia":[{"embeddable":true,"href":"https:\/\/undrcovrlab.com\/de\/wp-json\/wp\/v2\/media\/9029"}],"wp:attachment":[{"href":"https:\/\/undrcovrlab.com\/de\/wp-json\/wp\/v2\/media?parent=3852"}],"wp:term":[{"taxonomy":"product_brand","embeddable":true,"href":"https:\/\/undrcovrlab.com\/de\/wp-json\/wp\/v2\/product_brand?post=3852"},{"taxonomy":"product_cat","embeddable":true,"href":"https:\/\/undrcovrlab.com\/de\/wp-json\/wp\/v2\/product_cat?post=3852"},{"taxonomy":"product_tag","embeddable":true,"href":"https:\/\/undrcovrlab.com\/de\/wp-json\/wp\/v2\/product_tag?post=3852"}],"curies":[{"name":"wp","href":"https:\/\/api.w.org\/{rel}","templated":true}]}}