{"id":6021,"date":"2022-03-06T06:51:29","date_gmt":"2022-03-06T06:51:29","guid":{"rendered":"https:\/\/undrcovrlab.com\/?post_type=product&#038;p=6021"},"modified":"2026-01-14T16:24:23","modified_gmt":"2026-01-14T16:24:23","slug":"mini-abluftset-airontek-150m3-h-quietline","status":"publish","type":"product","link":"https:\/\/undrcovrlab.com\/de\/produkt\/mini-abluftset-airontek-150m3-h-quietline\/","title":{"rendered":"Mini-Abluftset | Airontek AKF 150 m3\/hr | Quietline DUO \u00f8100 |"},"content":{"rendered":"","protected":false},"excerpt":{"rendered":"<p>\u2705\u00a0 Mini-Abluftset mit Airontek Aktivkohlefilter \u00f8100mm Anschluss und150m3\/h.<\/p>\n<p>\u2705\u00a0 Zwei Stufen Rohrventilator Quietline DUO mit 75 m3\/h bei 22dBA und 100m3\/h bei nur 25dBA.<\/p>\n<p>\u2705\u00a0 Geeignet zur Bel\u00fcftung von UndrCovrLab SP, XS und XXS. Empfohlene Anbaufl\u00e4che im LED-Betrieb von 40x40cm.<\/p>\n<p>\u2705\u00a0 Das Set kommt unmontiert mit allem n\u00f6tigem Zubeh\u00f6r um es direkt betreiben zu k\u00f6nnen.<\/p>\n","protected":false},"featured_media":6026,"comment_status":"open","ping_status":"closed","template":"","meta":[],"product_brand":[],"product_cat":[198],"product_tag":[161,206,207,208,209],"class_list":{"0":"post-6021","1":"product","2":"type-product","3":"status-publish","4":"has-post-thumbnail","6":"product_cat-luft","7":"product_tag-abluftset","8":"product_tag-klimaset","9":"product_tag-lueftungsset","10":"product_tag-growluefter","11":"product_tag-mini-abluftset","13":"first","14":"outofstock","15":"taxable","16":"shipping-taxable","17":"purchasable","18":"product-type-variable"},"_links":{"self":[{"href":"https:\/\/undrcovrlab.com\/de\/wp-json\/wp\/v2\/product\/6021","targetHints":{"allow":["GET"]}}],"collection":[{"href":"https:\/\/undrcovrlab.com\/de\/wp-json\/wp\/v2\/product"}],"about":[{"href":"https:\/\/undrcovrlab.com\/de\/wp-json\/wp\/v2\/types\/product"}],"replies":[{"embeddable":true,"href":"https:\/\/undrcovrlab.com\/de\/wp-json\/wp\/v2\/comments?post=6021"}],"wp:featuredmedia":[{"embeddable":true,"href":"https:\/\/undrcovrlab.com\/de\/wp-json\/wp\/v2\/media\/6026"}],"wp:attachment":[{"href":"https:\/\/undrcovrlab.com\/de\/wp-json\/wp\/v2\/media?parent=6021"}],"wp:term":[{"taxonomy":"product_brand","embeddable":true,"href":"https:\/\/undrcovrlab.com\/de\/wp-json\/wp\/v2\/product_brand?post=6021"},{"taxonomy":"product_cat","embeddable":true,"href":"https:\/\/undrcovrlab.com\/de\/wp-json\/wp\/v2\/product_cat?post=6021"},{"taxonomy":"product_tag","embeddable":true,"href":"https:\/\/undrcovrlab.com\/de\/wp-json\/wp\/v2\/product_tag?post=6021"}],"curies":[{"name":"wp","href":"https:\/\/api.w.org\/{rel}","templated":true}]}}