{"id":8122,"date":"2023-01-28T13:14:16","date_gmt":"2023-01-28T13:14:16","guid":{"rendered":"https:\/\/undrcovrlab.com\/?post_type=product&#038;p=8122"},"modified":"2026-01-14T16:24:20","modified_gmt":"2026-01-14T16:24:20","slug":"hortione-420","status":"publish","type":"product","link":"https:\/\/undrcovrlab.com\/de\/produkt\/hortione-420\/","title":{"rendered":"HortiOne 420 | 150 Watt | Vollspektrum Led Grow Lampe |"},"content":{"rendered":"<p>Die hortiONE 420 LED ist eine hochwertige LED Pflanzenlampe mit 150W Leistung und max. Stromverbrauch. Die Lampe ist f\u00fcr Growboxen und Growzelte von 60x60cm bis 80x80cm Grundf\u00e4che geeignet. Im Vergleich zur hortiONE 268 hat die 420er eine verbesserte Effizienz von 2.9 \u00b5mol\/J und ein verbessertes Lichtspektrum f\u00fcr die Bl\u00fctephase. Hohe Homogenit\u00e4t und mehr LEDs an den R\u00e4ndern sorgen f\u00fcr eine dichtere Ausleuchtung der Anbaufl\u00e4che sogar an den R\u00e4ndern deiner Growbox.<\/p>\n<p>Mit einem Hybrid-LED-Aufbau und tiefrotem Spektrum bietet diese zuverl\u00e4ssige und effiziente LED Grow Lampe Leistung f\u00fcr alle Wachstumsphasen bei passiver, ger\u00e4uschl\u00f6ser K\u00fchlung.<\/p>\n<p>Wir empfehlen die <strong>HortiONE 420<\/strong> f\u00fcr unsere Zelte <a href=\"https:\/\/undrcovrlab.com\/de\/produkt\/undrcovrlab-s-stealth-growzelt\/\">UndrCovrLab S<\/a> und <a href=\"https:\/\/undrcovrlab.com\/de\/produkt\/undrcovrlab-m-growzelt-im-schrankformat\/\">UndrCovrLab M<\/a>.<\/p>\n<p>HortiONE 600 ist leider etwas zu breit f\u00fcr unsere Growzelte.<\/p>\n<p>Hortione Dimmer sind separat erh\u00e4ltlich.<\/p>\n<h3>Jetzt auch im Bundle mit passendem Abluft Set erh\u00e4ltlich.<\/h3>\n<ul>\n<li>UndrCovrLab S Starter Bundle<\/li>\n<li>UndrCovrLab M Starter Bundle<\/li>\n<\/ul>\n<h2><\/h2>\n<h3 class=\"accordion_title\"><\/p>\n<h2>Produktfragen und Antworten zu HortiONE 420<\/h2>\n<p><\/h3><div class=\"accordion\">\n\t<div id=\"accordion-2048099378\" class=\"accordion-item\">\n\t\t<a id=\"accordion-2048099378-label\" class=\"accordion-title plain\" href=\"#accordion-item-welche-leistung-hat-die-hortione-420-led?\" aria-expanded=\"false\" aria-controls=\"accordion-2048099378-content\">\n\t\t\t<button class=\"toggle\" aria-label=\"Umschalten\"><i class=\"icon-angle-down\" aria-hidden=\"true\"><\/i><\/button>\n\t\t\t<span>Welche Leistung hat die hortiONE-420 LED?<\/span>\n\t\t<\/a>\n\t\t<div id=\"accordion-2048099378-content\" class=\"accordion-inner\" aria-labelledby=\"accordion-2048099378-label\">\n\t\t\t\nDie hortiONE-420 LED hat eine Leistung von 150W.<br \/>\n\t\t<\/div>\n\t<\/div>\n\t\n\t<div id=\"accordion-551259471\" class=\"accordion-item\">\n\t\t<a id=\"accordion-551259471-label\" class=\"accordion-title plain\" href=\"#accordion-item-wie-viele-led&#039;s-hat-die-hortione-420?\" aria-expanded=\"false\" aria-controls=\"accordion-551259471-content\">\n\t\t\t<button class=\"toggle\" aria-label=\"Umschalten\"><i class=\"icon-angle-down\" aria-hidden=\"true\"><\/i><\/button>\n\t\t\t<span>Wie viele LED's hat die hortiONE-420?<\/span>\n\t\t<\/a>\n\t\t<div id=\"accordion-551259471-content\" class=\"accordion-inner\" aria-labelledby=\"accordion-551259471-label\">\n\t\t\t\nDie hortiONE-420 hat 420 LED&#8217;s.<br \/>\n\t\t<\/div>\n\t<\/div>\n\t\n\t<div id=\"accordion-4172262636\" class=\"accordion-item\">\n\t\t<a id=\"accordion-4172262636-label\" class=\"accordion-title plain\" href=\"#accordion-item-was-ist-im-lieferumfang-enthalten?\" aria-expanded=\"false\" aria-controls=\"accordion-4172262636-content\">\n\t\t\t<button class=\"toggle\" aria-label=\"Umschalten\"><i class=\"icon-angle-down\" aria-hidden=\"true\"><\/i><\/button>\n\t\t\t<span>Was ist im Lieferumfang enthalten?<\/span>\n\t\t<\/a>\n\t\t<div id=\"accordion-4172262636-content\" class=\"accordion-inner\" aria-labelledby=\"accordion-4172262636-label\">\n\t\t\t\nIm Lieferumfang der hortiONE-420 LED ist ein Netzteil mit 150W enthalten.<br \/>\n\t\t<\/div>\n\t<\/div>\n\t\n<\/div>\n","protected":false},"excerpt":{"rendered":"<p><span style=\"font-weight: 400;\">\u2705 Die HortiOne 420 V2 LED Pflanzenlampe besteht aus 360 Seoul-Semiconductor-LEDs [STW8C12C]und 8 Osram Oslon [CSSRM3.24] Mid Power LEDs. Damit erreicht es eine Modul Effizienz von 2.7 \u03bcmol\/J.\u00a0<\/span><\/p>\n<p><span style=\"font-weight: 400;\">\u2705 VOLLSPEKTRUM LICHT mit 3500 Kelvin. Deine Pflanzen bekommen von Anzucht bis zur Ernte ein ausgeglichenes Lichtspektrum.<\/span><\/p>\n<p><span style=\"font-weight: 400;\">\u2705 ABSOLUT GER\u00c4USCHLOS durch PASSIVE K\u00dcHLUNG: Die hier, direkt auf dem Alu-Blech verbauten LEDs erzeugen so wenig Abw\u00e4rme, dass eine passive K\u00fchlung bei trotzdem langer Lebensdauer von ca. 50.000 Std., ausreichend ist.<\/span><\/p>\n<p><span style=\"font-weight: 400;\">\u2705 FAIRER PREIS bei langer LEBENSDAUER und 2 Jahre Herstellergarantie.<\/span><\/p>\n","protected":false},"featured_media":8441,"comment_status":"open","ping_status":"closed","template":"","meta":[],"product_brand":[],"product_cat":[196],"product_tag":[169],"class_list":{"0":"post-8122","1":"product","2":"type-product","3":"status-publish","4":"has-post-thumbnail","6":"product_cat-licht","7":"product_tag-led-grow-lampe","9":"first","10":"outofstock","11":"taxable","12":"shipping-taxable","13":"purchasable","14":"product-type-simple"},"_links":{"self":[{"href":"https:\/\/undrcovrlab.com\/de\/wp-json\/wp\/v2\/product\/8122","targetHints":{"allow":["GET"]}}],"collection":[{"href":"https:\/\/undrcovrlab.com\/de\/wp-json\/wp\/v2\/product"}],"about":[{"href":"https:\/\/undrcovrlab.com\/de\/wp-json\/wp\/v2\/types\/product"}],"replies":[{"embeddable":true,"href":"https:\/\/undrcovrlab.com\/de\/wp-json\/wp\/v2\/comments?post=8122"}],"wp:featuredmedia":[{"embeddable":true,"href":"https:\/\/undrcovrlab.com\/de\/wp-json\/wp\/v2\/media\/8441"}],"wp:attachment":[{"href":"https:\/\/undrcovrlab.com\/de\/wp-json\/wp\/v2\/media?parent=8122"}],"wp:term":[{"taxonomy":"product_brand","embeddable":true,"href":"https:\/\/undrcovrlab.com\/de\/wp-json\/wp\/v2\/product_brand?post=8122"},{"taxonomy":"product_cat","embeddable":true,"href":"https:\/\/undrcovrlab.com\/de\/wp-json\/wp\/v2\/product_cat?post=8122"},{"taxonomy":"product_tag","embeddable":true,"href":"https:\/\/undrcovrlab.com\/de\/wp-json\/wp\/v2\/product_tag?post=8122"}],"curies":[{"name":"wp","href":"https:\/\/api.w.org\/{rel}","templated":true}]}}