{"id":8996,"date":"2023-04-30T11:16:47","date_gmt":"2023-04-30T11:16:47","guid":{"rendered":"https:\/\/undrcovrlab.com\/?post_type=product&#038;p=8996"},"modified":"2024-08-16T10:21:59","modified_gmt":"2024-08-16T10:21:59","slug":"abluftset-klimasteuerung-vents-ttun","status":"publish","type":"product","link":"https:\/\/undrcovrlab.com\/de\/produkt\/abluftset-klimasteuerung-vents-ttun\/","title":{"rendered":"Abluftset mit Klimasteuerung | VENTS TT UN | Prima Klima K2600 Eco"},"content":{"rendered":"<h3>Abluftset mit temperaturgeregelter Klimasteuerung und schallisolierenden Abluftschlauch<\/h3>\n<p>Mit diesem Klimaset wird es m\u00f6glich die Temperatur automatisiert unter Kontrolle zu halten. Der L\u00fcfter mit integrierter Drehzahlregelung kann bei Volllast bis zu 280m3\/h absaugen und l\u00e4sst sich optimal auf den mitgelieferten Aktivkohlefilter bei ca. 180m3\/hr einstellen und arbeitet dabei bei sehr leise.<\/p>\n<h3>Vents TT UN &#8211; Ventilator mit elektronischem Drehzahlregelungsmodul und Temperatursensor<\/h3>\n<p>Der Vents TT 125 UN &#8211; ist ein leiser, halbradialer Rohrventilator mit elektronischer Temperaturabh\u00e4ngiger Schaltung und Geschwindigkeitsstellung im An\/Aus-Modus. Automatische Anpassung der Ventilatorgeschwindigkeit in Abh\u00e4ngigkeit der Umgebungstemperatur.<\/p>\n<p>Das Bedienmodul ist mit zwei Drehreglern ausgestattet, mit denen die minimale Ventilatorgeschwindigkeit und die maximale Raumtemperatur eingestellt werden k\u00f6nnen. Das Modul verf\u00fcgt \u00fcber einen Temperatursensor mit einer 4 Meter langen Leitung zum Sensor der von 20-30\u00b0 Celius eingestellt werden kann. Die Ventilatoreinstellung ist von 0-100% stufenlos.<\/p>\n<p>So kann der L\u00fcfter automatisch nach Temperatur w\u00e4hrend des Lichtzyklus einschalten und sobald das Licht ausgeschalten ist und die Temperatur in der Growbox gesunken ist ausschalten. Dies ist keine direkte Empfehlung f\u00fcr die Anwendung, sondern erkl\u00e4rt die Funktionsweise.<\/p>\n<p>Der L\u00fcfter l\u00e4sst sich auch <strong>ohne<\/strong> Temperaturfunktion stufenlos regeln (dimmen). Bei ca. 65% erreicht der L\u00fcfter eine technische Absaugleistung von 180m3\/hr und kann kontinuierlich betreiben werden.<br \/>\nHierzu die Temperatur auf das Minimum drehen und die gew\u00fcnschte Geschwindigkeit einstellen.<\/p>\n<h3>Prima Klima K2600 Aktivkohlefilter<\/h3>\n<p>Eco Line &#8211; steht f\u00fcr: Geruchsbeseitigung mit unschlagbarem Preis-Leistungs-Verh\u00e4ltnis. Leistungsstarke Luftreinigung durch ein 3 cm dickes Aktivkohlebett aus CTC75-Aktivkohlepellets mit einer Oberfl\u00e4che von &gt;1200 m\u00b2\/g. Die gleiche erstklassigen Qualit\u00e4t wie bei den Industry Line Modellen von Prima Klima. Hochwertige Metallkomponenten gew\u00e4hrleisten maximale Stabilit\u00e4t und Langlebigkeit. Der Flansch erm\u00f6glicht eine sichere Verbindung zum Rohrventilator und die Kohle l\u00e4sst sich tauschen.<\/p>\n<p><strong>Maximaler Airflow:<\/strong> 360 m\u00b3\/h<br \/>\n<strong>Optimaler Airflow:<\/strong> 240 m\u00b3\/h<br \/>\n<strong>Minimaler Airflow:<\/strong> 180m3\/h &#8211; l\u00e4ngste Haltedauer<\/p>\n<h3>Zubeh\u00f6r<\/h3>\n<ul>\n<li><strong>Phonic Trab<\/strong> &#8211; mineralwollefreier, schallisolierender Abluftschlauch, ca. 80cm l\u00e4nge.<br \/>\n<strong>Rohrmanschette mit Moogummieinlage<\/strong> zur Verbindung des Ventilators mit dem Aktivkohlefilter<br \/>\n<strong>Rohrschelle<\/strong> f\u00fcr die Verbindung von Rohrventilator und Abluftschlauch<\/li>\n<li><strong>Ben\u00f6tigtes Werkzeug: <\/strong>Kreuzschraubendreher oder besser Akkuschrauber, Cuttermesser oder scharfe Schere, evtl. Seitenschneider\/Kombizange um den Abluftschlauch zu k\u00fcrzen.<\/li>\n<\/ul>\n","protected":false},"excerpt":{"rendered":"<p><strong>G\u00fcnstiges Abluftset mit Temperaturgesteuerter Klimasteuerung:<\/strong><\/p>\n<ul>\n<li>Verschiedene Varianten w\u00e4hlbar<\/li>\n<li>Abgestimme Komponeten f\u00fcr effektive Abluftfilterung bis max. 280m3\/hr<\/li>\n<li>Vents TTUN Rohrventilator mit Drehzahl- und Temperaturfunktion (27-36 dBA), verkabelt<\/li>\n<li>Prima Klima K2600 Eco max. 360m3\/h<\/li>\n<li>Phonic Trap in passender Gr\u00f6\u00dfe ca. 80 cm L\u00e4nge<\/li>\n<li>Zubeh\u00f6r: Moosgummimanschette, Rohrklemme<\/li>\n<\/ul>\n<p>Empfehlung f\u00fcr UndrCovrLab M und UndrCovrLab S oder Growboxen bis zu einer Gr\u00f6\u00dfe 100x100x200cm.<\/p>\n","protected":false},"featured_media":9179,"comment_status":"closed","ping_status":"closed","template":"","meta":[],"product_brand":[],"product_cat":[198],"product_tag":[306],"class_list":{"0":"post-8996","1":"product","2":"type-product","3":"status-publish","4":"has-post-thumbnail","6":"product_cat-luft","7":"product_tag-abluftset-klimasteuerung","9":"first","10":"outofstock","11":"sale","12":"taxable","13":"shipping-taxable","14":"purchasable","15":"product-type-variable"},"_links":{"self":[{"href":"https:\/\/undrcovrlab.com\/de\/wp-json\/wp\/v2\/product\/8996","targetHints":{"allow":["GET"]}}],"collection":[{"href":"https:\/\/undrcovrlab.com\/de\/wp-json\/wp\/v2\/product"}],"about":[{"href":"https:\/\/undrcovrlab.com\/de\/wp-json\/wp\/v2\/types\/product"}],"replies":[{"embeddable":true,"href":"https:\/\/undrcovrlab.com\/de\/wp-json\/wp\/v2\/comments?post=8996"}],"wp:featuredmedia":[{"embeddable":true,"href":"https:\/\/undrcovrlab.com\/de\/wp-json\/wp\/v2\/media\/9179"}],"wp:attachment":[{"href":"https:\/\/undrcovrlab.com\/de\/wp-json\/wp\/v2\/media?parent=8996"}],"wp:term":[{"taxonomy":"product_brand","embeddable":true,"href":"https:\/\/undrcovrlab.com\/de\/wp-json\/wp\/v2\/product_brand?post=8996"},{"taxonomy":"product_cat","embeddable":true,"href":"https:\/\/undrcovrlab.com\/de\/wp-json\/wp\/v2\/product_cat?post=8996"},{"taxonomy":"product_tag","embeddable":true,"href":"https:\/\/undrcovrlab.com\/de\/wp-json\/wp\/v2\/product_tag?post=8996"}],"curies":[{"name":"wp","href":"https:\/\/api.w.org\/{rel}","templated":true}]}}