{"id":9032,"date":"2023-05-14T11:15:45","date_gmt":"2023-05-14T11:15:45","guid":{"rendered":"https:\/\/undrcovrlab.com\/?post_type=product&#038;p=9032"},"modified":"2026-01-14T16:24:27","modified_gmt":"2026-01-14T16:24:27","slug":"autopot-bewaesserung-2x15l-1pot","status":"publish","type":"product","link":"https:\/\/undrcovrlab.com\/de\/produkt\/autopot-bewaesserung-2x15l-1pot\/","title":{"rendered":"Autopot Bew\u00e4sserungs-Set | 2x15L &#038; 10L Big Drippa"},"content":{"rendered":"<h3>Automatisches Bew\u00e4sserungssystem f\u00fcr UndrCovrLab S und UndrCovrLab M.<\/h3>\n<div>Dieses System hat sich bew\u00e4hrt und ist f\u00fcr fast alle hochwachsenden Pflanzenarten geeignet. Tomaten, Chili, Paprika etc.<\/div>\n<div><\/div>\n<div>Das Bew\u00e4sserungsset besteht aus zwei 15 Liter Autopots und einem 10 Liter Wassersack (Big Drippa).<\/div>\n<div><\/div>\n<div>Der Wassersack wird an das easy2grow System angeschlossen und gibt nur dann Wasser ab, wenn die Pflanzen es ben\u00f6tigen.<\/div>\n<div><\/div>\n<div>Sobald die Pflanzen den Wasservorrat durchwurzelt haben, kann das System autark, d.h. ohne aktives Gie\u00dfen, betrieben werden.<\/div>\n<div><\/div>\n<div>Je nach Wachstumsstadium und Gr\u00f6\u00dfe der Pflanzen kann mit diesem Set eine Wasserversorgung von bis zu zwei Wochen sichergestellt werden.<\/div>\n<div><\/div>\n<div><strong>HINWEIS:<\/strong> Das System funktioniert erst dann autark, wenn die Pflanzen ihre Wurzeln bis ins Wasser, ca. 5 cm \u00fcber dem Topfboden, ausgebildet haben. W\u00e4hrend der Anzuchtphase kann von oben wie auf Erde gegossen werden.<br \/>\nD\u00fcnger, die der Erde beigemischt werden sollen gelegentlich von von oben befeuchtet werden, z.B. Hornsp\u00e4ne, Florganics, BioTabs etc.<\/div>\n<div><\/div>\n<div>D\u00fcnger wird je nach Bedarf der Pflanze mit dem Wasser vermischt. Mit einer Gie\u00dfkanne kann der Wassersack aufgef\u00fcllt werden, ohne dass er aus dem System genommen werden muss.<\/div>\n<div><\/div>\n<div>Das Bew\u00e4sserungsset enth\u00e4lt Ventile, mit denen die Wasserzufuhr abgestellt werden kann, um den Wassersack samt Wasser tropffrei zu entnehmen. Dies ist besonders n\u00fctzlich, wenn das Wasser gewechselt werden muss, um z.B. die D\u00fcngerdosierung anzupassen.<\/div>\n<div><\/div>\n<div>Der Wassersack nimmt kaum Platz weg und kann mit einem Haken oder Kabelbinder an einer Querstrebe unserer Anzuchtzelte befestigt werden.<\/div>\n<div><\/div>\n<div>Die N\u00e4hrl\u00f6sung gelangt direkt an die Wurzeln und die Pflanzen bekommen, was sie brauchen, ohne sich st\u00e4ndig Gedanken \u00fcber die richtige Gie\u00dfmenge machen zu m\u00fcssen. Unten ist also die N\u00e4hrl\u00f6sung, also Wasser + D\u00fcnger und oben im Topf bekommt die Pflanze Sauerstoff.<\/div>\n<div><\/div>\n<div>Dies erm\u00f6glicht ein enormes Wachstum und gesunde Pflanzen bei geringem Wasserverbrauch.<\/div>\n<h3><strong>KURZANLEITUNG<\/strong><\/h3>\n<ol>\n<li>Eine Anleitung zum Anschluss des easy2grow-Systems liegt bei. Der Schlauch des Autopot-Systems passt in den Anschluss zum Wassersack.<\/li>\n<li>Idealerweise wird ein Zwischenventil zwischen Wassersack und Wasserventil eingebaut. Einfach den Schlauch an der gew\u00fcnschten Stelle durchschneiden und das Ventil dazwischen setzen.<\/li>\n<li>Die T\u00f6pfe sollten vom Boden aus ca. f\u00fcnf Zentimeter hoch mit gewaschenem Bl\u00e4hton gef\u00fcllt werden. Dadurch wird eine optimale Fl\u00fcssigkeitsverteilung gew\u00e4hrleistet.<\/li>\n<li>Normale Erde direkt auf dem Boden ist aus mehreren Gr\u00fcnden nicht zu empfehlen &#8211; F\u00e4ulnis, Verstopfung, etc.<\/li>\n<li>\u00dcber den Bl\u00e4hton kann eine Schicht Perlite gestreut werden. Dar\u00fcber kann mit LightMix, Anzuchterde oder Kokos aufgef\u00fcllt werden. So ist eine optimale Funktion wie vorgesehen gew\u00e4hrleistet. Der Bl\u00e4hton kann im Wasser stehen und die Wurzeln holen sich hier die N\u00e4hrstoffe.<\/li>\n<li>In der Anzuchterde finden die Pflanzen zun\u00e4chst gen\u00fcgend N\u00e4hrstoffe. Sobald sie diese durchwurzelt haben, erreichen sie den Bl\u00e4hton. Bis dies der Fall ist, muss von oben gegossen werden.<br \/>\nAls Anhaltspunkt: Tomatenpflanzen sind so hoch, wie die Wurzeln tief reichen. Bei Flachwurzlern, z.B. Apfelb\u00e4umen, funktioniert das System weniger gut.<\/li>\n<li>Sobald die Wurzeln von unten mit N\u00e4hrstoffen und Wasser versorgt sind, kann nach dem D\u00fcngeschema der Hydrokultur vorgegangen werden.<\/li>\n<li>Dabei wird die N\u00e4hrl\u00f6sung immer in den Wassersack gegeben. Gie\u00dfen von oben sollte dann die absolute Ausnahme sein.<\/li>\n<li>Unsere D\u00fcngerempfehlungen f\u00fcr dieses System sind in der Auswahl w\u00e4hlbar und k\u00f6nnen direkt bestellt werden.<\/li>\n<li>Hydroponische Biod\u00fcnger funktionieren auch, k\u00f6nnen aber das System viel schneller verstopfen, da sich viel mehr Ablagerungen bilden.<\/li>\n<\/ol>\n<h3><strong>LIEFERUMFANG<\/strong><\/h3>\n<ul>\n<li>2x Easy2Grow Autopotsystem mit 15 Liter T\u00f6pfen<\/li>\n<li>1x Big Drippa 10 Liter Wassersack Bew\u00e4sserungssystem<\/li>\n<\/ul>\n","protected":false},"excerpt":{"rendered":"<p><span style=\"font-weight: 400;\">\u2705\u00a0 <\/span>Kein t\u00e4gliches Gie\u00dfen mehr! Mit diesem easy2grow &amp; Big Drippa Bew\u00e4sserungsset kannst du Deine Pflanzen automatisch bew\u00e4ssern.<\/p>\n<p><span style=\"font-weight: 400;\">\u2705\u00a0 <\/span>Der 10 Liter Wassersack wird mit dem zwei 15 Liter Autopots verbunden und versorgt die Pflanzen mit der Wasser-D\u00fcngerl\u00f6sung.<\/p>\n<p><span style=\"font-weight: 400;\">\u2705\u00a0 <\/span>Das patentierte AQAUAvalve steuert die Wasserversorgung zuverl\u00e4ssig ohne Strom und ger\u00e4uschlos.<\/p>\n<p><span style=\"font-weight: 400;\">\u2705\u00a0 G<\/span>eringere Verdunstung und h\u00f6herer Ertrag werden mit diesem System mit Leichtigkeit erreicht.<\/p>\n","protected":false},"featured_media":9189,"comment_status":"open","ping_status":"closed","template":"","meta":[],"product_brand":[],"product_cat":[203],"product_tag":[],"class_list":{"0":"post-9032","1":"product","2":"type-product","3":"status-publish","4":"has-post-thumbnail","6":"product_cat-bewaesserung-hydroponik","8":"first","9":"outofstock","10":"sale","11":"taxable","12":"shipping-taxable","13":"purchasable","14":"product-type-simple"},"_links":{"self":[{"href":"https:\/\/undrcovrlab.com\/de\/wp-json\/wp\/v2\/product\/9032","targetHints":{"allow":["GET"]}}],"collection":[{"href":"https:\/\/undrcovrlab.com\/de\/wp-json\/wp\/v2\/product"}],"about":[{"href":"https:\/\/undrcovrlab.com\/de\/wp-json\/wp\/v2\/types\/product"}],"replies":[{"embeddable":true,"href":"https:\/\/undrcovrlab.com\/de\/wp-json\/wp\/v2\/comments?post=9032"}],"wp:featuredmedia":[{"embeddable":true,"href":"https:\/\/undrcovrlab.com\/de\/wp-json\/wp\/v2\/media\/9189"}],"wp:attachment":[{"href":"https:\/\/undrcovrlab.com\/de\/wp-json\/wp\/v2\/media?parent=9032"}],"wp:term":[{"taxonomy":"product_brand","embeddable":true,"href":"https:\/\/undrcovrlab.com\/de\/wp-json\/wp\/v2\/product_brand?post=9032"},{"taxonomy":"product_cat","embeddable":true,"href":"https:\/\/undrcovrlab.com\/de\/wp-json\/wp\/v2\/product_cat?post=9032"},{"taxonomy":"product_tag","embeddable":true,"href":"https:\/\/undrcovrlab.com\/de\/wp-json\/wp\/v2\/product_tag?post=9032"}],"curies":[{"name":"wp","href":"https:\/\/api.w.org\/{rel}","templated":true}]}}