{"id":9627,"date":"2024-03-24T12:27:26","date_gmt":"2024-03-24T12:27:26","guid":{"rendered":"https:\/\/undrcovrlab.com\/?post_type=product&#038;p=9627"},"modified":"2024-04-08T09:23:18","modified_gmt":"2024-04-08T09:23:18","slug":"ram-aktivkohlefilter-170m3-hr-oe100mm","status":"publish","type":"product","link":"https:\/\/undrcovrlab.com\/de\/produkt\/ram-aktivkohlefilter-170m3-hr-oe100mm\/","title":{"rendered":"RAM Aktivkohlefilter | 170m3\/hr | \u00f8100mm"},"content":{"rendered":"<p>RAM Aktivkohlefilter, 170 m\u00b3\/h, \u00f8 100 mm Anschlussflansch Die RAM Aktivkohle Filter-Serie ist eine Reihe von professionellen Filtern, die speziell f\u00fcr den Grower entwickelt wurden. Sie sind einfach zu bedienen und bieten ein gutes Preis-Leistungs-Verh\u00e4ltnis.<\/p>\n<p>Der Filter enth\u00e4lt einen neuen australischen RC412-Kohlenstoff, der allgemein als einer der besten Kohlenstoffe f\u00fcr die Luftfiltration angesehen wird. Er hat einen sehr niedrigen Aschegehalt (weniger als 13 %) und ist ein unbehandeltes, granuliertes Produkt, welches sehr stark verdichtet werden kann. Auf diese Weise hinterl\u00e4sst er keine Luftr\u00e4ume, aus denen organische Verbindungen (Ger\u00fcche) entweichen k\u00f6nnen.<\/p>\n<p>Die RAM Pro Aktivkohlefilter verf\u00fcgen \u00fcber eine Kohlenstoffporengr\u00f6\u00dfe von 0,02 Mikron, wodurch fl\u00fcchtige organische Ger\u00fcche weitaus besser absorbiert werden k\u00f6nnen. Beim Bef\u00fcllen wird durch Inline-Trocknen und Entfeuchten sichergestellt, dass sich der Kohlenstoff in einem Spitzenzustand befindet, bevor der Filter verdichtet wird.<\/p>\n<p>Ein spezieller Expansionsschaum am Filterstutzen sorgt daf\u00fcr, dass die Verdichtungsrate der Kohle jederzeit hoch bleibt.<\/p>\n<p>&nbsp;<\/p>\n","protected":false},"excerpt":{"rendered":"<p><span style=\"font-weight: 400;\">\u2705 <\/span>RAM Aktivkohlefilter, 170 m\u00b3\/h, \u00f8 100 mm Anschlussflansch<\/p>\n<p><span style=\"font-weight: 400;\">\u2705 Extra Filtervlies<\/span><\/p>\n<p><span style=\"font-weight: 400;\">\u2705 Kompakte Ma\u00dfe<\/span><\/p>\n<p>&nbsp;<\/p>\n","protected":false},"featured_media":9628,"comment_status":"open","ping_status":"closed","template":"","meta":[],"product_brand":[],"product_cat":[198],"product_tag":[163],"class_list":{"0":"post-9627","1":"product","2":"type-product","3":"status-publish","4":"has-post-thumbnail","6":"product_cat-luft","7":"product_tag-aktivkohlefilter","9":"first","10":"outofstock","11":"sale","12":"taxable","13":"shipping-taxable","14":"purchasable","15":"product-type-simple"},"_links":{"self":[{"href":"https:\/\/undrcovrlab.com\/de\/wp-json\/wp\/v2\/product\/9627","targetHints":{"allow":["GET"]}}],"collection":[{"href":"https:\/\/undrcovrlab.com\/de\/wp-json\/wp\/v2\/product"}],"about":[{"href":"https:\/\/undrcovrlab.com\/de\/wp-json\/wp\/v2\/types\/product"}],"replies":[{"embeddable":true,"href":"https:\/\/undrcovrlab.com\/de\/wp-json\/wp\/v2\/comments?post=9627"}],"wp:featuredmedia":[{"embeddable":true,"href":"https:\/\/undrcovrlab.com\/de\/wp-json\/wp\/v2\/media\/9628"}],"wp:attachment":[{"href":"https:\/\/undrcovrlab.com\/de\/wp-json\/wp\/v2\/media?parent=9627"}],"wp:term":[{"taxonomy":"product_brand","embeddable":true,"href":"https:\/\/undrcovrlab.com\/de\/wp-json\/wp\/v2\/product_brand?post=9627"},{"taxonomy":"product_cat","embeddable":true,"href":"https:\/\/undrcovrlab.com\/de\/wp-json\/wp\/v2\/product_cat?post=9627"},{"taxonomy":"product_tag","embeddable":true,"href":"https:\/\/undrcovrlab.com\/de\/wp-json\/wp\/v2\/product_tag?post=9627"}],"curies":[{"name":"wp","href":"https:\/\/api.w.org\/{rel}","templated":true}]}}